{"id":8772,"date":"2023-09-04T09:32:21","date_gmt":"2023-09-04T08:32:21","guid":{"rendered":"https:\/\/www.ecofirma.co.ao\/?page_id=8772"},"modified":"2024-03-13T20:09:53","modified_gmt":"2024-03-13T19:09:53","slug":"desinfeccao-espacos-interiores","status":"publish","type":"page","link":"https:\/\/www.ecofirma.co.ao\/pt\/servicos\/desinfeccao-espacos-interiores\/","title":{"rendered":"Desinfec\u00e7\u00e3o de Espa\u00e7os Interiores"},"content":{"rendered":"\t\t<div data-elementor-type=\"wp-page\" data-elementor-id=\"8772\" class=\"elementor elementor-8772\" data-elementor-post-type=\"page\">\n\t\t\t\t<div class=\"elementor-element elementor-element-a4f5442 e-con-full e-flex e-con e-parent\" data-id=\"a4f5442\" data-element_type=\"container\" data-e-type=\"container\" data-settings=\"{&quot;background_background&quot;:&quot;classic&quot;}\">\n\t\t<div class=\"elementor-element elementor-element-bfae7e1 e-flex e-con-boxed e-con e-child\" data-id=\"bfae7e1\" data-element_type=\"container\" data-e-type=\"container\">\n\t\t\t\t\t<div class=\"e-con-inner\">\n\t\t\t\t<div class=\"elementor-element elementor-element-39e1ad8 elementor-widget elementor-widget-image\" data-id=\"39e1ad8\" data-element_type=\"widget\" data-e-type=\"widget\" id=\"#icon\" data-settings=\"{&quot;motion_fx_motion_fx_mouse&quot;:&quot;yes&quot;,&quot;motion_fx_mouseTrack_effect&quot;:&quot;yes&quot;,&quot;motion_fx_mouseTrack_speed&quot;:{&quot;unit&quot;:&quot;px&quot;,&quot;size&quot;:0.1000000000000000055511151231257827021181583404541015625,&quot;sizes&quot;:[]},&quot;motion_fx_tilt_effect&quot;:&quot;yes&quot;,&quot;motion_fx_tilt_speed&quot;:{&quot;unit&quot;:&quot;px&quot;,&quot;size&quot;:2,&quot;sizes&quot;:[]}}\" data-widget_type=\"image.default\">\n\t\t\t\t<div class=\"elementor-widget-container\">\n\t\t\t\t\t\t\t\t\t\t\t\t\t\t\t<img fetchpriority=\"high\" decoding=\"async\" width=\"800\" height=\"800\" src=\"https:\/\/www.ecofirma.co.ao\/wp-content\/uploads\/2023\/09\/icon-2_VVV-copy.png\" class=\"attachment-large size-large wp-image-8777\" alt=\"\" srcset=\"https:\/\/www.ecofirma.co.ao\/wp-content\/uploads\/2023\/09\/icon-2_VVV-copy.png 834w, https:\/\/www.ecofirma.co.ao\/wp-content\/uploads\/2023\/09\/icon-2_VVV-copy-300x300.png 300w, https:\/\/www.ecofirma.co.ao\/wp-content\/uploads\/2023\/09\/icon-2_VVV-copy-150x150.png 150w, https:\/\/www.ecofirma.co.ao\/wp-content\/uploads\/2023\/09\/icon-2_VVV-copy-768x768.png 768w\" sizes=\"(max-width: 800px) 100vw, 800px\" \/>\t\t\t\t\t\t\t\t\t\t\t\t\t\t\t<\/div>\n\t\t\t\t<\/div>\n\t\t\t\t<div class=\"elementor-element elementor-element-172bbcb elementor-widget elementor-widget-text-editor\" data-id=\"172bbcb\" data-element_type=\"widget\" data-e-type=\"widget\" data-widget_type=\"text-editor.default\">\n\t\t\t\t<div class=\"elementor-widget-container\">\n\t\t\t\t\t\t\t\t\t<p class=\"p1\">DESINFEC\u00c7\u00c3O DE ESPA\u00c7OS INTERIORES<\/p>\t\t\t\t\t\t\t\t<\/div>\n\t\t\t\t<\/div>\n\t\t\t\t\t<\/div>\n\t\t\t\t<\/div>\n\t\t\t\t<\/div>\n\t\t<div class=\"elementor-element elementor-element-45d8ec1 e-flex e-con-boxed e-con e-parent\" data-id=\"45d8ec1\" data-element_type=\"container\" data-e-type=\"container\" data-settings=\"{&quot;background_background&quot;:&quot;classic&quot;}\">\n\t\t\t\t\t<div class=\"e-con-inner\">\n\t\t\t\t<div class=\"elementor-element elementor-element-c813ea0 elementor-widget elementor-widget-text-editor\" data-id=\"c813ea0\" data-element_type=\"widget\" data-e-type=\"widget\" data-widget_type=\"text-editor.default\">\n\t\t\t\t<div class=\"elementor-widget-container\">\n\t\t\t\t\t\t\t\t\t<p>O ALBILEX\u00ae-SUPER-Fogger \u00e9 um nebulizador port\u00e1til utilizado para distribuir l\u00edquido desinfectante &#8211; ALBILEX\u00ae-SUPER-3 \u2013 para a desinfec\u00e7\u00e3o qu\u00edmica de espa\u00e7os fechados, em todo o tipo de \u00e1reas, garantindo uma desinfec\u00e7\u00e3o eficiente e fi\u00e1vel.<\/p>\t\t\t\t\t\t\t\t<\/div>\n\t\t\t\t<\/div>\n\t\t\t\t\t<\/div>\n\t\t\t\t<\/div>\n\t\t<div class=\"elementor-element elementor-element-1318d68 e-flex e-con-boxed e-con e-parent\" data-id=\"1318d68\" data-element_type=\"container\" data-e-type=\"container\">\n\t\t\t\t\t<div class=\"e-con-inner\">\n\t\t<div class=\"elementor-element elementor-element-6d1681d e-con-full e-flex elementor-invisible e-con e-child\" data-id=\"6d1681d\" data-element_type=\"container\" data-e-type=\"container\" data-settings=\"{&quot;background_background&quot;:&quot;classic&quot;,&quot;animation&quot;:&quot;fadeInLeft&quot;}\">\n\t\t\t\t<\/div>\n\t\t<div class=\"elementor-element elementor-element-e5e4ad3 e-con-full animated-slow e-flex elementor-invisible e-con e-child\" data-id=\"e5e4ad3\" data-element_type=\"container\" data-e-type=\"container\" data-settings=\"{&quot;animation&quot;:&quot;fadeIn&quot;}\">\n\t\t\t\t<div class=\"elementor-element elementor-element-dfb616f elementor-widget elementor-widget-heading\" data-id=\"dfb616f\" data-element_type=\"widget\" data-e-type=\"widget\" data-widget_type=\"heading.default\">\n\t\t\t\t<div class=\"elementor-widget-container\">\n\t\t\t\t\t<h2 class=\"elementor-heading-title elementor-size-default\">utiliza\u00e7\u00f5es<\/h2>\t\t\t\t<\/div>\n\t\t\t\t<\/div>\n\t\t\t\t<div class=\"elementor-element elementor-element-1267223 elementor-widget elementor-widget-text-editor\" data-id=\"1267223\" data-element_type=\"widget\" data-e-type=\"widget\" data-widget_type=\"text-editor.default\">\n\t\t\t\t<div class=\"elementor-widget-container\">\n\t\t\t\t\t\t\t\t\t<ul><li>Consult\u00f3rios m\u00e9dicos;<\/li><li>Salas de espera;<\/li><li>Ambul\u00e2ncias;<\/li><li>Blocos operat\u00f3rios;<\/li><li>Escrit\u00f3rios;<\/li><li>Cantinas;<\/li><li>Ares condicionados;<\/li><li>Viaturas de empresas;<\/li><li>Gin\u00e1sios;<\/li><li>Saunas;<\/li><li>SPAs;<\/li><li>Ind\u00fastria alimentar;<\/li><li>Ind\u00fastria t\u00eaxtil;<\/li><li>Instala\u00e7\u00f5es de cuidados com animais;<\/li><li>Outros<\/li><\/ul>\t\t\t\t\t\t\t\t<\/div>\n\t\t\t\t<\/div>\n\t\t\t\t<\/div>\n\t\t\t\t\t<\/div>\n\t\t\t\t<\/div>\n\t\t\t\t<\/div>\n\t\t","protected":false},"excerpt":{"rendered":"<p>Realizamos inspec\u00e7\u00f5es de v\u00eddeo em condutas para uma avalia\u00e7\u00e3o detalhada do estado e da qualidade dos sistemas de esgotos, tanto em \u00e1reas residenciais quanto comerciais. Atrav\u00e9s de c\u00e2maras de visita de cabe\u00e7a rotativa, conseguimos examinar minuciosamente as juntas que unem as tubagens, identificando poss\u00edveis anomalias ou danos.<\/p>\n","protected":false},"author":4,"featured_media":0,"parent":1255,"menu_order":0,"comment_status":"closed","ping_status":"closed","template":"elementor_header_footer","meta":{"footnotes":""},"class_list":["post-8772","page","type-page","status-publish","hentry"],"yoast_head":"<!-- This site is optimized with the Yoast SEO plugin v27.4 - https:\/\/yoast.com\/product\/yoast-seo-wordpress\/ -->\n<title>Desinfec\u00e7\u00e3o de Espa\u00e7os Interiores - ECOFIRMA<\/title>\n<meta name=\"robots\" content=\"index, follow, max-snippet:-1, max-image-preview:large, max-video-preview:-1\" \/>\n<link rel=\"canonical\" href=\"https:\/\/www.ecofirma.co.ao\/pt\/servicos\/desinfeccao-espacos-interiores\/\" \/>\n<meta property=\"og:locale\" content=\"pt_PT\" \/>\n<meta property=\"og:type\" content=\"article\" \/>\n<meta property=\"og:title\" content=\"Desinfec\u00e7\u00e3o de Espa\u00e7os Interiores - ECOFIRMA\" \/>\n<meta property=\"og:description\" content=\"Realizamos inspec\u00e7\u00f5es de v\u00eddeo em condutas para uma avalia\u00e7\u00e3o detalhada do estado e da qualidade dos sistemas de esgotos, tanto em \u00e1reas residenciais quanto comerciais. Atrav\u00e9s de c\u00e2maras de visita de cabe\u00e7a rotativa, conseguimos examinar minuciosamente as juntas que unem as tubagens, identificando poss\u00edveis anomalias ou danos.\" \/>\n<meta property=\"og:url\" content=\"https:\/\/www.ecofirma.co.ao\/pt\/servicos\/desinfeccao-espacos-interiores\/\" \/>\n<meta property=\"og:site_name\" content=\"ECOFIRMA\" \/>\n<meta property=\"article:publisher\" content=\"https:\/\/www.facebook.com\/EcoEcofirma\" \/>\n<meta property=\"article:modified_time\" content=\"2024-03-13T19:09:53+00:00\" \/>\n<meta property=\"og:image\" content=\"http:\/\/www.ecofirma.co.ao\/wp-content\/uploads\/2023\/09\/icon-2_VVV-copy.png?_t=1710356993\" \/>\n<meta name=\"twitter:card\" content=\"summary_large_image\" \/>\n<meta name=\"twitter:label1\" content=\"Tempo estimado de leitura\" \/>\n\t<meta name=\"twitter:data1\" content=\"1 minuto\" \/>\n<script type=\"application\/ld+json\" class=\"yoast-schema-graph\">{\"@context\":\"https:\\\/\\\/schema.org\",\"@graph\":[{\"@type\":\"WebPage\",\"@id\":\"https:\\\/\\\/www.ecofirma.co.ao\\\/servicos\\\/desinfeccao-espacos-interiores\\\/\",\"url\":\"https:\\\/\\\/www.ecofirma.co.ao\\\/servicos\\\/desinfeccao-espacos-interiores\\\/\",\"name\":\"Desinfec\u00e7\u00e3o de Espa\u00e7os Interiores - ECOFIRMA\",\"isPartOf\":{\"@id\":\"https:\\\/\\\/www.ecofirma.co.ao\\\/#website\"},\"primaryImageOfPage\":{\"@id\":\"https:\\\/\\\/www.ecofirma.co.ao\\\/servicos\\\/desinfeccao-espacos-interiores\\\/#primaryimage\"},\"image\":{\"@id\":\"https:\\\/\\\/www.ecofirma.co.ao\\\/servicos\\\/desinfeccao-espacos-interiores\\\/#primaryimage\"},\"thumbnailUrl\":\"http:\\\/\\\/www.ecofirma.co.ao\\\/wp-content\\\/uploads\\\/2023\\\/09\\\/icon-2_VVV-copy.png?_t=1710356993\",\"datePublished\":\"2023-09-04T08:32:21+00:00\",\"dateModified\":\"2024-03-13T19:09:53+00:00\",\"breadcrumb\":{\"@id\":\"https:\\\/\\\/www.ecofirma.co.ao\\\/servicos\\\/desinfeccao-espacos-interiores\\\/#breadcrumb\"},\"inLanguage\":\"pt-PT\",\"potentialAction\":[{\"@type\":\"ReadAction\",\"target\":[\"https:\\\/\\\/www.ecofirma.co.ao\\\/servicos\\\/desinfeccao-espacos-interiores\\\/\"]}]},{\"@type\":\"ImageObject\",\"inLanguage\":\"pt-PT\",\"@id\":\"https:\\\/\\\/www.ecofirma.co.ao\\\/servicos\\\/desinfeccao-espacos-interiores\\\/#primaryimage\",\"url\":\"http:\\\/\\\/www.ecofirma.co.ao\\\/wp-content\\\/uploads\\\/2023\\\/09\\\/icon-2_VVV-copy.png?_t=1710356993\",\"contentUrl\":\"http:\\\/\\\/www.ecofirma.co.ao\\\/wp-content\\\/uploads\\\/2023\\\/09\\\/icon-2_VVV-copy.png?_t=1710356993\"},{\"@type\":\"BreadcrumbList\",\"@id\":\"https:\\\/\\\/www.ecofirma.co.ao\\\/servicos\\\/desinfeccao-espacos-interiores\\\/#breadcrumb\",\"itemListElement\":[{\"@type\":\"ListItem\",\"position\":1,\"name\":\"In\u00edcio\",\"item\":\"https:\\\/\\\/www.ecofirma.co.ao\\\/pt\\\/\"},{\"@type\":\"ListItem\",\"position\":2,\"name\":\"Os nossos servi\u00e7os\",\"item\":\"https:\\\/\\\/www.ecofirma.co.ao\\\/servicos\\\/\"},{\"@type\":\"ListItem\",\"position\":3,\"name\":\"Desinfec\u00e7\u00e3o de Espa\u00e7os Interiores\"}]},{\"@type\":\"WebSite\",\"@id\":\"https:\\\/\\\/www.ecofirma.co.ao\\\/#website\",\"url\":\"https:\\\/\\\/www.ecofirma.co.ao\\\/\",\"name\":\"ECOFIRMA\",\"description\":\"Para Angola trazemos os mais evolu\u00eddos produtos, t\u00e9cnicas e equipamentos que garantem a optimiza\u00e7\u00e3o da efici\u00eancia da \u00e1gua em todas as estruturas de reten\u00e7\u00e3o.\",\"publisher\":{\"@id\":\"https:\\\/\\\/www.ecofirma.co.ao\\\/#organization\"},\"potentialAction\":[{\"@type\":\"SearchAction\",\"target\":{\"@type\":\"EntryPoint\",\"urlTemplate\":\"https:\\\/\\\/www.ecofirma.co.ao\\\/?s={search_term_string}\"},\"query-input\":{\"@type\":\"PropertyValueSpecification\",\"valueRequired\":true,\"valueName\":\"search_term_string\"}}],\"inLanguage\":\"pt-PT\"},{\"@type\":\"Organization\",\"@id\":\"https:\\\/\\\/www.ecofirma.co.ao\\\/#organization\",\"name\":\"ECOFIRMA\",\"url\":\"https:\\\/\\\/www.ecofirma.co.ao\\\/\",\"logo\":{\"@type\":\"ImageObject\",\"inLanguage\":\"pt-PT\",\"@id\":\"https:\\\/\\\/www.ecofirma.co.ao\\\/#\\\/schema\\\/logo\\\/image\\\/\",\"url\":\"https:\\\/\\\/www.ecofirma.co.ao\\\/wp-content\\\/uploads\\\/2021\\\/11\\\/ECOFIRMA-Angola-logo-1-scaled.png\",\"contentUrl\":\"https:\\\/\\\/www.ecofirma.co.ao\\\/wp-content\\\/uploads\\\/2021\\\/11\\\/ECOFIRMA-Angola-logo-1-scaled.png\",\"width\":2560,\"height\":1079,\"caption\":\"ECOFIRMA\"},\"image\":{\"@id\":\"https:\\\/\\\/www.ecofirma.co.ao\\\/#\\\/schema\\\/logo\\\/image\\\/\"},\"sameAs\":[\"https:\\\/\\\/www.facebook.com\\\/EcoEcofirma\",\"https:\\\/\\\/www.linkedin.com\\\/company\\\/grupoecofirma\"]}]}<\/script>\n<!-- \/ Yoast SEO plugin. -->","yoast_head_json":{"title":"Desinfec\u00e7\u00e3o de Espa\u00e7os Interiores - ECOFIRMA","robots":{"index":"index","follow":"follow","max-snippet":"max-snippet:-1","max-image-preview":"max-image-preview:large","max-video-preview":"max-video-preview:-1"},"canonical":"https:\/\/www.ecofirma.co.ao\/pt\/servicos\/desinfeccao-espacos-interiores\/","og_locale":"pt_PT","og_type":"article","og_title":"Desinfec\u00e7\u00e3o de Espa\u00e7os Interiores - ECOFIRMA","og_description":"Realizamos inspec\u00e7\u00f5es de v\u00eddeo em condutas para uma avalia\u00e7\u00e3o detalhada do estado e da qualidade dos sistemas de esgotos, tanto em \u00e1reas residenciais quanto comerciais. Atrav\u00e9s de c\u00e2maras de visita de cabe\u00e7a rotativa, conseguimos examinar minuciosamente as juntas que unem as tubagens, identificando poss\u00edveis anomalias ou danos.","og_url":"https:\/\/www.ecofirma.co.ao\/pt\/servicos\/desinfeccao-espacos-interiores\/","og_site_name":"ECOFIRMA","article_publisher":"https:\/\/www.facebook.com\/EcoEcofirma","article_modified_time":"2024-03-13T19:09:53+00:00","og_image":[{"url":"http:\/\/www.ecofirma.co.ao\/wp-content\/uploads\/2023\/09\/icon-2_VVV-copy.png?_t=1710356993","type":"","width":"","height":""}],"twitter_card":"summary_large_image","twitter_misc":{"Tempo estimado de leitura":"1 minuto"},"schema":{"@context":"https:\/\/schema.org","@graph":[{"@type":"WebPage","@id":"https:\/\/www.ecofirma.co.ao\/servicos\/desinfeccao-espacos-interiores\/","url":"https:\/\/www.ecofirma.co.ao\/servicos\/desinfeccao-espacos-interiores\/","name":"Desinfec\u00e7\u00e3o de Espa\u00e7os Interiores - ECOFIRMA","isPartOf":{"@id":"https:\/\/www.ecofirma.co.ao\/#website"},"primaryImageOfPage":{"@id":"https:\/\/www.ecofirma.co.ao\/servicos\/desinfeccao-espacos-interiores\/#primaryimage"},"image":{"@id":"https:\/\/www.ecofirma.co.ao\/servicos\/desinfeccao-espacos-interiores\/#primaryimage"},"thumbnailUrl":"http:\/\/www.ecofirma.co.ao\/wp-content\/uploads\/2023\/09\/icon-2_VVV-copy.png?_t=1710356993","datePublished":"2023-09-04T08:32:21+00:00","dateModified":"2024-03-13T19:09:53+00:00","breadcrumb":{"@id":"https:\/\/www.ecofirma.co.ao\/servicos\/desinfeccao-espacos-interiores\/#breadcrumb"},"inLanguage":"pt-PT","potentialAction":[{"@type":"ReadAction","target":["https:\/\/www.ecofirma.co.ao\/servicos\/desinfeccao-espacos-interiores\/"]}]},{"@type":"ImageObject","inLanguage":"pt-PT","@id":"https:\/\/www.ecofirma.co.ao\/servicos\/desinfeccao-espacos-interiores\/#primaryimage","url":"http:\/\/www.ecofirma.co.ao\/wp-content\/uploads\/2023\/09\/icon-2_VVV-copy.png?_t=1710356993","contentUrl":"http:\/\/www.ecofirma.co.ao\/wp-content\/uploads\/2023\/09\/icon-2_VVV-copy.png?_t=1710356993"},{"@type":"BreadcrumbList","@id":"https:\/\/www.ecofirma.co.ao\/servicos\/desinfeccao-espacos-interiores\/#breadcrumb","itemListElement":[{"@type":"ListItem","position":1,"name":"In\u00edcio","item":"https:\/\/www.ecofirma.co.ao\/pt\/"},{"@type":"ListItem","position":2,"name":"Os nossos servi\u00e7os","item":"https:\/\/www.ecofirma.co.ao\/servicos\/"},{"@type":"ListItem","position":3,"name":"Desinfec\u00e7\u00e3o de Espa\u00e7os Interiores"}]},{"@type":"WebSite","@id":"https:\/\/www.ecofirma.co.ao\/#website","url":"https:\/\/www.ecofirma.co.ao\/","name":"ECOFIRMA","description":"Para Angola trazemos os mais evolu\u00eddos produtos, t\u00e9cnicas e equipamentos que garantem a optimiza\u00e7\u00e3o da efici\u00eancia da \u00e1gua em todas as estruturas de reten\u00e7\u00e3o.","publisher":{"@id":"https:\/\/www.ecofirma.co.ao\/#organization"},"potentialAction":[{"@type":"SearchAction","target":{"@type":"EntryPoint","urlTemplate":"https:\/\/www.ecofirma.co.ao\/?s={search_term_string}"},"query-input":{"@type":"PropertyValueSpecification","valueRequired":true,"valueName":"search_term_string"}}],"inLanguage":"pt-PT"},{"@type":"Organization","@id":"https:\/\/www.ecofirma.co.ao\/#organization","name":"ECOFIRMA","url":"https:\/\/www.ecofirma.co.ao\/","logo":{"@type":"ImageObject","inLanguage":"pt-PT","@id":"https:\/\/www.ecofirma.co.ao\/#\/schema\/logo\/image\/","url":"https:\/\/www.ecofirma.co.ao\/wp-content\/uploads\/2021\/11\/ECOFIRMA-Angola-logo-1-scaled.png","contentUrl":"https:\/\/www.ecofirma.co.ao\/wp-content\/uploads\/2021\/11\/ECOFIRMA-Angola-logo-1-scaled.png","width":2560,"height":1079,"caption":"ECOFIRMA"},"image":{"@id":"https:\/\/www.ecofirma.co.ao\/#\/schema\/logo\/image\/"},"sameAs":["https:\/\/www.facebook.com\/EcoEcofirma","https:\/\/www.linkedin.com\/company\/grupoecofirma"]}]}},"_links":{"self":[{"href":"https:\/\/www.ecofirma.co.ao\/pt\/wp-json\/wp\/v2\/pages\/8772","targetHints":{"allow":["GET"]}}],"collection":[{"href":"https:\/\/www.ecofirma.co.ao\/pt\/wp-json\/wp\/v2\/pages"}],"about":[{"href":"https:\/\/www.ecofirma.co.ao\/pt\/wp-json\/wp\/v2\/types\/page"}],"author":[{"embeddable":true,"href":"https:\/\/www.ecofirma.co.ao\/pt\/wp-json\/wp\/v2\/users\/4"}],"replies":[{"embeddable":true,"href":"https:\/\/www.ecofirma.co.ao\/pt\/wp-json\/wp\/v2\/comments?post=8772"}],"version-history":[{"count":16,"href":"https:\/\/www.ecofirma.co.ao\/pt\/wp-json\/wp\/v2\/pages\/8772\/revisions"}],"predecessor-version":[{"id":9494,"href":"https:\/\/www.ecofirma.co.ao\/pt\/wp-json\/wp\/v2\/pages\/8772\/revisions\/9494"}],"up":[{"embeddable":true,"href":"https:\/\/www.ecofirma.co.ao\/pt\/wp-json\/wp\/v2\/pages\/1255"}],"wp:attachment":[{"href":"https:\/\/www.ecofirma.co.ao\/pt\/wp-json\/wp\/v2\/media?parent=8772"}],"curies":[{"name":"wp","href":"https:\/\/api.w.org\/{rel}","templated":true}]}}