{"id":7240,"date":"2023-04-14T16:02:00","date_gmt":"2023-04-14T15:02:00","guid":{"rendered":"https:\/\/www.ecofirma.co.ao\/?page_id=7240"},"modified":"2024-03-13T20:05:40","modified_gmt":"2024-03-13T19:05:40","slug":"blog","status":"publish","type":"page","link":"https:\/\/www.ecofirma.co.ao\/pt\/blog\/","title":{"rendered":"Blog"},"content":{"rendered":"\t\t<div data-elementor-type=\"wp-page\" data-elementor-id=\"7240\" class=\"elementor elementor-7240\" data-elementor-post-type=\"page\">\n\t\t\t\t<div class=\"elementor-element elementor-element-cb06f07 e-con-full e-flex e-con e-parent\" data-id=\"cb06f07\" data-element_type=\"container\" data-e-type=\"container\" data-settings=\"{&quot;background_background&quot;:&quot;classic&quot;}\">\n\t\t<div class=\"elementor-element elementor-element-78376c9 e-flex e-con-boxed e-con e-child\" data-id=\"78376c9\" data-element_type=\"container\" data-e-type=\"container\">\n\t\t\t\t\t<div class=\"e-con-inner\">\n\t\t\t\t<div class=\"elementor-element elementor-element-9816705 elementor-widget elementor-widget-text-editor\" data-id=\"9816705\" data-element_type=\"widget\" data-e-type=\"widget\" data-widget_type=\"text-editor.default\">\n\t\t\t\t<div class=\"elementor-widget-container\">\n\t\t\t\t\t\t\t\t\t<p>BLOG<\/p>\t\t\t\t\t\t\t\t<\/div>\n\t\t\t\t<\/div>\n\t\t\t\t\t<\/div>\n\t\t\t\t<\/div>\n\t\t\t\t<\/div>\n\t\t<div class=\"elementor-element elementor-element-1bb5e5a e-con-full e-flex e-con e-parent\" data-id=\"1bb5e5a\" data-element_type=\"container\" data-e-type=\"container\">\n\t\t\t\t<div class=\"elementor-element elementor-element-011c82a elementor-grid-3 elementor-grid-tablet-2 elementor-grid-mobile-1 elementor-posts--thumbnail-top elementor-card-shadow-yes elementor-posts__hover-gradient elementor-widget elementor-widget-posts\" data-id=\"011c82a\" data-element_type=\"widget\" data-e-type=\"widget\" data-settings=\"{&quot;cards_columns&quot;:&quot;3&quot;,&quot;cards_columns_tablet&quot;:&quot;2&quot;,&quot;cards_columns_mobile&quot;:&quot;1&quot;,&quot;cards_row_gap&quot;:{&quot;unit&quot;:&quot;px&quot;,&quot;size&quot;:35,&quot;sizes&quot;:[]},&quot;cards_row_gap_tablet&quot;:{&quot;unit&quot;:&quot;px&quot;,&quot;size&quot;:&quot;&quot;,&quot;sizes&quot;:[]},&quot;cards_row_gap_mobile&quot;:{&quot;unit&quot;:&quot;px&quot;,&quot;size&quot;:&quot;&quot;,&quot;sizes&quot;:[]}}\" data-widget_type=\"posts.cards\">\n\t\t\t\t<div class=\"elementor-widget-container\">\n\t\t\t\t\t\t\t<div class=\"elementor-posts-container elementor-posts elementor-posts--skin-cards elementor-grid\" role=\"list\">\n\t\t\t\t<article class=\"elementor-post elementor-grid-item post-9901 post type-post status-publish format-standard has-post-thumbnail hentry category-sustentabilidade\" role=\"listitem\">\n\t\t\t<div class=\"elementor-post__card\">\n\t\t\t\t<a class=\"elementor-post__thumbnail__link\" href=\"https:\/\/www.ecofirma.co.ao\/pt\/o-ciclo-da-manutencao-inteligente\/\" tabindex=\"-1\" target=\"_blank\"><div class=\"elementor-post__thumbnail\"><img fetchpriority=\"high\" decoding=\"async\" width=\"1200\" height=\"800\" src=\"https:\/\/www.ecofirma.co.ao\/wp-content\/uploads\/2026\/01\/1.jpg\" class=\"attachment-full size-full wp-image-9920\" alt=\"\" srcset=\"https:\/\/www.ecofirma.co.ao\/wp-content\/uploads\/2026\/01\/1.jpg 1200w, https:\/\/www.ecofirma.co.ao\/wp-content\/uploads\/2026\/01\/1-400x267.jpg 400w, https:\/\/www.ecofirma.co.ao\/wp-content\/uploads\/2026\/01\/1-1024x683.jpg 1024w, https:\/\/www.ecofirma.co.ao\/wp-content\/uploads\/2026\/01\/1-768x512.jpg 768w, https:\/\/www.ecofirma.co.ao\/wp-content\/uploads\/2026\/01\/1-18x12.jpg 18w\" sizes=\"(max-width: 1200px) 100vw, 1200px\" \/><\/div><\/a>\n\t\t\t\t<div class=\"elementor-post__badge\">Sustentabilidade<\/div>\n\t\t\t\t<div class=\"elementor-post__text\">\n\t\t\t\t<h3 class=\"elementor-post__title\">\n\t\t\t<a href=\"https:\/\/www.ecofirma.co.ao\/pt\/o-ciclo-da-manutencao-inteligente\/\" target=&quot;_blank&quot;>\n\t\t\t\tO Ciclo da Manuten\u00e7\u00e3o Inteligente\t\t\t<\/a>\n\t\t<\/h3>\n\t\t\t\t<div class=\"elementor-post__excerpt\">\n\t\t\t<p>Cada sistema de \u00e1gua \u2014 seja numa piscina, numa ind\u00fastria, num hotel ou num condom\u00ednio \u2014 conta uma hist\u00f3ria.<br \/>\nUma hist\u00f3ria escrita por dados, sinais t\u00e9cnicos e decis\u00f5es de manuten\u00e7\u00e3o.<\/p>\n<p>Na ECOFIRMA e na ECOFIRMA LAB, acreditamos que a manuten\u00e7\u00e3o moderna n\u00e3o pode ser apenas reativa. Ela deve ser informada, preventiva e cientificamente fundamentada. \u00c9 dessa convic\u00e7\u00e3o que nasce o conceito do Ciclo da Manuten\u00e7\u00e3o Inteligente.<\/p>\n<p>Mais do que um processo t\u00e9cnico, a manuten\u00e7\u00e3o torna-se uma filosofia de melhoria cont\u00ednua, onde o laborat\u00f3rio e o terreno trabalham em conjunto para proteger o recurso mais valioso de todos: a \u00e1gua.<\/p>\n\t\t<\/div>\n\t\t\t\t\t<div class=\"elementor-post__read-more-wrapper\">\n\t\t\n\t\t<a class=\"elementor-post__read-more\" href=\"https:\/\/www.ecofirma.co.ao\/pt\/o-ciclo-da-manutencao-inteligente\/\" aria-label=\"Read more about O Ciclo da Manuten\u00e7\u00e3o Inteligente\" tabindex=\"-1\" target=\"_blank\">\n\t\t\tLer mais\t\t<\/a>\n\n\t\t\t\t\t<\/div>\n\t\t\t\t<\/div>\n\t\t\t\t\t<\/div>\n\t\t<\/article>\n\t\t\t\t<article class=\"elementor-post elementor-grid-item post-9695 post type-post status-publish format-standard has-post-thumbnail hentry category-sustentabilidade\" role=\"listitem\">\n\t\t\t<div class=\"elementor-post__card\">\n\t\t\t\t<a class=\"elementor-post__thumbnail__link\" href=\"https:\/\/www.ecofirma.co.ao\/pt\/grupo-ecofirma-pioneiros-na-sustentabilidade-empresarial-e-ambiental-em-angola\/\" tabindex=\"-1\" target=\"_blank\"><div class=\"elementor-post__thumbnail\"><img decoding=\"async\" width=\"1920\" height=\"1280\" src=\"https:\/\/www.ecofirma.co.ao\/wp-content\/uploads\/2024\/08\/ECOFIRMA-barragens-reservatorios-injeccoes-piscinas-agua-ETA-ETAR-reabilitacao-impermeabilizacao-perfuracao-estruturas-ecologia-1.jpg\" class=\"attachment-full size-full wp-image-9703\" alt=\"\" srcset=\"https:\/\/www.ecofirma.co.ao\/wp-content\/uploads\/2024\/08\/ECOFIRMA-barragens-reservatorios-injeccoes-piscinas-agua-ETA-ETAR-reabilitacao-impermeabilizacao-perfuracao-estruturas-ecologia-1.jpg 1920w, https:\/\/www.ecofirma.co.ao\/wp-content\/uploads\/2024\/08\/ECOFIRMA-barragens-reservatorios-injeccoes-piscinas-agua-ETA-ETAR-reabilitacao-impermeabilizacao-perfuracao-estruturas-ecologia-1-400x267.jpg 400w, https:\/\/www.ecofirma.co.ao\/wp-content\/uploads\/2024\/08\/ECOFIRMA-barragens-reservatorios-injeccoes-piscinas-agua-ETA-ETAR-reabilitacao-impermeabilizacao-perfuracao-estruturas-ecologia-1-1024x683.jpg 1024w, https:\/\/www.ecofirma.co.ao\/wp-content\/uploads\/2024\/08\/ECOFIRMA-barragens-reservatorios-injeccoes-piscinas-agua-ETA-ETAR-reabilitacao-impermeabilizacao-perfuracao-estruturas-ecologia-1-768x512.jpg 768w, https:\/\/www.ecofirma.co.ao\/wp-content\/uploads\/2024\/08\/ECOFIRMA-barragens-reservatorios-injeccoes-piscinas-agua-ETA-ETAR-reabilitacao-impermeabilizacao-perfuracao-estruturas-ecologia-1-1536x1024.jpg 1536w, https:\/\/www.ecofirma.co.ao\/wp-content\/uploads\/2024\/08\/ECOFIRMA-barragens-reservatorios-injeccoes-piscinas-agua-ETA-ETAR-reabilitacao-impermeabilizacao-perfuracao-estruturas-ecologia-1-18x12.jpg 18w\" sizes=\"(max-width: 1920px) 100vw, 1920px\" \/><\/div><\/a>\n\t\t\t\t<div class=\"elementor-post__badge\">Sustentabilidade<\/div>\n\t\t\t\t<div class=\"elementor-post__text\">\n\t\t\t\t<h3 class=\"elementor-post__title\">\n\t\t\t<a href=\"https:\/\/www.ecofirma.co.ao\/pt\/grupo-ecofirma-pioneiros-na-sustentabilidade-empresarial-e-ambiental-em-angola\/\" target=&quot;_blank&quot;>\n\t\t\t\tGRUPO ECOFIRMA &#8211; Pioneiros na Sustentabilidade Empresarial e Ambiental em Angola\t\t\t<\/a>\n\t\t<\/h3>\n\t\t\t\t<div class=\"elementor-post__excerpt\">\n\t\t\t<p>Uma piscina oferece in\u00fameros benef\u00edcios para a sa\u00fade, servindo tanto como um local perfeito para exerc\u00edcios cardiovasculares quanto como um espa\u00e7o para momentos incr\u00edveis com a fam\u00edlia e amigos. No entanto, o que muitas pessoas n\u00e3o consideram \u00e9 a responsabilidade envolvida em ter uma piscina na sua propriedade.<\/p>\n\t\t<\/div>\n\t\t\t\t\t<div class=\"elementor-post__read-more-wrapper\">\n\t\t\n\t\t<a class=\"elementor-post__read-more\" href=\"https:\/\/www.ecofirma.co.ao\/pt\/grupo-ecofirma-pioneiros-na-sustentabilidade-empresarial-e-ambiental-em-angola\/\" aria-label=\"Read more about GRUPO ECOFIRMA &#8211; Pioneiros na Sustentabilidade Empresarial e Ambiental em Angola\" tabindex=\"-1\" target=\"_blank\">\n\t\t\tLer mais\t\t<\/a>\n\n\t\t\t\t\t<\/div>\n\t\t\t\t<\/div>\n\t\t\t\t\t<\/div>\n\t\t<\/article>\n\t\t\t\t<article class=\"elementor-post elementor-grid-item post-9339 post type-post status-publish format-standard has-post-thumbnail hentry category-manutencao category-sistemas-de-rega category-sustentabilidade\" role=\"listitem\">\n\t\t\t<div class=\"elementor-post__card\">\n\t\t\t\t<a class=\"elementor-post__thumbnail__link\" href=\"https:\/\/www.ecofirma.co.ao\/pt\/manutencao-piscinas-angola\/\" tabindex=\"-1\" target=\"_blank\"><div class=\"elementor-post__thumbnail\"><img decoding=\"async\" width=\"1000\" height=\"666\" src=\"https:\/\/www.ecofirma.co.ao\/wp-content\/uploads\/2024\/02\/ls_smiling-mixed-race-family-on-summer-holiday-having-2023-11-27-05-13-11-utc.jpg\" class=\"attachment-full size-full wp-image-9373\" alt=\"\" srcset=\"https:\/\/www.ecofirma.co.ao\/wp-content\/uploads\/2024\/02\/ls_smiling-mixed-race-family-on-summer-holiday-having-2023-11-27-05-13-11-utc.jpg 1000w, https:\/\/www.ecofirma.co.ao\/wp-content\/uploads\/2024\/02\/ls_smiling-mixed-race-family-on-summer-holiday-having-2023-11-27-05-13-11-utc-300x200.jpg 300w, https:\/\/www.ecofirma.co.ao\/wp-content\/uploads\/2024\/02\/ls_smiling-mixed-race-family-on-summer-holiday-having-2023-11-27-05-13-11-utc-768x511.jpg 768w, https:\/\/www.ecofirma.co.ao\/wp-content\/uploads\/2024\/02\/ls_smiling-mixed-race-family-on-summer-holiday-having-2023-11-27-05-13-11-utc-18x12.jpg 18w\" sizes=\"(max-width: 1000px) 100vw, 1000px\" \/><\/div><\/a>\n\t\t\t\t<div class=\"elementor-post__badge\">Manuten\u00e7\u00e3o<\/div>\n\t\t\t\t<div class=\"elementor-post__text\">\n\t\t\t\t<h3 class=\"elementor-post__title\">\n\t\t\t<a href=\"https:\/\/www.ecofirma.co.ao\/pt\/manutencao-piscinas-angola\/\" target=&quot;_blank&quot;>\n\t\t\t\tServi\u00e7os de manuten\u00e7\u00e3o de piscinas em Angola\t\t\t<\/a>\n\t\t<\/h3>\n\t\t\t\t<div class=\"elementor-post__excerpt\">\n\t\t\t<p>Uma piscina oferece in\u00fameros benef\u00edcios para a sa\u00fade, servindo tanto como um local perfeito para exerc\u00edcios cardiovasculares quanto como um espa\u00e7o para momentos incr\u00edveis com a fam\u00edlia e amigos. No entanto, o que muitas pessoas n\u00e3o consideram \u00e9 a responsabilidade envolvida em ter uma piscina na sua propriedade.<\/p>\n\t\t<\/div>\n\t\t\t\t\t<div class=\"elementor-post__read-more-wrapper\">\n\t\t\n\t\t<a class=\"elementor-post__read-more\" href=\"https:\/\/www.ecofirma.co.ao\/pt\/manutencao-piscinas-angola\/\" aria-label=\"Read more about Servi\u00e7os de manuten\u00e7\u00e3o de piscinas em Angola\" tabindex=\"-1\" target=\"_blank\">\n\t\t\tLer mais\t\t<\/a>\n\n\t\t\t\t\t<\/div>\n\t\t\t\t<\/div>\n\t\t\t\t\t<\/div>\n\t\t<\/article>\n\t\t\t\t<article class=\"elementor-post elementor-grid-item post-9016 post type-post status-publish format-standard has-post-thumbnail hentry category-energia-solar category-sistemas-de-rega category-sustentabilidade\" role=\"listitem\">\n\t\t\t<div class=\"elementor-post__card\">\n\t\t\t\t<a class=\"elementor-post__thumbnail__link\" href=\"https:\/\/www.ecofirma.co.ao\/pt\/energia-solar-tratamento-agua-fotovoltaico\/\" tabindex=\"-1\" target=\"_blank\"><div class=\"elementor-post__thumbnail\"><img loading=\"lazy\" decoding=\"async\" width=\"1200\" height=\"900\" src=\"https:\/\/www.ecofirma.co.ao\/wp-content\/uploads\/2023\/11\/ls_psd4.jpg\" class=\"attachment-full size-full wp-image-9020\" alt=\"\" srcset=\"https:\/\/www.ecofirma.co.ao\/wp-content\/uploads\/2023\/11\/ls_psd4.jpg 1200w, https:\/\/www.ecofirma.co.ao\/wp-content\/uploads\/2023\/11\/ls_psd4-300x225.jpg 300w, https:\/\/www.ecofirma.co.ao\/wp-content\/uploads\/2023\/11\/ls_psd4-1024x768.jpg 1024w, https:\/\/www.ecofirma.co.ao\/wp-content\/uploads\/2023\/11\/ls_psd4-768x576.jpg 768w, https:\/\/www.ecofirma.co.ao\/wp-content\/uploads\/2023\/11\/ls_psd4-16x12.jpg 16w\" sizes=\"(max-width: 1200px) 100vw, 1200px\" \/><\/div><\/a>\n\t\t\t\t<div class=\"elementor-post__badge\">energia solar<\/div>\n\t\t\t\t<div class=\"elementor-post__text\">\n\t\t\t\t<h3 class=\"elementor-post__title\">\n\t\t\t<a href=\"https:\/\/www.ecofirma.co.ao\/pt\/energia-solar-tratamento-agua-fotovoltaico\/\" target=&quot;_blank&quot;>\n\t\t\t\tA Energia Solar como Solu\u00e7\u00e3o Sustent\u00e1vel para Sistemas de Tratamento de \u00c1gua em \u00c1frica\t\t\t<\/a>\n\t\t<\/h3>\n\t\t\t\t<div class=\"elementor-post__excerpt\">\n\t\t\t<p>A procura por \u00e1gua pot\u00e1vel em todo o continente africano \u00e9 uma quest\u00e3o premente, e a energia solar tem se destacado como uma solu\u00e7\u00e3o vi\u00e1vel e sustent\u00e1vel para a opera\u00e7\u00e3o de sistemas de tratamento de \u00e1gua em \u00e1reas remotas e com acesso limitado \u00e0 eletricidade.<\/p>\n\t\t<\/div>\n\t\t\t\t\t<div class=\"elementor-post__read-more-wrapper\">\n\t\t\n\t\t<a class=\"elementor-post__read-more\" href=\"https:\/\/www.ecofirma.co.ao\/pt\/energia-solar-tratamento-agua-fotovoltaico\/\" aria-label=\"Read more about A Energia Solar como Solu\u00e7\u00e3o Sustent\u00e1vel para Sistemas de Tratamento de \u00c1gua em \u00c1frica\" tabindex=\"-1\" target=\"_blank\">\n\t\t\tLer mais\t\t<\/a>\n\n\t\t\t\t\t<\/div>\n\t\t\t\t<\/div>\n\t\t\t\t\t<\/div>\n\t\t<\/article>\n\t\t\t\t<article class=\"elementor-post elementor-grid-item post-8970 post type-post status-publish format-standard has-post-thumbnail hentry category-condutas category-inspeccao category-manutencao\" role=\"listitem\">\n\t\t\t<div class=\"elementor-post__card\">\n\t\t\t\t<a class=\"elementor-post__thumbnail__link\" href=\"https:\/\/www.ecofirma.co.ao\/pt\/inspeccao-video-em-colectores\/\" tabindex=\"-1\" target=\"_blank\"><div class=\"elementor-post__thumbnail\"><img loading=\"lazy\" decoding=\"async\" width=\"828\" height=\"473\" src=\"https:\/\/www.ecofirma.co.ao\/wp-content\/uploads\/2023\/10\/WhatsApp-Image-2022-09-02-at-15.31.42.jpg\" class=\"attachment-full size-full wp-image-8994\" alt=\"\" srcset=\"https:\/\/www.ecofirma.co.ao\/wp-content\/uploads\/2023\/10\/WhatsApp-Image-2022-09-02-at-15.31.42.jpg 828w, https:\/\/www.ecofirma.co.ao\/wp-content\/uploads\/2023\/10\/WhatsApp-Image-2022-09-02-at-15.31.42-300x171.jpg 300w, https:\/\/www.ecofirma.co.ao\/wp-content\/uploads\/2023\/10\/WhatsApp-Image-2022-09-02-at-15.31.42-768x439.jpg 768w, https:\/\/www.ecofirma.co.ao\/wp-content\/uploads\/2023\/10\/WhatsApp-Image-2022-09-02-at-15.31.42-18x10.jpg 18w\" sizes=\"(max-width: 828px) 100vw, 828px\" \/><\/div><\/a>\n\t\t\t\t<div class=\"elementor-post__badge\">Condutas<\/div>\n\t\t\t\t<div class=\"elementor-post__text\">\n\t\t\t\t<h3 class=\"elementor-post__title\">\n\t\t\t<a href=\"https:\/\/www.ecofirma.co.ao\/pt\/inspeccao-video-em-colectores\/\" target=&quot;_blank&quot;>\n\t\t\t\tInspec\u00e7\u00e3o v\u00eddeo em colectores de \u00e1guas residuais e condutas pluviais\t\t\t<\/a>\n\t\t<\/h3>\n\t\t\t\t<div class=\"elementor-post__excerpt\">\n\t\t\t<p>A inspec\u00e7\u00e3o de v\u00eddeo em colectores de \u00e1guas residuais e condutas pluviais \u00e9 uma tecnologia avan\u00e7ada oferecida pela ECOFIRMA que tem provado ser fundamental para melhorar a efici\u00eancia hidr\u00e1ulica em diversos sistemas. Este servi\u00e7o permite uma avalia\u00e7\u00e3o minuciosa do estado e qualidade dos sistemas de esgotos, tanto em \u00e1reas residenciais como comerciais, tornando-se um investimento que se paga a si pr\u00f3prio.<\/p>\n\t\t<\/div>\n\t\t\t\t\t<div class=\"elementor-post__read-more-wrapper\">\n\t\t\n\t\t<a class=\"elementor-post__read-more\" href=\"https:\/\/www.ecofirma.co.ao\/pt\/inspeccao-video-em-colectores\/\" aria-label=\"Read more about Inspec\u00e7\u00e3o v\u00eddeo em colectores de \u00e1guas residuais e condutas pluviais\" tabindex=\"-1\" target=\"_blank\">\n\t\t\tLer mais\t\t<\/a>\n\n\t\t\t\t\t<\/div>\n\t\t\t\t<\/div>\n\t\t\t\t\t<\/div>\n\t\t<\/article>\n\t\t\t\t<article class=\"elementor-post elementor-grid-item post-7706 post type-post status-publish format-standard has-post-thumbnail hentry category-impermeabilizacoes category-manutencao category-reservatorios\" role=\"listitem\">\n\t\t\t<div class=\"elementor-post__card\">\n\t\t\t\t<a class=\"elementor-post__thumbnail__link\" href=\"https:\/\/www.ecofirma.co.ao\/pt\/a-importancia-da-limpeza-e-desinfeccao-regular-de-reservatorios-de-agua-potavel\/\" tabindex=\"-1\" target=\"_blank\"><div class=\"elementor-post__thumbnail\"><img loading=\"lazy\" decoding=\"async\" width=\"1334\" height=\"750\" src=\"https:\/\/www.ecofirma.co.ao\/wp-content\/uploads\/2023\/06\/psd5.jpg\" class=\"attachment-full size-full wp-image-7729\" alt=\"\" srcset=\"https:\/\/www.ecofirma.co.ao\/wp-content\/uploads\/2023\/06\/psd5.jpg 1334w, https:\/\/www.ecofirma.co.ao\/wp-content\/uploads\/2023\/06\/psd5-300x169.jpg 300w, https:\/\/www.ecofirma.co.ao\/wp-content\/uploads\/2023\/06\/psd5-1024x576.jpg 1024w, https:\/\/www.ecofirma.co.ao\/wp-content\/uploads\/2023\/06\/psd5-768x432.jpg 768w\" sizes=\"(max-width: 1334px) 100vw, 1334px\" \/><\/div><\/a>\n\t\t\t\t<div class=\"elementor-post__badge\">Impermeabiliza\u00e7\u00f5es<\/div>\n\t\t\t\t<div class=\"elementor-post__text\">\n\t\t\t\t<h3 class=\"elementor-post__title\">\n\t\t\t<a href=\"https:\/\/www.ecofirma.co.ao\/pt\/a-importancia-da-limpeza-e-desinfeccao-regular-de-reservatorios-de-agua-potavel\/\" target=&quot;_blank&quot;>\n\t\t\t\tA import\u00e2ncia de considerar a agressividade da \u00e1gua\t\t\t<\/a>\n\t\t<\/h3>\n\t\t\t\t<div class=\"elementor-post__excerpt\">\n\t\t\t<p>Ao escolher a argamassa de impermeabiliza\u00e7\u00e3o adequada para proteger as estruturas de bet\u00e3o armado destinadas ao armazenamento de \u00e1gua, \u00e9 importante considerar a agressividade da \u00e1gua em quest\u00e3o.\u00a0<\/p>\n\t\t<\/div>\n\t\t\t\t\t<div class=\"elementor-post__read-more-wrapper\">\n\t\t\n\t\t<a class=\"elementor-post__read-more\" href=\"https:\/\/www.ecofirma.co.ao\/pt\/a-importancia-da-limpeza-e-desinfeccao-regular-de-reservatorios-de-agua-potavel\/\" aria-label=\"Read more about A import\u00e2ncia de considerar a agressividade da \u00e1gua\" tabindex=\"-1\" target=\"_blank\">\n\t\t\tLer mais\t\t<\/a>\n\n\t\t\t\t\t<\/div>\n\t\t\t\t<\/div>\n\t\t\t\t\t<\/div>\n\t\t<\/article>\n\t\t\t\t<\/div>\n\t\t\n\t\t\t\t\t\t<\/div>\n\t\t\t\t<\/div>\n\t\t\t\t<\/div>\n\t\t\t\t<\/div>\n\t\t","protected":false},"excerpt":{"rendered":"<p>BLOG<\/p>\n","protected":false},"author":4,"featured_media":0,"parent":0,"menu_order":0,"comment_status":"closed","ping_status":"closed","template":"elementor_header_footer","meta":{"footnotes":""},"class_list":["post-7240","page","type-page","status-publish","hentry"],"yoast_head":"<!-- This site is optimized with the Yoast SEO plugin v27.3 - https:\/\/yoast.com\/product\/yoast-seo-wordpress\/ -->\n<title>Blog - ECOFIRMA<\/title>\n<meta name=\"robots\" content=\"index, follow, max-snippet:-1, max-image-preview:large, max-video-preview:-1\" \/>\n<link rel=\"canonical\" href=\"https:\/\/www.ecofirma.co.ao\/pt\/blog\/\" \/>\n<meta property=\"og:locale\" content=\"pt_PT\" \/>\n<meta property=\"og:type\" content=\"article\" \/>\n<meta property=\"og:title\" content=\"Blog - ECOFIRMA\" \/>\n<meta property=\"og:description\" content=\"BLOG\" \/>\n<meta property=\"og:url\" content=\"https:\/\/www.ecofirma.co.ao\/pt\/blog\/\" \/>\n<meta property=\"og:site_name\" content=\"ECOFIRMA\" \/>\n<meta property=\"article:publisher\" content=\"https:\/\/www.facebook.com\/EcoEcofirma\" \/>\n<meta property=\"article:modified_time\" content=\"2024-03-13T19:05:40+00:00\" \/>\n<meta name=\"twitter:card\" content=\"summary_large_image\" \/>\n<meta name=\"twitter:label1\" content=\"Tempo estimado de leitura\" \/>\n\t<meta name=\"twitter:data1\" content=\"3 minutos\" \/>\n<script type=\"application\/ld+json\" class=\"yoast-schema-graph\">{\"@context\":\"https:\\\/\\\/schema.org\",\"@graph\":[{\"@type\":\"WebPage\",\"@id\":\"https:\\\/\\\/www.ecofirma.co.ao\\\/blog\\\/\",\"url\":\"https:\\\/\\\/www.ecofirma.co.ao\\\/blog\\\/\",\"name\":\"Blog - ECOFIRMA\",\"isPartOf\":{\"@id\":\"https:\\\/\\\/www.ecofirma.co.ao\\\/#website\"},\"datePublished\":\"2023-04-14T15:02:00+00:00\",\"dateModified\":\"2024-03-13T19:05:40+00:00\",\"breadcrumb\":{\"@id\":\"https:\\\/\\\/www.ecofirma.co.ao\\\/blog\\\/#breadcrumb\"},\"inLanguage\":\"pt-PT\",\"potentialAction\":[{\"@type\":\"ReadAction\",\"target\":[\"https:\\\/\\\/www.ecofirma.co.ao\\\/blog\\\/\"]}]},{\"@type\":\"BreadcrumbList\",\"@id\":\"https:\\\/\\\/www.ecofirma.co.ao\\\/blog\\\/#breadcrumb\",\"itemListElement\":[{\"@type\":\"ListItem\",\"position\":1,\"name\":\"In\u00edcio\",\"item\":\"https:\\\/\\\/www.ecofirma.co.ao\\\/pt\\\/\"},{\"@type\":\"ListItem\",\"position\":2,\"name\":\"Blog\"}]},{\"@type\":\"WebSite\",\"@id\":\"https:\\\/\\\/www.ecofirma.co.ao\\\/#website\",\"url\":\"https:\\\/\\\/www.ecofirma.co.ao\\\/\",\"name\":\"ECOFIRMA\",\"description\":\"Para Angola trazemos os mais evolu\u00eddos produtos, t\u00e9cnicas e equipamentos que garantem a optimiza\u00e7\u00e3o da efici\u00eancia da \u00e1gua em todas as estruturas de reten\u00e7\u00e3o.\",\"publisher\":{\"@id\":\"https:\\\/\\\/www.ecofirma.co.ao\\\/#organization\"},\"potentialAction\":[{\"@type\":\"SearchAction\",\"target\":{\"@type\":\"EntryPoint\",\"urlTemplate\":\"https:\\\/\\\/www.ecofirma.co.ao\\\/?s={search_term_string}\"},\"query-input\":{\"@type\":\"PropertyValueSpecification\",\"valueRequired\":true,\"valueName\":\"search_term_string\"}}],\"inLanguage\":\"pt-PT\"},{\"@type\":\"Organization\",\"@id\":\"https:\\\/\\\/www.ecofirma.co.ao\\\/#organization\",\"name\":\"ECOFIRMA\",\"url\":\"https:\\\/\\\/www.ecofirma.co.ao\\\/\",\"logo\":{\"@type\":\"ImageObject\",\"inLanguage\":\"pt-PT\",\"@id\":\"https:\\\/\\\/www.ecofirma.co.ao\\\/#\\\/schema\\\/logo\\\/image\\\/\",\"url\":\"https:\\\/\\\/www.ecofirma.co.ao\\\/wp-content\\\/uploads\\\/2021\\\/11\\\/ECOFIRMA-Angola-logo-1-scaled.png\",\"contentUrl\":\"https:\\\/\\\/www.ecofirma.co.ao\\\/wp-content\\\/uploads\\\/2021\\\/11\\\/ECOFIRMA-Angola-logo-1-scaled.png\",\"width\":2560,\"height\":1079,\"caption\":\"ECOFIRMA\"},\"image\":{\"@id\":\"https:\\\/\\\/www.ecofirma.co.ao\\\/#\\\/schema\\\/logo\\\/image\\\/\"},\"sameAs\":[\"https:\\\/\\\/www.facebook.com\\\/EcoEcofirma\",\"https:\\\/\\\/www.linkedin.com\\\/company\\\/grupoecofirma\"]}]}<\/script>\n<!-- \/ Yoast SEO plugin. -->","yoast_head_json":{"title":"Blog - ECOFIRMA","robots":{"index":"index","follow":"follow","max-snippet":"max-snippet:-1","max-image-preview":"max-image-preview:large","max-video-preview":"max-video-preview:-1"},"canonical":"https:\/\/www.ecofirma.co.ao\/pt\/blog\/","og_locale":"pt_PT","og_type":"article","og_title":"Blog - ECOFIRMA","og_description":"BLOG","og_url":"https:\/\/www.ecofirma.co.ao\/pt\/blog\/","og_site_name":"ECOFIRMA","article_publisher":"https:\/\/www.facebook.com\/EcoEcofirma","article_modified_time":"2024-03-13T19:05:40+00:00","twitter_card":"summary_large_image","twitter_misc":{"Tempo estimado de leitura":"3 minutos"},"schema":{"@context":"https:\/\/schema.org","@graph":[{"@type":"WebPage","@id":"https:\/\/www.ecofirma.co.ao\/blog\/","url":"https:\/\/www.ecofirma.co.ao\/blog\/","name":"Blog - ECOFIRMA","isPartOf":{"@id":"https:\/\/www.ecofirma.co.ao\/#website"},"datePublished":"2023-04-14T15:02:00+00:00","dateModified":"2024-03-13T19:05:40+00:00","breadcrumb":{"@id":"https:\/\/www.ecofirma.co.ao\/blog\/#breadcrumb"},"inLanguage":"pt-PT","potentialAction":[{"@type":"ReadAction","target":["https:\/\/www.ecofirma.co.ao\/blog\/"]}]},{"@type":"BreadcrumbList","@id":"https:\/\/www.ecofirma.co.ao\/blog\/#breadcrumb","itemListElement":[{"@type":"ListItem","position":1,"name":"In\u00edcio","item":"https:\/\/www.ecofirma.co.ao\/pt\/"},{"@type":"ListItem","position":2,"name":"Blog"}]},{"@type":"WebSite","@id":"https:\/\/www.ecofirma.co.ao\/#website","url":"https:\/\/www.ecofirma.co.ao\/","name":"ECOFIRMA","description":"Para Angola trazemos os mais evolu\u00eddos produtos, t\u00e9cnicas e equipamentos que garantem a optimiza\u00e7\u00e3o da efici\u00eancia da \u00e1gua em todas as estruturas de reten\u00e7\u00e3o.","publisher":{"@id":"https:\/\/www.ecofirma.co.ao\/#organization"},"potentialAction":[{"@type":"SearchAction","target":{"@type":"EntryPoint","urlTemplate":"https:\/\/www.ecofirma.co.ao\/?s={search_term_string}"},"query-input":{"@type":"PropertyValueSpecification","valueRequired":true,"valueName":"search_term_string"}}],"inLanguage":"pt-PT"},{"@type":"Organization","@id":"https:\/\/www.ecofirma.co.ao\/#organization","name":"ECOFIRMA","url":"https:\/\/www.ecofirma.co.ao\/","logo":{"@type":"ImageObject","inLanguage":"pt-PT","@id":"https:\/\/www.ecofirma.co.ao\/#\/schema\/logo\/image\/","url":"https:\/\/www.ecofirma.co.ao\/wp-content\/uploads\/2021\/11\/ECOFIRMA-Angola-logo-1-scaled.png","contentUrl":"https:\/\/www.ecofirma.co.ao\/wp-content\/uploads\/2021\/11\/ECOFIRMA-Angola-logo-1-scaled.png","width":2560,"height":1079,"caption":"ECOFIRMA"},"image":{"@id":"https:\/\/www.ecofirma.co.ao\/#\/schema\/logo\/image\/"},"sameAs":["https:\/\/www.facebook.com\/EcoEcofirma","https:\/\/www.linkedin.com\/company\/grupoecofirma"]}]}},"_links":{"self":[{"href":"https:\/\/www.ecofirma.co.ao\/pt\/wp-json\/wp\/v2\/pages\/7240","targetHints":{"allow":["GET"]}}],"collection":[{"href":"https:\/\/www.ecofirma.co.ao\/pt\/wp-json\/wp\/v2\/pages"}],"about":[{"href":"https:\/\/www.ecofirma.co.ao\/pt\/wp-json\/wp\/v2\/types\/page"}],"author":[{"embeddable":true,"href":"https:\/\/www.ecofirma.co.ao\/pt\/wp-json\/wp\/v2\/users\/4"}],"replies":[{"embeddable":true,"href":"https:\/\/www.ecofirma.co.ao\/pt\/wp-json\/wp\/v2\/comments?post=7240"}],"version-history":[{"count":9,"href":"https:\/\/www.ecofirma.co.ao\/pt\/wp-json\/wp\/v2\/pages\/7240\/revisions"}],"predecessor-version":[{"id":9481,"href":"https:\/\/www.ecofirma.co.ao\/pt\/wp-json\/wp\/v2\/pages\/7240\/revisions\/9481"}],"wp:attachment":[{"href":"https:\/\/www.ecofirma.co.ao\/pt\/wp-json\/wp\/v2\/media?parent=7240"}],"curies":[{"name":"wp","href":"https:\/\/api.w.org\/{rel}","templated":true}]}}