{"id":8696,"date":"2023-08-17T15:32:52","date_gmt":"2023-08-17T14:32:52","guid":{"rendered":"https:\/\/www.ecofirma.co.ao\/?page_id=8696"},"modified":"2024-03-13T20:10:53","modified_gmt":"2024-03-13T19:10:53","slug":"energia-solar","status":"publish","type":"page","link":"https:\/\/www.ecofirma.co.ao\/fr\/servicos\/energia-solar\/","title":{"rendered":"\u00c9nergie solaire"},"content":{"rendered":"<div data-elementor-type=\"wp-page\" data-elementor-id=\"8696\" class=\"elementor elementor-8696\" data-elementor-post-type=\"page\">\n\t\t\t\t<div class=\"elementor-element elementor-element-a4f5442 e-con-full e-flex e-con e-parent\" data-id=\"a4f5442\" data-element_type=\"container\" data-e-type=\"container\" data-settings=\"{&quot;background_background&quot;:&quot;classic&quot;}\">\n\t\t<div class=\"elementor-element elementor-element-bfae7e1 e-flex e-con-boxed e-con e-child\" data-id=\"bfae7e1\" data-element_type=\"container\" data-e-type=\"container\">\n\t\t\t\t\t<div class=\"e-con-inner\">\n\t\t\t\t<div class=\"elementor-element elementor-element-39e1ad8 elementor-widget elementor-widget-image\" data-id=\"39e1ad8\" data-element_type=\"widget\" data-e-type=\"widget\" id=\"#icon\" data-settings=\"{&quot;motion_fx_motion_fx_mouse&quot;:&quot;yes&quot;,&quot;motion_fx_mouseTrack_effect&quot;:&quot;yes&quot;,&quot;motion_fx_mouseTrack_speed&quot;:{&quot;unit&quot;:&quot;px&quot;,&quot;size&quot;:0.1000000000000000055511151231257827021181583404541015625,&quot;sizes&quot;:[]},&quot;motion_fx_tilt_effect&quot;:&quot;yes&quot;,&quot;motion_fx_tilt_speed&quot;:{&quot;unit&quot;:&quot;px&quot;,&quot;size&quot;:2,&quot;sizes&quot;:[]}}\" data-widget_type=\"image.default\">\n\t\t\t\t<div class=\"elementor-widget-container\">\n\t\t\t\t\t\t\t\t\t\t\t\t\t\t\t<img fetchpriority=\"high\" decoding=\"async\" width=\"800\" height=\"799\" src=\"https:\/\/www.ecofirma.co.ao\/wp-content\/uploads\/2023\/08\/icon_VVV.png\" class=\"attachment-large size-large wp-image-8725\" alt=\"\" srcset=\"https:\/\/www.ecofirma.co.ao\/wp-content\/uploads\/2023\/08\/icon_VVV.png 835w, https:\/\/www.ecofirma.co.ao\/wp-content\/uploads\/2023\/08\/icon_VVV-300x300.png 300w, https:\/\/www.ecofirma.co.ao\/wp-content\/uploads\/2023\/08\/icon_VVV-150x150.png 150w, https:\/\/www.ecofirma.co.ao\/wp-content\/uploads\/2023\/08\/icon_VVV-768x767.png 768w\" sizes=\"(max-width: 800px) 100vw, 800px\" \/>\t\t\t\t\t\t\t\t\t\t\t\t\t\t\t<\/div>\n\t\t\t\t<\/div>\n\t\t\t\t<div class=\"elementor-element elementor-element-172bbcb elementor-widget elementor-widget-text-editor\" data-id=\"172bbcb\" data-element_type=\"widget\" data-e-type=\"widget\" data-widget_type=\"text-editor.default\">\n\t\t\t\t<div class=\"elementor-widget-container\">\n\t\t\t\t\t\t\t\t\t<p class=\"p1\">\u00c9NERGIE SOLAIRE<\/p>\t\t\t\t\t\t\t\t<\/div>\n\t\t\t\t<\/div>\n\t\t\t\t\t<\/div>\n\t\t\t\t<\/div>\n\t\t\t\t<\/div>\n\t\t<div class=\"elementor-element elementor-element-45d8ec1 e-flex e-con-boxed e-con e-parent\" data-id=\"45d8ec1\" data-element_type=\"container\" data-e-type=\"container\" data-settings=\"{&quot;background_background&quot;:&quot;classic&quot;}\">\n\t\t\t\t\t<div class=\"e-con-inner\">\n\t\t\t\t<div class=\"elementor-element elementor-element-c813ea0 elementor-widget elementor-widget-text-editor\" data-id=\"c813ea0\" data-element_type=\"widget\" data-e-type=\"widget\" data-widget_type=\"text-editor.default\">\n\t\t\t\t<div class=\"elementor-widget-container\">\n\t\t\t\t\t\t\t\t\t<p>Depuis 1997, ECOFIRMA acquiert des connaissances dans plusieurs domaines compl\u00e9mentaires \u2013 pour offrir \u00e0 ses clients les meilleures solutions cl\u00e9 en main.<\/p>\n<p>L&#039;\u00e9nergie solaire est fondamentale pour am\u00e9liorer la durabilit\u00e9 des entreprises et de la production agricole.&nbsp;<\/p>\n<p>Des \u00e9quipes sp\u00e9cialis\u00e9es dot\u00e9es d&#039;une formation et de connaissances avanc\u00e9es veilleront \u00e0 ce que vous ayez <b>une alimentation \u00e9lectrique impeccable m\u00eame dans les zones recul\u00e9es ou sans acc\u00e8s \u00e0 l&#039;\u00e9lectricit\u00e9<\/b>.<\/p>\t\t\t\t\t\t\t\t<\/div>\n\t\t\t\t<\/div>\n\t\t\t\t\t<\/div>\n\t\t\t\t<\/div>\n\t\t<div class=\"elementor-element elementor-element-1318d68 e-flex e-con-boxed e-con e-parent\" data-id=\"1318d68\" data-element_type=\"container\" data-e-type=\"container\">\n\t\t\t\t\t<div class=\"e-con-inner\">\n\t\t<div class=\"elementor-element elementor-element-6d1681d e-con-full e-flex elementor-invisible e-con e-child\" data-id=\"6d1681d\" data-element_type=\"container\" data-e-type=\"container\" data-settings=\"{&quot;background_background&quot;:&quot;classic&quot;,&quot;animation&quot;:&quot;fadeInLeft&quot;}\">\n\t\t\t\t<\/div>\n\t\t<div class=\"elementor-element elementor-element-e5e4ad3 e-con-full animated-slow e-flex elementor-invisible e-con e-child\" data-id=\"e5e4ad3\" data-element_type=\"container\" data-e-type=\"container\" data-settings=\"{&quot;animation&quot;:&quot;fadeIn&quot;}\">\n\t\t\t\t<div class=\"elementor-element elementor-element-dfb616f elementor-widget elementor-widget-heading\" data-id=\"dfb616f\" data-element_type=\"widget\" data-e-type=\"widget\" data-widget_type=\"heading.default\">\n\t\t\t\t<div class=\"elementor-widget-container\">\n\t\t\t\t\t<h2 class=\"elementor-heading-title elementor-size-default\">types d&#039;installations<\/h2>\t\t\t\t<\/div>\n\t\t\t\t<\/div>\n\t\t\t\t<div class=\"elementor-element elementor-element-1267223 elementor-widget elementor-widget-text-editor\" data-id=\"1267223\" data-element_type=\"widget\" data-e-type=\"widget\" data-widget_type=\"text-editor.default\">\n\t\t\t\t<div class=\"elementor-widget-container\">\n\t\t\t\t\t\t\t\t\t<ul><li>Syst\u00e8mes isol\u00e9s, id\u00e9aux dans les endroits sans r\u00e9seau public\u00a0;<\/li><li>Syst\u00e8mes de production et de vente d&#039;\u00e9lectricit\u00e9 au r\u00e9seau public\u00a0;<\/li><li>Syst\u00e8mes d&#039;autoconsommation pour la consommation d&#039;\u00e9nergie chez le consommateur\u00a0;<\/li><li>Des syst\u00e8mes de pompage d&#039;eau \u00e0 \u00e9nergie solaire, parfaitement adapt\u00e9s \u00e0 vos besoins.<\/li><\/ul>\t\t\t\t\t\t\t\t<\/div>\n\t\t\t\t<\/div>\n\t\t\t\t<\/div>\n\t\t\t\t\t<\/div>\n\t\t\t\t<\/div>\n\t\t<div class=\"elementor-element elementor-element-0488c0e e-flex e-con-boxed e-con e-parent\" data-id=\"0488c0e\" data-element_type=\"container\" data-e-type=\"container\" data-settings=\"{&quot;background_background&quot;:&quot;classic&quot;}\">\n\t\t\t\t\t<div class=\"e-con-inner\">\n\t\t<div class=\"elementor-element elementor-element-273ed8b e-con-full animated-slow e-flex elementor-invisible e-con e-child\" data-id=\"273ed8b\" data-element_type=\"container\" data-e-type=\"container\" data-settings=\"{&quot;animation&quot;:&quot;fadeIn&quot;}\">\n\t\t\t\t<div class=\"elementor-element elementor-element-10c352f elementor-widget elementor-widget-heading\" data-id=\"10c352f\" data-element_type=\"widget\" data-e-type=\"widget\" data-widget_type=\"heading.default\">\n\t\t\t\t<div class=\"elementor-widget-container\">\n\t\t\t\t\t<h2 class=\"elementor-heading-title elementor-size-default\">m\u00e9thodologie<\/h2>\t\t\t\t<\/div>\n\t\t\t\t<\/div>\n\t\t\t\t<div class=\"elementor-element elementor-element-6cc16cf elementor-widget elementor-widget-text-editor\" data-id=\"6cc16cf\" data-element_type=\"widget\" data-e-type=\"widget\" data-widget_type=\"text-editor.default\">\n\t\t\t\t<div class=\"elementor-widget-container\">\n\t\t\t\t\t\t\t\t\t<ul><li><p class=\"p1\"><strong>LEVAGE<\/strong><\/p><p class=\"p2\">Enqu\u00eate et pr\u00e9sentation des conditions de l&#039;endroit o\u00f9 le syst\u00e8me serait install\u00e9. Pr\u00e9sentation de l&#039;emplacement le plus avantageux pour l&#039;installation du syst\u00e8me\u00a0;<\/p><\/li><li><p class=\"p1\"><strong>PR\u00c9PARATION DU TERRAIN<\/strong><\/p><p class=\"p2\">Relev\u00e9 topographique. Ex\u00e9cution des travaux de g\u00e9nie civil, y compris le nettoyage et le nivellement du terrain, les fondations en b\u00e9ton et les cl\u00f4tures\u00a0;<\/p><\/li><li><p class=\"p1\"><strong>INSTALLATION<\/strong><\/p><p class=\"p2\">Travaux d\u2019installation d\u2019\u00e9quipements dans le respect des bonnes pratiques\u00a0;<\/p><\/li><li><p class=\"p1\"><strong>MISE EN SERVICE<\/strong><\/p><p class=\"p2\">D\u00e9marrage et tests du syst\u00e8me. Formation technique \u00e0 la maintenance des syst\u00e8mes pour les op\u00e9rateurs locaux.<\/p><\/li><\/ul>\t\t\t\t\t\t\t\t<\/div>\n\t\t\t\t<\/div>\n\t\t\t\t<\/div>\n\t\t<div class=\"elementor-element elementor-element-79db2c2 e-con-full e-flex elementor-invisible e-con e-child\" data-id=\"79db2c2\" data-element_type=\"container\" data-e-type=\"container\" data-settings=\"{&quot;background_background&quot;:&quot;classic&quot;,&quot;animation&quot;:&quot;fadeInRight&quot;}\">\n\t\t\t\t<\/div>\n\t\t\t\t\t<\/div>\n\t\t\t\t<\/div>\n\t\t<div class=\"elementor-element elementor-element-4010085 animated-slow e-con-full e-flex elementor-invisible e-con e-parent\" data-id=\"4010085\" data-element_type=\"container\" data-e-type=\"container\" data-settings=\"{&quot;animation&quot;:&quot;fadeIn&quot;}\">\n\t\t\t\t<div class=\"elementor-element elementor-element-c287c9d elementor-widget elementor-widget-gallery\" data-id=\"c287c9d\" data-element_type=\"widget\" data-e-type=\"widget\" data-settings=\"{&quot;columns&quot;:3,&quot;gap&quot;:{&quot;unit&quot;:&quot;px&quot;,&quot;size&quot;:15,&quot;sizes&quot;:[]},&quot;lazyload&quot;:&quot;yes&quot;,&quot;gallery_layout&quot;:&quot;grid&quot;,&quot;columns_tablet&quot;:2,&quot;columns_mobile&quot;:1,&quot;gap_tablet&quot;:{&quot;unit&quot;:&quot;px&quot;,&quot;size&quot;:10,&quot;sizes&quot;:[]},&quot;gap_mobile&quot;:{&quot;unit&quot;:&quot;px&quot;,&quot;size&quot;:10,&quot;sizes&quot;:[]},&quot;aspect_ratio&quot;:&quot;3:2&quot;,&quot;overlay_background&quot;:&quot;yes&quot;,&quot;content_hover_animation&quot;:&quot;fade-in&quot;}\" data-widget_type=\"gallery.default\">\n\t\t\t\t<div class=\"elementor-widget-container\">\n\t\t\t\t\t\t\t<div class=\"elementor-gallery__container\">\n\t\t\t\t\t\t\t<div class=\"e-gallery-item elementor-gallery-item elementor-animated-content\">\n\t\t\t\t\t<div class=\"e-gallery-image elementor-gallery-item__image\" data-thumbnail=\"https:\/\/www.ecofirma.co.ao\/wp-content\/uploads\/2023\/08\/don3-58-58-58.jpg\" data-width=\"1668\" data-height=\"827\" aria-label=\"\" role=\"img\" ><\/div>\n\t\t\t\t\t\t\t\t\t\t\t<div class=\"elementor-gallery-item__overlay\"><\/div>\n\t\t\t\t\t\t\t\t\t\t\t\t\t\t<\/div>\n\t\t\t\t\t\t\t<div class=\"e-gallery-item elementor-gallery-item elementor-animated-content\">\n\t\t\t\t\t<div class=\"e-gallery-image elementor-gallery-item__image\" data-thumbnail=\"https:\/\/www.ecofirma.co.ao\/wp-content\/uploads\/2023\/08\/don6.jpg\" data-width=\"800\" data-height=\"397\" aria-label=\"\" role=\"img\" ><\/div>\n\t\t\t\t\t\t\t\t\t\t\t<div class=\"elementor-gallery-item__overlay\"><\/div>\n\t\t\t\t\t\t\t\t\t\t\t\t\t\t<\/div>\n\t\t\t\t\t\t\t<div class=\"e-gallery-item elementor-gallery-item elementor-animated-content\">\n\t\t\t\t\t<div class=\"e-gallery-image elementor-gallery-item__image\" data-thumbnail=\"https:\/\/www.ecofirma.co.ao\/wp-content\/uploads\/2023\/08\/don5.jpg\" data-width=\"800\" data-height=\"397\" aria-label=\"\" role=\"img\" ><\/div>\n\t\t\t\t\t\t\t\t\t\t\t<div class=\"elementor-gallery-item__overlay\"><\/div>\n\t\t\t\t\t\t\t\t\t\t\t\t\t\t<\/div>\n\t\t\t\t\t\t\t<div class=\"e-gallery-item elementor-gallery-item elementor-animated-content\">\n\t\t\t\t\t<div class=\"e-gallery-image elementor-gallery-item__image\" data-thumbnail=\"https:\/\/www.ecofirma.co.ao\/wp-content\/uploads\/2023\/08\/don2-58-58.jpg\" data-width=\"1668\" data-height=\"827\" aria-label=\"\" role=\"img\" ><\/div>\n\t\t\t\t\t\t\t\t\t\t\t<div class=\"elementor-gallery-item__overlay\"><\/div>\n\t\t\t\t\t\t\t\t\t\t\t\t\t\t<\/div>\n\t\t\t\t\t\t\t<div class=\"e-gallery-item elementor-gallery-item elementor-animated-content\">\n\t\t\t\t\t<div class=\"e-gallery-image elementor-gallery-item__image\" data-thumbnail=\"https:\/\/www.ecofirma.co.ao\/wp-content\/uploads\/2023\/08\/psd1-7.jpg\" data-width=\"800\" data-height=\"600\" aria-label=\"\" role=\"img\" ><\/div>\n\t\t\t\t\t\t\t\t\t\t\t<div class=\"elementor-gallery-item__overlay\"><\/div>\n\t\t\t\t\t\t\t\t\t\t\t\t\t\t<\/div>\n\t\t\t\t\t\t\t<div class=\"e-gallery-item elementor-gallery-item elementor-animated-content\">\n\t\t\t\t\t<div class=\"e-gallery-image elementor-gallery-item__image\" data-thumbnail=\"https:\/\/www.ecofirma.co.ao\/wp-content\/uploads\/2023\/08\/psd2-6.jpg\" data-width=\"800\" data-height=\"1067\" aria-label=\"\" role=\"img\" ><\/div>\n\t\t\t\t\t\t\t\t\t\t\t<div class=\"elementor-gallery-item__overlay\"><\/div>\n\t\t\t\t\t\t\t\t\t\t\t\t\t\t<\/div>\n\t\t\t\t\t\t\t<div class=\"e-gallery-item elementor-gallery-item elementor-animated-content\">\n\t\t\t\t\t<div class=\"e-gallery-image elementor-gallery-item__image\" data-thumbnail=\"https:\/\/www.ecofirma.co.ao\/wp-content\/uploads\/2023\/08\/psd3-4.jpg\" data-width=\"800\" data-height=\"1067\" aria-label=\"\" role=\"img\" ><\/div>\n\t\t\t\t\t\t\t\t\t\t\t<div class=\"elementor-gallery-item__overlay\"><\/div>\n\t\t\t\t\t\t\t\t\t\t\t\t\t\t<\/div>\n\t\t\t\t\t\t\t<div class=\"e-gallery-item elementor-gallery-item elementor-animated-content\">\n\t\t\t\t\t<div class=\"e-gallery-image elementor-gallery-item__image\" data-thumbnail=\"https:\/\/www.ecofirma.co.ao\/wp-content\/uploads\/2023\/08\/psd4-4.jpg\" data-width=\"800\" data-height=\"518\" aria-label=\"\" role=\"img\" ><\/div>\n\t\t\t\t\t\t\t\t\t\t\t<div class=\"elementor-gallery-item__overlay\"><\/div>\n\t\t\t\t\t\t\t\t\t\t\t\t\t\t<\/div>\n\t\t\t\t\t\t\t<div class=\"e-gallery-item elementor-gallery-item elementor-animated-content\">\n\t\t\t\t\t<div class=\"e-gallery-image elementor-gallery-item__image\" data-thumbnail=\"https:\/\/www.ecofirma.co.ao\/wp-content\/uploads\/2023\/08\/psd5-1.jpg\" data-width=\"800\" data-height=\"484\" aria-label=\"\" role=\"img\" ><\/div>\n\t\t\t\t\t\t\t\t\t\t\t<div class=\"elementor-gallery-item__overlay\"><\/div>\n\t\t\t\t\t\t\t\t\t\t\t\t\t\t<\/div>\n\t\t\t\t\t<\/div>\n\t\t\t\t\t<\/div>\n\t\t\t\t<\/div>\n\t\t\t\t<\/div>\n\t\t\t\t<\/div>","protected":false},"excerpt":{"rendered":"<p>Nous effectuons des inspections vid\u00e9o des canalisations pour une \u00e9valuation d\u00e9taill\u00e9e de l&#039;\u00e9tat et de la qualit\u00e9 des syst\u00e8mes d&#039;\u00e9gouts, tant dans les zones r\u00e9sidentielles que commerciales. Gr\u00e2ce \u00e0 des regards \u00e0 t\u00eate rotative, nous sommes en mesure d\u2019examiner minutieusement les joints qui relient les canalisations, en identifiant d\u2019\u00e9ventuelles anomalies ou dommages.<\/p>","protected":false},"author":5,"featured_media":8717,"parent":1255,"menu_order":0,"comment_status":"closed","ping_status":"closed","template":"elementor_header_footer","meta":{"footnotes":""},"class_list":["post-8696","page","type-page","status-publish","has-post-thumbnail","hentry"],"yoast_head":"<!-- This site is optimized with the Yoast SEO plugin v27.3 - https:\/\/yoast.com\/product\/yoast-seo-wordpress\/ -->\n<title>Energia Solar<\/title>\n<meta name=\"description\" content=\"A Energia Solar \u00e9 fundamental para potenciar a sustentabilidade de empresas e produ\u00e7\u00f5es agr\u00edcolas. Garantimos que tem energia sem falhas mesmo em zonas remotas ou sem acesso a eletricidade.\" \/>\n<meta name=\"robots\" content=\"index, follow, max-snippet:-1, max-image-preview:large, max-video-preview:-1\" \/>\n<link rel=\"canonical\" href=\"https:\/\/www.ecofirma.co.ao\/fr\/servicos\/energia-solar\/\" \/>\n<meta property=\"og:locale\" content=\"fr_FR\" \/>\n<meta property=\"og:type\" content=\"article\" \/>\n<meta property=\"og:title\" content=\"Energia Solar\" \/>\n<meta property=\"og:description\" content=\"A Energia Solar \u00e9 fundamental para potenciar a sustentabilidade de empresas e produ\u00e7\u00f5es agr\u00edcolas. Garantimos que tem energia sem falhas mesmo em zonas remotas ou sem acesso a eletricidade.\" \/>\n<meta property=\"og:url\" content=\"https:\/\/www.ecofirma.co.ao\/fr\/servicos\/energia-solar\/\" \/>\n<meta property=\"og:site_name\" content=\"ECOFIRMA\" \/>\n<meta property=\"article:publisher\" content=\"https:\/\/www.facebook.com\/EcoEcofirma\" \/>\n<meta property=\"article:modified_time\" content=\"2024-03-13T19:10:53+00:00\" \/>\n<meta property=\"og:image\" content=\"http:\/\/www.ecofirma.co.ao\/wp-content\/uploads\/2023\/08\/don1-58.jpg?_t=1710357053\" \/>\n\t<meta property=\"og:image:width\" content=\"1668\" \/>\n\t<meta property=\"og:image:height\" content=\"827\" \/>\n\t<meta property=\"og:image:type\" content=\"image\/jpeg\" \/>\n<meta name=\"twitter:card\" content=\"summary_large_image\" \/>\n<meta name=\"twitter:label1\" content=\"Dur\u00e9e de lecture estim\u00e9e\" \/>\n\t<meta name=\"twitter:data1\" content=\"2 minutes\" \/>\n<script type=\"application\/ld+json\" class=\"yoast-schema-graph\">{\"@context\":\"https:\\\/\\\/schema.org\",\"@graph\":[{\"@type\":\"WebPage\",\"@id\":\"https:\\\/\\\/www.ecofirma.co.ao\\\/servicos\\\/energia-solar\\\/\",\"url\":\"https:\\\/\\\/www.ecofirma.co.ao\\\/servicos\\\/energia-solar\\\/\",\"name\":\"Energia Solar\",\"isPartOf\":{\"@id\":\"https:\\\/\\\/www.ecofirma.co.ao\\\/#website\"},\"primaryImageOfPage\":{\"@id\":\"https:\\\/\\\/www.ecofirma.co.ao\\\/servicos\\\/energia-solar\\\/#primaryimage\"},\"image\":{\"@id\":\"https:\\\/\\\/www.ecofirma.co.ao\\\/servicos\\\/energia-solar\\\/#primaryimage\"},\"thumbnailUrl\":\"https:\\\/\\\/www.ecofirma.co.ao\\\/wp-content\\\/uploads\\\/2023\\\/08\\\/don1-58.jpg\",\"datePublished\":\"2023-08-17T14:32:52+00:00\",\"dateModified\":\"2024-03-13T19:10:53+00:00\",\"description\":\"A Energia Solar \u00e9 fundamental para potenciar a sustentabilidade de empresas e produ\u00e7\u00f5es agr\u00edcolas. Garantimos que tem energia sem falhas mesmo em zonas remotas ou sem acesso a eletricidade.\",\"breadcrumb\":{\"@id\":\"https:\\\/\\\/www.ecofirma.co.ao\\\/servicos\\\/energia-solar\\\/#breadcrumb\"},\"inLanguage\":\"fr-FR\",\"potentialAction\":[{\"@type\":\"ReadAction\",\"target\":[\"https:\\\/\\\/www.ecofirma.co.ao\\\/servicos\\\/energia-solar\\\/\"]}]},{\"@type\":\"ImageObject\",\"inLanguage\":\"fr-FR\",\"@id\":\"https:\\\/\\\/www.ecofirma.co.ao\\\/servicos\\\/energia-solar\\\/#primaryimage\",\"url\":\"https:\\\/\\\/www.ecofirma.co.ao\\\/wp-content\\\/uploads\\\/2023\\\/08\\\/don1-58.jpg\",\"contentUrl\":\"https:\\\/\\\/www.ecofirma.co.ao\\\/wp-content\\\/uploads\\\/2023\\\/08\\\/don1-58.jpg\",\"width\":1668,\"height\":827},{\"@type\":\"BreadcrumbList\",\"@id\":\"https:\\\/\\\/www.ecofirma.co.ao\\\/servicos\\\/energia-solar\\\/#breadcrumb\",\"itemListElement\":[{\"@type\":\"ListItem\",\"position\":1,\"name\":\"In\u00edcio\",\"item\":\"https:\\\/\\\/www.ecofirma.co.ao\\\/pt\\\/\"},{\"@type\":\"ListItem\",\"position\":2,\"name\":\"Os nossos servi\u00e7os\",\"item\":\"https:\\\/\\\/www.ecofirma.co.ao\\\/servicos\\\/\"},{\"@type\":\"ListItem\",\"position\":3,\"name\":\"Energia Solar\"}]},{\"@type\":\"WebSite\",\"@id\":\"https:\\\/\\\/www.ecofirma.co.ao\\\/#website\",\"url\":\"https:\\\/\\\/www.ecofirma.co.ao\\\/\",\"name\":\"ECOFIRMA\",\"description\":\"Para Angola trazemos os mais evolu\u00eddos produtos, t\u00e9cnicas e equipamentos que garantem a optimiza\u00e7\u00e3o da efici\u00eancia da \u00e1gua em todas as estruturas de reten\u00e7\u00e3o.\",\"publisher\":{\"@id\":\"https:\\\/\\\/www.ecofirma.co.ao\\\/#organization\"},\"potentialAction\":[{\"@type\":\"SearchAction\",\"target\":{\"@type\":\"EntryPoint\",\"urlTemplate\":\"https:\\\/\\\/www.ecofirma.co.ao\\\/?s={search_term_string}\"},\"query-input\":{\"@type\":\"PropertyValueSpecification\",\"valueRequired\":true,\"valueName\":\"search_term_string\"}}],\"inLanguage\":\"fr-FR\"},{\"@type\":\"Organization\",\"@id\":\"https:\\\/\\\/www.ecofirma.co.ao\\\/#organization\",\"name\":\"ECOFIRMA\",\"url\":\"https:\\\/\\\/www.ecofirma.co.ao\\\/\",\"logo\":{\"@type\":\"ImageObject\",\"inLanguage\":\"fr-FR\",\"@id\":\"https:\\\/\\\/www.ecofirma.co.ao\\\/#\\\/schema\\\/logo\\\/image\\\/\",\"url\":\"https:\\\/\\\/www.ecofirma.co.ao\\\/wp-content\\\/uploads\\\/2021\\\/11\\\/ECOFIRMA-Angola-logo-1-scaled.png\",\"contentUrl\":\"https:\\\/\\\/www.ecofirma.co.ao\\\/wp-content\\\/uploads\\\/2021\\\/11\\\/ECOFIRMA-Angola-logo-1-scaled.png\",\"width\":2560,\"height\":1079,\"caption\":\"ECOFIRMA\"},\"image\":{\"@id\":\"https:\\\/\\\/www.ecofirma.co.ao\\\/#\\\/schema\\\/logo\\\/image\\\/\"},\"sameAs\":[\"https:\\\/\\\/www.facebook.com\\\/EcoEcofirma\",\"https:\\\/\\\/www.linkedin.com\\\/company\\\/grupoecofirma\"]}]}<\/script>\n<!-- \/ Yoast SEO plugin. -->","yoast_head_json":{"title":"\u00c9nergie solaire","description":"A Energia Solar \u00e9 fundamental para potenciar a sustentabilidade de empresas e produ\u00e7\u00f5es agr\u00edcolas. Garantimos que tem energia sem falhas mesmo em zonas remotas ou sem acesso a eletricidade.","robots":{"index":"index","follow":"follow","max-snippet":"max-snippet:-1","max-image-preview":"max-image-preview:large","max-video-preview":"max-video-preview:-1"},"canonical":"https:\/\/www.ecofirma.co.ao\/fr\/servicos\/energia-solar\/","og_locale":"fr_FR","og_type":"article","og_title":"Energia Solar","og_description":"A Energia Solar \u00e9 fundamental para potenciar a sustentabilidade de empresas e produ\u00e7\u00f5es agr\u00edcolas. Garantimos que tem energia sem falhas mesmo em zonas remotas ou sem acesso a eletricidade.","og_url":"https:\/\/www.ecofirma.co.ao\/fr\/servicos\/energia-solar\/","og_site_name":"ECOFIRMA","article_publisher":"https:\/\/www.facebook.com\/EcoEcofirma","article_modified_time":"2024-03-13T19:10:53+00:00","og_image":[{"width":1668,"height":827,"url":"http:\/\/www.ecofirma.co.ao\/wp-content\/uploads\/2023\/08\/don1-58.jpg?_t=1710357053","type":"image\/jpeg"}],"twitter_card":"summary_large_image","twitter_misc":{"Dur\u00e9e de lecture estim\u00e9e":"2 minutes"},"schema":{"@context":"https:\/\/schema.org","@graph":[{"@type":"WebPage","@id":"https:\/\/www.ecofirma.co.ao\/servicos\/energia-solar\/","url":"https:\/\/www.ecofirma.co.ao\/servicos\/energia-solar\/","name":"\u00c9nergie solaire","isPartOf":{"@id":"https:\/\/www.ecofirma.co.ao\/#website"},"primaryImageOfPage":{"@id":"https:\/\/www.ecofirma.co.ao\/servicos\/energia-solar\/#primaryimage"},"image":{"@id":"https:\/\/www.ecofirma.co.ao\/servicos\/energia-solar\/#primaryimage"},"thumbnailUrl":"https:\/\/www.ecofirma.co.ao\/wp-content\/uploads\/2023\/08\/don1-58.jpg","datePublished":"2023-08-17T14:32:52+00:00","dateModified":"2024-03-13T19:10:53+00:00","description":"A Energia Solar \u00e9 fundamental para potenciar a sustentabilidade de empresas e produ\u00e7\u00f5es agr\u00edcolas. Garantimos que tem energia sem falhas mesmo em zonas remotas ou sem acesso a eletricidade.","breadcrumb":{"@id":"https:\/\/www.ecofirma.co.ao\/servicos\/energia-solar\/#breadcrumb"},"inLanguage":"fr-FR","potentialAction":[{"@type":"ReadAction","target":["https:\/\/www.ecofirma.co.ao\/servicos\/energia-solar\/"]}]},{"@type":"ImageObject","inLanguage":"fr-FR","@id":"https:\/\/www.ecofirma.co.ao\/servicos\/energia-solar\/#primaryimage","url":"https:\/\/www.ecofirma.co.ao\/wp-content\/uploads\/2023\/08\/don1-58.jpg","contentUrl":"https:\/\/www.ecofirma.co.ao\/wp-content\/uploads\/2023\/08\/don1-58.jpg","width":1668,"height":827},{"@type":"BreadcrumbList","@id":"https:\/\/www.ecofirma.co.ao\/servicos\/energia-solar\/#breadcrumb","itemListElement":[{"@type":"ListItem","position":1,"name":"In\u00edcio","item":"https:\/\/www.ecofirma.co.ao\/pt\/"},{"@type":"ListItem","position":2,"name":"Os nossos servi\u00e7os","item":"https:\/\/www.ecofirma.co.ao\/servicos\/"},{"@type":"ListItem","position":3,"name":"Energia Solar"}]},{"@type":"WebSite","@id":"https:\/\/www.ecofirma.co.ao\/#website","url":"https:\/\/www.ecofirma.co.ao\/","name":"ECOFIRMA","description":"En Angola, nous apportons les produits, techniques et \u00e9quipements les plus avanc\u00e9s qui garantissent l\u2019optimisation de l\u2019efficacit\u00e9 de l\u2019eau dans toutes les structures de r\u00e9tention.","publisher":{"@id":"https:\/\/www.ecofirma.co.ao\/#organization"},"potentialAction":[{"@type":"SearchAction","target":{"@type":"EntryPoint","urlTemplate":"https:\/\/www.ecofirma.co.ao\/?s={search_term_string}"},"query-input":{"@type":"PropertyValueSpecification","valueRequired":true,"valueName":"search_term_string"}}],"inLanguage":"fr-FR"},{"@type":"Organization","@id":"https:\/\/www.ecofirma.co.ao\/#organization","name":"ECOFIRMA","url":"https:\/\/www.ecofirma.co.ao\/","logo":{"@type":"ImageObject","inLanguage":"fr-FR","@id":"https:\/\/www.ecofirma.co.ao\/#\/schema\/logo\/image\/","url":"https:\/\/www.ecofirma.co.ao\/wp-content\/uploads\/2021\/11\/ECOFIRMA-Angola-logo-1-scaled.png","contentUrl":"https:\/\/www.ecofirma.co.ao\/wp-content\/uploads\/2021\/11\/ECOFIRMA-Angola-logo-1-scaled.png","width":2560,"height":1079,"caption":"ECOFIRMA"},"image":{"@id":"https:\/\/www.ecofirma.co.ao\/#\/schema\/logo\/image\/"},"sameAs":["https:\/\/www.facebook.com\/EcoEcofirma","https:\/\/www.linkedin.com\/company\/grupoecofirma"]}]}},"_links":{"self":[{"href":"https:\/\/www.ecofirma.co.ao\/fr\/wp-json\/wp\/v2\/pages\/8696","targetHints":{"allow":["GET"]}}],"collection":[{"href":"https:\/\/www.ecofirma.co.ao\/fr\/wp-json\/wp\/v2\/pages"}],"about":[{"href":"https:\/\/www.ecofirma.co.ao\/fr\/wp-json\/wp\/v2\/types\/page"}],"author":[{"embeddable":true,"href":"https:\/\/www.ecofirma.co.ao\/fr\/wp-json\/wp\/v2\/users\/5"}],"replies":[{"embeddable":true,"href":"https:\/\/www.ecofirma.co.ao\/fr\/wp-json\/wp\/v2\/comments?post=8696"}],"version-history":[{"count":27,"href":"https:\/\/www.ecofirma.co.ao\/fr\/wp-json\/wp\/v2\/pages\/8696\/revisions"}],"predecessor-version":[{"id":9500,"href":"https:\/\/www.ecofirma.co.ao\/fr\/wp-json\/wp\/v2\/pages\/8696\/revisions\/9500"}],"up":[{"embeddable":true,"href":"https:\/\/www.ecofirma.co.ao\/fr\/wp-json\/wp\/v2\/pages\/1255"}],"wp:featuredmedia":[{"embeddable":true,"href":"https:\/\/www.ecofirma.co.ao\/fr\/wp-json\/wp\/v2\/media\/8717"}],"wp:attachment":[{"href":"https:\/\/www.ecofirma.co.ao\/fr\/wp-json\/wp\/v2\/media?parent=8696"}],"curies":[{"name":"wp","href":"https:\/\/api.w.org\/{rel}","templated":true}]}}