{"id":7807,"date":"2023-06-17T17:28:12","date_gmt":"2023-06-17T16:28:12","guid":{"rendered":"https:\/\/www.ecofirma.co.ao\/?page_id=7807"},"modified":"2024-03-13T20:12:17","modified_gmt":"2024-03-13T19:12:17","slug":"inspeccao-video","status":"publish","type":"page","link":"https:\/\/www.ecofirma.co.ao\/fr\/servicos\/inspeccao-video\/","title":{"rendered":"Inspection vid\u00e9o"},"content":{"rendered":"<div data-elementor-type=\"wp-page\" data-elementor-id=\"7807\" class=\"elementor elementor-7807\" data-elementor-post-type=\"page\">\n\t\t\t\t<div class=\"elementor-element elementor-element-a4f5442 e-con-full e-flex e-con e-parent\" data-id=\"a4f5442\" data-element_type=\"container\" data-e-type=\"container\" data-settings=\"{&quot;background_background&quot;:&quot;classic&quot;}\">\n\t\t<div class=\"elementor-element elementor-element-bfae7e1 e-flex e-con-boxed e-con e-child\" data-id=\"bfae7e1\" data-element_type=\"container\" data-e-type=\"container\">\n\t\t\t\t\t<div class=\"e-con-inner\">\n\t\t\t\t<div class=\"elementor-element elementor-element-39e1ad8 elementor-widget elementor-widget-image\" data-id=\"39e1ad8\" data-element_type=\"widget\" data-e-type=\"widget\" id=\"#icon\" data-settings=\"{&quot;motion_fx_motion_fx_mouse&quot;:&quot;yes&quot;,&quot;motion_fx_mouseTrack_effect&quot;:&quot;yes&quot;,&quot;motion_fx_mouseTrack_speed&quot;:{&quot;unit&quot;:&quot;px&quot;,&quot;size&quot;:0.1000000000000000055511151231257827021181583404541015625,&quot;sizes&quot;:[]},&quot;motion_fx_tilt_effect&quot;:&quot;yes&quot;,&quot;motion_fx_tilt_speed&quot;:{&quot;unit&quot;:&quot;px&quot;,&quot;size&quot;:2,&quot;sizes&quot;:[]}}\" data-widget_type=\"image.default\">\n\t\t\t\t<div class=\"elementor-widget-container\">\n\t\t\t\t\t\t\t\t\t\t\t\t\t\t\t<img decoding=\"async\" width=\"168\" height=\"168\" src=\"https:\/\/www.ecofirma.co.ao\/wp-content\/uploads\/2018\/03\/cctv00.png\" class=\"attachment-large size-large wp-image-1465\" alt=\"\" srcset=\"https:\/\/www.ecofirma.co.ao\/wp-content\/uploads\/2018\/03\/cctv00.png 168w, https:\/\/www.ecofirma.co.ao\/wp-content\/uploads\/2018\/03\/cctv00-150x150.png 150w\" sizes=\"(max-width: 168px) 100vw, 168px\" \/>\t\t\t\t\t\t\t\t\t\t\t\t\t\t\t<\/div>\n\t\t\t\t<\/div>\n\t\t\t\t<div class=\"elementor-element elementor-element-172bbcb elementor-widget elementor-widget-text-editor\" data-id=\"172bbcb\" data-element_type=\"widget\" data-e-type=\"widget\" data-widget_type=\"text-editor.default\">\n\t\t\t\t<div class=\"elementor-widget-container\">\n\t\t\t\t\t\t\t\t\t<p class=\"p1\">Inspection vid\u00e9o des collecteurs d&#039;eaux us\u00e9es, des canalisations pluviales et des regards<\/p>\t\t\t\t\t\t\t\t<\/div>\n\t\t\t\t<\/div>\n\t\t\t\t\t<\/div>\n\t\t\t\t<\/div>\n\t\t\t\t<\/div>\n\t\t<div class=\"elementor-element elementor-element-45d8ec1 e-flex e-con-boxed e-con e-parent\" data-id=\"45d8ec1\" data-element_type=\"container\" data-e-type=\"container\" data-settings=\"{&quot;background_background&quot;:&quot;classic&quot;}\">\n\t\t\t\t\t<div class=\"e-con-inner\">\n\t\t\t\t<div class=\"elementor-element elementor-element-c813ea0 elementor-widget elementor-widget-text-editor\" data-id=\"c813ea0\" data-element_type=\"widget\" data-e-type=\"widget\" data-widget_type=\"text-editor.default\">\n\t\t\t\t<div class=\"elementor-widget-container\">\n\t\t\t\t\t\t\t\t\t<p><span style=\"font-weight: 400;\">Nous effectuons des inspections vid\u00e9o des canalisations pour une \u00e9valuation d\u00e9taill\u00e9e de l&#039;\u00e9tat et de la qualit\u00e9 des syst\u00e8mes d&#039;\u00e9gouts, tant dans les zones r\u00e9sidentielles que commerciales. <\/span><\/p><p><span style=\"font-weight: 400;\">Gr\u00e2ce \u00e0 des regards \u00e0 t\u00eate rotative, nous sommes en mesure d\u2019examiner minutieusement les joints qui relient les canalisations, en identifiant d\u2019\u00e9ventuelles anomalies ou dommages.<\/span><\/p>\t\t\t\t\t\t\t\t<\/div>\n\t\t\t\t<\/div>\n\t\t\t\t\t<\/div>\n\t\t\t\t<\/div>\n\t\t<div class=\"elementor-element elementor-element-1318d68 e-flex e-con-boxed e-con e-parent\" data-id=\"1318d68\" data-element_type=\"container\" data-e-type=\"container\">\n\t\t\t\t\t<div class=\"e-con-inner\">\n\t\t<div class=\"elementor-element elementor-element-6d1681d e-con-full e-flex elementor-invisible e-con e-child\" data-id=\"6d1681d\" data-element_type=\"container\" data-e-type=\"container\" data-settings=\"{&quot;background_background&quot;:&quot;classic&quot;,&quot;animation&quot;:&quot;fadeInLeft&quot;}\">\n\t\t\t\t<\/div>\n\t\t<div class=\"elementor-element elementor-element-e5e4ad3 e-con-full animated-slow e-flex elementor-invisible e-con e-child\" data-id=\"e5e4ad3\" data-element_type=\"container\" data-e-type=\"container\" data-settings=\"{&quot;animation&quot;:&quot;fadeIn&quot;}\">\n\t\t\t\t<div class=\"elementor-element elementor-element-dfb616f elementor-widget elementor-widget-heading\" data-id=\"dfb616f\" data-element_type=\"widget\" data-e-type=\"widget\" data-widget_type=\"heading.default\">\n\t\t\t\t<div class=\"elementor-widget-container\">\n\t\t\t\t\t<h2 class=\"elementor-heading-title elementor-size-default\">analyse pr\u00e9cise de l&#039;\u00e9tat des canalisations<\/h2>\t\t\t\t<\/div>\n\t\t\t\t<\/div>\n\t\t\t\t<div class=\"elementor-element elementor-element-1267223 elementor-widget elementor-widget-text-editor\" data-id=\"1267223\" data-element_type=\"widget\" data-e-type=\"widget\" data-widget_type=\"text-editor.default\">\n\t\t\t\t<div class=\"elementor-widget-container\">\n\t\t\t\t\t\t\t\t\t<p><span style=\"font-weight: 400;\">Nos services d&#039;inspection vid\u00e9o sont applicables aux eaux us\u00e9es, aux eaux de pluie, aux conduites d&#039;eau potable, ainsi qu&#039;aux r\u00e9servoirs et r\u00e9servoirs d&#039;eau partout en Angola.\u00a0<\/span><\/p><p><span style=\"font-weight: 400;\">Nous utilisons des \u00e9quipements de pointe pour capturer des images claires et de haute qualit\u00e9, permettant une analyse pr\u00e9cise de l\u2019\u00e9tat des canalisations.<\/span><\/p>\t\t\t\t\t\t\t\t<\/div>\n\t\t\t\t<\/div>\n\t\t\t\t<\/div>\n\t\t\t\t\t<\/div>\n\t\t\t\t<\/div>\n\t\t<div class=\"elementor-element elementor-element-0488c0e e-flex e-con-boxed e-con e-parent\" data-id=\"0488c0e\" data-element_type=\"container\" data-e-type=\"container\" data-settings=\"{&quot;background_background&quot;:&quot;classic&quot;}\">\n\t\t\t\t\t<div class=\"e-con-inner\">\n\t\t<div class=\"elementor-element elementor-element-273ed8b e-con-full animated-slow e-flex elementor-invisible e-con e-child\" data-id=\"273ed8b\" data-element_type=\"container\" data-e-type=\"container\" data-settings=\"{&quot;animation&quot;:&quot;fadeIn&quot;}\">\n\t\t\t\t<div class=\"elementor-element elementor-element-10c352f elementor-widget elementor-widget-heading\" data-id=\"10c352f\" data-element_type=\"widget\" data-e-type=\"widget\" data-widget_type=\"heading.default\">\n\t\t\t\t<div class=\"elementor-widget-container\">\n\t\t\t\t\t<h2 class=\"elementor-heading-title elementor-size-default\">assurer un fonctionnement efficace<\/h2>\t\t\t\t<\/div>\n\t\t\t\t<\/div>\n\t\t\t\t<div class=\"elementor-element elementor-element-6cc16cf elementor-widget elementor-widget-text-editor\" data-id=\"6cc16cf\" data-element_type=\"widget\" data-e-type=\"widget\" data-widget_type=\"text-editor.default\">\n\t\t\t\t<div class=\"elementor-widget-container\">\n\t\t\t\t\t\t\t\t\t<p><span style=\"font-weight: 400;\">Lors de la r\u00e9alisation d&#039;inspections vid\u00e9o, nous fournissons des rapports d\u00e9taill\u00e9s contenant des informations pertinentes telles que la distance exacte par rapport \u00e0 tous les points comment\u00e9s. <\/span><\/p><p><span style=\"font-weight: 400;\">Ces rapports sont essentiels pour identifier les probl\u00e8mes potentiels, pr\u00e9venir de futures interventions de nettoyage, de reconstruction et de r\u00e9habilitation et garantir le fonctionnement efficace et s\u00fbr des syst\u00e8mes de tuyauterie.<\/span><\/p>\t\t\t\t\t\t\t\t<\/div>\n\t\t\t\t<\/div>\n\t\t\t\t<\/div>\n\t\t<div class=\"elementor-element elementor-element-79db2c2 e-con-full e-flex elementor-invisible e-con e-child\" data-id=\"79db2c2\" data-element_type=\"container\" data-e-type=\"container\" data-settings=\"{&quot;background_background&quot;:&quot;classic&quot;,&quot;animation&quot;:&quot;fadeInRight&quot;}\">\n\t\t\t\t<\/div>\n\t\t\t\t\t<\/div>\n\t\t\t\t<\/div>\n\t\t<div class=\"elementor-element elementor-element-ede7e4a e-flex e-con-boxed e-con e-parent\" data-id=\"ede7e4a\" data-element_type=\"container\" data-e-type=\"container\">\n\t\t\t\t\t<div class=\"e-con-inner\">\n\t\t<div class=\"elementor-element elementor-element-93dd2f4 e-con-full e-flex elementor-invisible e-con e-child\" data-id=\"93dd2f4\" data-element_type=\"container\" data-e-type=\"container\" data-settings=\"{&quot;background_background&quot;:&quot;classic&quot;,&quot;animation&quot;:&quot;fadeInLeft&quot;}\">\n\t\t\t\t<\/div>\n\t\t<div class=\"elementor-element elementor-element-14b89cd e-con-full animated-slow e-flex elementor-invisible e-con e-child\" data-id=\"14b89cd\" data-element_type=\"container\" data-e-type=\"container\" data-settings=\"{&quot;animation&quot;:&quot;fadeIn&quot;}\">\n\t\t\t\t<div class=\"elementor-element elementor-element-8e0c9e6 elementor-widget elementor-widget-heading\" data-id=\"8e0c9e6\" data-element_type=\"widget\" data-e-type=\"widget\" data-widget_type=\"heading.default\">\n\t\t\t\t<div class=\"elementor-widget-container\">\n\t\t\t\t\t<h2 class=\"elementor-heading-title elementor-size-default\">partout en Angola<\/h2>\t\t\t\t<\/div>\n\t\t\t\t<\/div>\n\t\t\t\t<div class=\"elementor-element elementor-element-3a00212 elementor-widget elementor-widget-text-editor\" data-id=\"3a00212\" data-element_type=\"widget\" data-e-type=\"widget\" data-widget_type=\"text-editor.default\">\n\t\t\t\t<div class=\"elementor-widget-container\">\n\t\t\t\t\t\t\t\t\t<p><span style=\"font-weight: 400;\">Compter sur <\/span><b>ECOFIRMA<\/b><span style=\"font-weight: 400;\"> pour effectuer des inspections vid\u00e9o fiables et pr\u00e9cises de vos pipelines. <\/span><\/p>\n<p><span style=\"font-weight: 400;\">Notre \u00e9quipe technique exp\u00e9riment\u00e9e et nos \u00e9quipements de pointe sont pr\u00eats \u00e0 r\u00e9pondre aux besoins d&#039;inspection partout en Angola. <\/span><\/p>\n<p><span style=\"font-weight: 400;\">Nous garantissons la qualit\u00e9 de nos services et notre engagement \u00e0 d\u00e9passer les attentes de nos clients.<\/span><\/p>\t\t\t\t\t\t\t\t<\/div>\n\t\t\t\t<\/div>\n\t\t\t\t<\/div>\n\t\t\t\t\t<\/div>\n\t\t\t\t<\/div>\n\t\t<div class=\"elementor-element elementor-element-39ddde8 animated-slow e-con-full e-flex elementor-invisible e-con e-parent\" data-id=\"39ddde8\" data-element_type=\"container\" data-e-type=\"container\" data-settings=\"{&quot;animation&quot;:&quot;fadeIn&quot;}\">\n\t\t\t\t<div class=\"elementor-element elementor-element-a69d895 elementor-widget elementor-widget-gallery\" data-id=\"a69d895\" data-element_type=\"widget\" data-e-type=\"widget\" data-settings=\"{&quot;columns&quot;:3,&quot;gap&quot;:{&quot;unit&quot;:&quot;px&quot;,&quot;size&quot;:15,&quot;sizes&quot;:[]},&quot;lazyload&quot;:&quot;yes&quot;,&quot;gallery_layout&quot;:&quot;grid&quot;,&quot;columns_tablet&quot;:2,&quot;columns_mobile&quot;:1,&quot;gap_tablet&quot;:{&quot;unit&quot;:&quot;px&quot;,&quot;size&quot;:10,&quot;sizes&quot;:[]},&quot;gap_mobile&quot;:{&quot;unit&quot;:&quot;px&quot;,&quot;size&quot;:10,&quot;sizes&quot;:[]},&quot;aspect_ratio&quot;:&quot;3:2&quot;,&quot;overlay_background&quot;:&quot;yes&quot;,&quot;content_hover_animation&quot;:&quot;fade-in&quot;}\" data-widget_type=\"gallery.default\">\n\t\t\t\t<div class=\"elementor-widget-container\">\n\t\t\t\t\t\t\t<div class=\"elementor-gallery__container\">\n\t\t\t\t\t\t\t<div class=\"e-gallery-item elementor-gallery-item elementor-animated-content\">\n\t\t\t\t\t<div class=\"e-gallery-image elementor-gallery-item__image\" data-thumbnail=\"https:\/\/www.ecofirma.co.ao\/wp-content\/uploads\/2023\/08\/1-1.jpg\" data-width=\"600\" data-height=\"802\" aria-label=\"\" role=\"img\" ><\/div>\n\t\t\t\t\t\t\t\t\t\t\t<div class=\"elementor-gallery-item__overlay\"><\/div>\n\t\t\t\t\t\t\t\t\t\t\t\t\t\t<\/div>\n\t\t\t\t\t\t\t<div class=\"e-gallery-item elementor-gallery-item elementor-animated-content\">\n\t\t\t\t\t<div class=\"e-gallery-image elementor-gallery-item__image\" data-thumbnail=\"https:\/\/www.ecofirma.co.ao\/wp-content\/uploads\/2023\/08\/2-1.jpg\" data-width=\"600\" data-height=\"400\" aria-label=\"\" role=\"img\" ><\/div>\n\t\t\t\t\t\t\t\t\t\t\t<div class=\"elementor-gallery-item__overlay\"><\/div>\n\t\t\t\t\t\t\t\t\t\t\t\t\t\t<\/div>\n\t\t\t\t\t\t\t<div class=\"e-gallery-item elementor-gallery-item elementor-animated-content\">\n\t\t\t\t\t<div class=\"e-gallery-image elementor-gallery-item__image\" data-thumbnail=\"https:\/\/www.ecofirma.co.ao\/wp-content\/uploads\/2023\/08\/3-1.jpg\" data-width=\"600\" data-height=\"400\" aria-label=\"\" role=\"img\" ><\/div>\n\t\t\t\t\t\t\t\t\t\t\t<div class=\"elementor-gallery-item__overlay\"><\/div>\n\t\t\t\t\t\t\t\t\t\t\t\t\t\t<\/div>\n\t\t\t\t\t\t\t<div class=\"e-gallery-item elementor-gallery-item elementor-animated-content\">\n\t\t\t\t\t<div class=\"e-gallery-image elementor-gallery-item__image\" data-thumbnail=\"https:\/\/www.ecofirma.co.ao\/wp-content\/uploads\/2023\/08\/4.jpg\" data-width=\"600\" data-height=\"900\" aria-label=\"\" role=\"img\" ><\/div>\n\t\t\t\t\t\t\t\t\t\t\t<div class=\"elementor-gallery-item__overlay\"><\/div>\n\t\t\t\t\t\t\t\t\t\t\t\t\t\t<\/div>\n\t\t\t\t\t\t\t<div class=\"e-gallery-item elementor-gallery-item elementor-animated-content\">\n\t\t\t\t\t<div class=\"e-gallery-image elementor-gallery-item__image\" data-thumbnail=\"https:\/\/www.ecofirma.co.ao\/wp-content\/uploads\/2023\/08\/5.jpg\" data-width=\"800\" data-height=\"533\" aria-label=\"\" role=\"img\" ><\/div>\n\t\t\t\t\t\t\t\t\t\t\t<div class=\"elementor-gallery-item__overlay\"><\/div>\n\t\t\t\t\t\t\t\t\t\t\t\t\t\t<\/div>\n\t\t\t\t\t\t\t<div class=\"e-gallery-item elementor-gallery-item elementor-animated-content\">\n\t\t\t\t\t<div class=\"e-gallery-image elementor-gallery-item__image\" data-thumbnail=\"https:\/\/www.ecofirma.co.ao\/wp-content\/uploads\/2023\/08\/6.jpg\" data-width=\"800\" data-height=\"533\" aria-label=\"\" role=\"img\" ><\/div>\n\t\t\t\t\t\t\t\t\t\t\t<div class=\"elementor-gallery-item__overlay\"><\/div>\n\t\t\t\t\t\t\t\t\t\t\t\t\t\t<\/div>\n\t\t\t\t\t<\/div>\n\t\t\t\t\t<\/div>\n\t\t\t\t<\/div>\n\t\t\t\t<\/div>\n\t\t\t\t<\/div>","protected":false},"excerpt":{"rendered":"<p>Nous effectuons des inspections vid\u00e9o des canalisations pour une \u00e9valuation d\u00e9taill\u00e9e de l&#039;\u00e9tat et de la qualit\u00e9 des syst\u00e8mes d&#039;\u00e9gouts, tant dans les zones r\u00e9sidentielles que commerciales. Gr\u00e2ce \u00e0 des regards \u00e0 t\u00eate rotative, nous sommes en mesure d\u2019examiner minutieusement les joints qui relient les canalisations, en identifiant d\u2019\u00e9ventuelles anomalies ou dommages.<\/p>","protected":false},"author":5,"featured_media":8991,"parent":1255,"menu_order":0,"comment_status":"closed","ping_status":"closed","template":"elementor_header_footer","meta":{"footnotes":""},"class_list":["post-7807","page","type-page","status-publish","has-post-thumbnail","hentry"],"yoast_head":"<!-- This site is optimized with the Yoast SEO plugin v27.3 - https:\/\/yoast.com\/product\/yoast-seo-wordpress\/ -->\n<title>Inspec\u00e7\u00e3o V\u00eddeo em Coletores, Condutas e C\u00e2maras de Visita<\/title>\n<meta name=\"description\" content=\"Atrav\u00e9s de c\u00e2maras de visita de cabe\u00e7a rotativa, conseguimos examinar minuciosamente as juntas que unem as tubagens.\" \/>\n<meta name=\"robots\" content=\"index, follow, max-snippet:-1, max-image-preview:large, max-video-preview:-1\" \/>\n<link rel=\"canonical\" href=\"https:\/\/www.ecofirma.co.ao\/fr\/servicos\/inspeccao-video\/\" \/>\n<meta property=\"og:locale\" content=\"fr_FR\" \/>\n<meta property=\"og:type\" content=\"article\" \/>\n<meta property=\"og:title\" content=\"Inspec\u00e7\u00e3o V\u00eddeo em Coletores, Condutas e C\u00e2maras de Visita\" \/>\n<meta property=\"og:description\" content=\"Atrav\u00e9s de c\u00e2maras de visita de cabe\u00e7a rotativa, conseguimos examinar minuciosamente as juntas que unem as tubagens.\" \/>\n<meta property=\"og:url\" content=\"https:\/\/www.ecofirma.co.ao\/fr\/servicos\/inspeccao-video\/\" \/>\n<meta property=\"og:site_name\" content=\"ECOFIRMA\" \/>\n<meta property=\"article:publisher\" content=\"https:\/\/www.facebook.com\/EcoEcofirma\" \/>\n<meta property=\"article:modified_time\" content=\"2024-03-13T19:12:17+00:00\" \/>\n<meta property=\"og:image\" content=\"http:\/\/www.ecofirma.co.ao\/wp-content\/uploads\/2023\/10\/ECOANG-Cambambe-Catiano-_v1.jpg?_t=1710357137\" \/>\n\t<meta property=\"og:image:width\" content=\"1024\" \/>\n\t<meta property=\"og:image:height\" content=\"683\" \/>\n\t<meta property=\"og:image:type\" content=\"image\/jpeg\" \/>\n<meta name=\"twitter:card\" content=\"summary_large_image\" \/>\n<meta name=\"twitter:label1\" content=\"Dur\u00e9e de lecture estim\u00e9e\" \/>\n\t<meta name=\"twitter:data1\" content=\"2 minutes\" \/>\n<script type=\"application\/ld+json\" class=\"yoast-schema-graph\">{\"@context\":\"https:\\\/\\\/schema.org\",\"@graph\":[{\"@type\":\"WebPage\",\"@id\":\"https:\\\/\\\/www.ecofirma.co.ao\\\/servicos\\\/inspeccao-video\\\/\",\"url\":\"https:\\\/\\\/www.ecofirma.co.ao\\\/servicos\\\/inspeccao-video\\\/\",\"name\":\"Inspec\u00e7\u00e3o V\u00eddeo em Coletores, Condutas e C\u00e2maras de Visita\",\"isPartOf\":{\"@id\":\"https:\\\/\\\/www.ecofirma.co.ao\\\/#website\"},\"primaryImageOfPage\":{\"@id\":\"https:\\\/\\\/www.ecofirma.co.ao\\\/servicos\\\/inspeccao-video\\\/#primaryimage\"},\"image\":{\"@id\":\"https:\\\/\\\/www.ecofirma.co.ao\\\/servicos\\\/inspeccao-video\\\/#primaryimage\"},\"thumbnailUrl\":\"https:\\\/\\\/www.ecofirma.co.ao\\\/wp-content\\\/uploads\\\/2023\\\/10\\\/ECOANG-Cambambe-Catiano-_v1.jpg\",\"datePublished\":\"2023-06-17T16:28:12+00:00\",\"dateModified\":\"2024-03-13T19:12:17+00:00\",\"description\":\"Atrav\u00e9s de c\u00e2maras de visita de cabe\u00e7a rotativa, conseguimos examinar minuciosamente as juntas que unem as tubagens.\",\"breadcrumb\":{\"@id\":\"https:\\\/\\\/www.ecofirma.co.ao\\\/servicos\\\/inspeccao-video\\\/#breadcrumb\"},\"inLanguage\":\"fr-FR\",\"potentialAction\":[{\"@type\":\"ReadAction\",\"target\":[\"https:\\\/\\\/www.ecofirma.co.ao\\\/servicos\\\/inspeccao-video\\\/\"]}]},{\"@type\":\"ImageObject\",\"inLanguage\":\"fr-FR\",\"@id\":\"https:\\\/\\\/www.ecofirma.co.ao\\\/servicos\\\/inspeccao-video\\\/#primaryimage\",\"url\":\"https:\\\/\\\/www.ecofirma.co.ao\\\/wp-content\\\/uploads\\\/2023\\\/10\\\/ECOANG-Cambambe-Catiano-_v1.jpg\",\"contentUrl\":\"https:\\\/\\\/www.ecofirma.co.ao\\\/wp-content\\\/uploads\\\/2023\\\/10\\\/ECOANG-Cambambe-Catiano-_v1.jpg\",\"width\":1024,\"height\":683},{\"@type\":\"BreadcrumbList\",\"@id\":\"https:\\\/\\\/www.ecofirma.co.ao\\\/servicos\\\/inspeccao-video\\\/#breadcrumb\",\"itemListElement\":[{\"@type\":\"ListItem\",\"position\":1,\"name\":\"In\u00edcio\",\"item\":\"https:\\\/\\\/www.ecofirma.co.ao\\\/pt\\\/\"},{\"@type\":\"ListItem\",\"position\":2,\"name\":\"Os nossos servi\u00e7os\",\"item\":\"https:\\\/\\\/www.ecofirma.co.ao\\\/servicos\\\/\"},{\"@type\":\"ListItem\",\"position\":3,\"name\":\"Inspec\u00e7\u00e3o v\u00eddeo\"}]},{\"@type\":\"WebSite\",\"@id\":\"https:\\\/\\\/www.ecofirma.co.ao\\\/#website\",\"url\":\"https:\\\/\\\/www.ecofirma.co.ao\\\/\",\"name\":\"ECOFIRMA\",\"description\":\"Para Angola trazemos os mais evolu\u00eddos produtos, t\u00e9cnicas e equipamentos que garantem a optimiza\u00e7\u00e3o da efici\u00eancia da \u00e1gua em todas as estruturas de reten\u00e7\u00e3o.\",\"publisher\":{\"@id\":\"https:\\\/\\\/www.ecofirma.co.ao\\\/#organization\"},\"potentialAction\":[{\"@type\":\"SearchAction\",\"target\":{\"@type\":\"EntryPoint\",\"urlTemplate\":\"https:\\\/\\\/www.ecofirma.co.ao\\\/?s={search_term_string}\"},\"query-input\":{\"@type\":\"PropertyValueSpecification\",\"valueRequired\":true,\"valueName\":\"search_term_string\"}}],\"inLanguage\":\"fr-FR\"},{\"@type\":\"Organization\",\"@id\":\"https:\\\/\\\/www.ecofirma.co.ao\\\/#organization\",\"name\":\"ECOFIRMA\",\"url\":\"https:\\\/\\\/www.ecofirma.co.ao\\\/\",\"logo\":{\"@type\":\"ImageObject\",\"inLanguage\":\"fr-FR\",\"@id\":\"https:\\\/\\\/www.ecofirma.co.ao\\\/#\\\/schema\\\/logo\\\/image\\\/\",\"url\":\"https:\\\/\\\/www.ecofirma.co.ao\\\/wp-content\\\/uploads\\\/2021\\\/11\\\/ECOFIRMA-Angola-logo-1-scaled.png\",\"contentUrl\":\"https:\\\/\\\/www.ecofirma.co.ao\\\/wp-content\\\/uploads\\\/2021\\\/11\\\/ECOFIRMA-Angola-logo-1-scaled.png\",\"width\":2560,\"height\":1079,\"caption\":\"ECOFIRMA\"},\"image\":{\"@id\":\"https:\\\/\\\/www.ecofirma.co.ao\\\/#\\\/schema\\\/logo\\\/image\\\/\"},\"sameAs\":[\"https:\\\/\\\/www.facebook.com\\\/EcoEcofirma\",\"https:\\\/\\\/www.linkedin.com\\\/company\\\/grupoecofirma\"]}]}<\/script>\n<!-- \/ Yoast SEO plugin. -->","yoast_head_json":{"title":"Inspec\u00e7\u00e3o V\u00eddeo em Coletores, Condutas e C\u00e2maras de Visita","description":"Atrav\u00e9s de c\u00e2maras de visita de cabe\u00e7a rotativa, conseguimos examinar minuciosamente as juntas que unem as tubagens.","robots":{"index":"index","follow":"follow","max-snippet":"max-snippet:-1","max-image-preview":"max-image-preview:large","max-video-preview":"max-video-preview:-1"},"canonical":"https:\/\/www.ecofirma.co.ao\/fr\/servicos\/inspeccao-video\/","og_locale":"fr_FR","og_type":"article","og_title":"Inspec\u00e7\u00e3o V\u00eddeo em Coletores, Condutas e C\u00e2maras de Visita","og_description":"Atrav\u00e9s de c\u00e2maras de visita de cabe\u00e7a rotativa, conseguimos examinar minuciosamente as juntas que unem as tubagens.","og_url":"https:\/\/www.ecofirma.co.ao\/fr\/servicos\/inspeccao-video\/","og_site_name":"ECOFIRMA","article_publisher":"https:\/\/www.facebook.com\/EcoEcofirma","article_modified_time":"2024-03-13T19:12:17+00:00","og_image":[{"width":1024,"height":683,"url":"http:\/\/www.ecofirma.co.ao\/wp-content\/uploads\/2023\/10\/ECOANG-Cambambe-Catiano-_v1.jpg?_t=1710357137","type":"image\/jpeg"}],"twitter_card":"summary_large_image","twitter_misc":{"Dur\u00e9e de lecture estim\u00e9e":"2 minutes"},"schema":{"@context":"https:\/\/schema.org","@graph":[{"@type":"WebPage","@id":"https:\/\/www.ecofirma.co.ao\/servicos\/inspeccao-video\/","url":"https:\/\/www.ecofirma.co.ao\/servicos\/inspeccao-video\/","name":"Inspec\u00e7\u00e3o V\u00eddeo em Coletores, Condutas e C\u00e2maras de Visita","isPartOf":{"@id":"https:\/\/www.ecofirma.co.ao\/#website"},"primaryImageOfPage":{"@id":"https:\/\/www.ecofirma.co.ao\/servicos\/inspeccao-video\/#primaryimage"},"image":{"@id":"https:\/\/www.ecofirma.co.ao\/servicos\/inspeccao-video\/#primaryimage"},"thumbnailUrl":"https:\/\/www.ecofirma.co.ao\/wp-content\/uploads\/2023\/10\/ECOANG-Cambambe-Catiano-_v1.jpg","datePublished":"2023-06-17T16:28:12+00:00","dateModified":"2024-03-13T19:12:17+00:00","description":"Atrav\u00e9s de c\u00e2maras de visita de cabe\u00e7a rotativa, conseguimos examinar minuciosamente as juntas que unem as tubagens.","breadcrumb":{"@id":"https:\/\/www.ecofirma.co.ao\/servicos\/inspeccao-video\/#breadcrumb"},"inLanguage":"fr-FR","potentialAction":[{"@type":"ReadAction","target":["https:\/\/www.ecofirma.co.ao\/servicos\/inspeccao-video\/"]}]},{"@type":"ImageObject","inLanguage":"fr-FR","@id":"https:\/\/www.ecofirma.co.ao\/servicos\/inspeccao-video\/#primaryimage","url":"https:\/\/www.ecofirma.co.ao\/wp-content\/uploads\/2023\/10\/ECOANG-Cambambe-Catiano-_v1.jpg","contentUrl":"https:\/\/www.ecofirma.co.ao\/wp-content\/uploads\/2023\/10\/ECOANG-Cambambe-Catiano-_v1.jpg","width":1024,"height":683},{"@type":"BreadcrumbList","@id":"https:\/\/www.ecofirma.co.ao\/servicos\/inspeccao-video\/#breadcrumb","itemListElement":[{"@type":"ListItem","position":1,"name":"In\u00edcio","item":"https:\/\/www.ecofirma.co.ao\/pt\/"},{"@type":"ListItem","position":2,"name":"Os nossos servi\u00e7os","item":"https:\/\/www.ecofirma.co.ao\/servicos\/"},{"@type":"ListItem","position":3,"name":"Inspec\u00e7\u00e3o v\u00eddeo"}]},{"@type":"WebSite","@id":"https:\/\/www.ecofirma.co.ao\/#website","url":"https:\/\/www.ecofirma.co.ao\/","name":"ECOFIRMA","description":"En Angola, nous apportons les produits, techniques et \u00e9quipements les plus avanc\u00e9s qui garantissent l\u2019optimisation de l\u2019efficacit\u00e9 de l\u2019eau dans toutes les structures de r\u00e9tention.","publisher":{"@id":"https:\/\/www.ecofirma.co.ao\/#organization"},"potentialAction":[{"@type":"SearchAction","target":{"@type":"EntryPoint","urlTemplate":"https:\/\/www.ecofirma.co.ao\/?s={search_term_string}"},"query-input":{"@type":"PropertyValueSpecification","valueRequired":true,"valueName":"search_term_string"}}],"inLanguage":"fr-FR"},{"@type":"Organization","@id":"https:\/\/www.ecofirma.co.ao\/#organization","name":"ECOFIRMA","url":"https:\/\/www.ecofirma.co.ao\/","logo":{"@type":"ImageObject","inLanguage":"fr-FR","@id":"https:\/\/www.ecofirma.co.ao\/#\/schema\/logo\/image\/","url":"https:\/\/www.ecofirma.co.ao\/wp-content\/uploads\/2021\/11\/ECOFIRMA-Angola-logo-1-scaled.png","contentUrl":"https:\/\/www.ecofirma.co.ao\/wp-content\/uploads\/2021\/11\/ECOFIRMA-Angola-logo-1-scaled.png","width":2560,"height":1079,"caption":"ECOFIRMA"},"image":{"@id":"https:\/\/www.ecofirma.co.ao\/#\/schema\/logo\/image\/"},"sameAs":["https:\/\/www.facebook.com\/EcoEcofirma","https:\/\/www.linkedin.com\/company\/grupoecofirma"]}]}},"_links":{"self":[{"href":"https:\/\/www.ecofirma.co.ao\/fr\/wp-json\/wp\/v2\/pages\/7807","targetHints":{"allow":["GET"]}}],"collection":[{"href":"https:\/\/www.ecofirma.co.ao\/fr\/wp-json\/wp\/v2\/pages"}],"about":[{"href":"https:\/\/www.ecofirma.co.ao\/fr\/wp-json\/wp\/v2\/types\/page"}],"author":[{"embeddable":true,"href":"https:\/\/www.ecofirma.co.ao\/fr\/wp-json\/wp\/v2\/users\/5"}],"replies":[{"embeddable":true,"href":"https:\/\/www.ecofirma.co.ao\/fr\/wp-json\/wp\/v2\/comments?post=7807"}],"version-history":[{"count":15,"href":"https:\/\/www.ecofirma.co.ao\/fr\/wp-json\/wp\/v2\/pages\/7807\/revisions"}],"predecessor-version":[{"id":9506,"href":"https:\/\/www.ecofirma.co.ao\/fr\/wp-json\/wp\/v2\/pages\/7807\/revisions\/9506"}],"up":[{"embeddable":true,"href":"https:\/\/www.ecofirma.co.ao\/fr\/wp-json\/wp\/v2\/pages\/1255"}],"wp:featuredmedia":[{"embeddable":true,"href":"https:\/\/www.ecofirma.co.ao\/fr\/wp-json\/wp\/v2\/media\/8991"}],"wp:attachment":[{"href":"https:\/\/www.ecofirma.co.ao\/fr\/wp-json\/wp\/v2\/media?parent=7807"}],"curies":[{"name":"wp","href":"https:\/\/api.w.org\/{rel}","templated":true}]}}