{"id":7240,"date":"2023-04-14T16:02:00","date_gmt":"2023-04-14T15:02:00","guid":{"rendered":"https:\/\/www.ecofirma.co.ao\/?page_id=7240"},"modified":"2024-03-13T20:05:40","modified_gmt":"2024-03-13T19:05:40","slug":"blog","status":"publish","type":"page","link":"https:\/\/www.ecofirma.co.ao\/fr\/blog\/","title":{"rendered":"Blog"},"content":{"rendered":"<div data-elementor-type=\"wp-page\" data-elementor-id=\"7240\" class=\"elementor elementor-7240\" data-elementor-post-type=\"page\">\n\t\t\t\t<div class=\"elementor-element elementor-element-cb06f07 e-con-full e-flex e-con e-parent\" data-id=\"cb06f07\" data-element_type=\"container\" data-e-type=\"container\" data-settings=\"{&quot;background_background&quot;:&quot;classic&quot;}\">\n\t\t<div class=\"elementor-element elementor-element-78376c9 e-flex e-con-boxed e-con e-child\" data-id=\"78376c9\" data-element_type=\"container\" data-e-type=\"container\">\n\t\t\t\t\t<div class=\"e-con-inner\">\n\t\t\t\t<div class=\"elementor-element elementor-element-9816705 elementor-widget elementor-widget-text-editor\" data-id=\"9816705\" data-element_type=\"widget\" data-e-type=\"widget\" data-widget_type=\"text-editor.default\">\n\t\t\t\t<div class=\"elementor-widget-container\">\n\t\t\t\t\t\t\t\t\t<p>BLOG<\/p>\t\t\t\t\t\t\t\t<\/div>\n\t\t\t\t<\/div>\n\t\t\t\t\t<\/div>\n\t\t\t\t<\/div>\n\t\t\t\t<\/div>\n\t\t<div class=\"elementor-element elementor-element-1bb5e5a e-con-full e-flex e-con e-parent\" data-id=\"1bb5e5a\" data-element_type=\"container\" data-e-type=\"container\">\n\t\t\t\t<div class=\"elementor-element elementor-element-011c82a elementor-grid-3 elementor-grid-tablet-2 elementor-grid-mobile-1 elementor-posts--thumbnail-top elementor-card-shadow-yes elementor-posts__hover-gradient elementor-widget elementor-widget-posts\" data-id=\"011c82a\" data-element_type=\"widget\" data-e-type=\"widget\" data-settings=\"{&quot;cards_columns&quot;:&quot;3&quot;,&quot;cards_columns_tablet&quot;:&quot;2&quot;,&quot;cards_columns_mobile&quot;:&quot;1&quot;,&quot;cards_row_gap&quot;:{&quot;unit&quot;:&quot;px&quot;,&quot;size&quot;:35,&quot;sizes&quot;:[]},&quot;cards_row_gap_tablet&quot;:{&quot;unit&quot;:&quot;px&quot;,&quot;size&quot;:&quot;&quot;,&quot;sizes&quot;:[]},&quot;cards_row_gap_mobile&quot;:{&quot;unit&quot;:&quot;px&quot;,&quot;size&quot;:&quot;&quot;,&quot;sizes&quot;:[]}}\" data-widget_type=\"posts.cards\">\n\t\t\t\t<div class=\"elementor-widget-container\">\n\t\t\t\t\t\t\t<div class=\"elementor-posts-container elementor-posts elementor-posts--skin-cards elementor-grid\" role=\"list\">\n\t\t\t\t<article class=\"elementor-post elementor-grid-item post-9901 post type-post status-publish format-standard has-post-thumbnail hentry category-sustentabilidade\" role=\"listitem\">\n\t\t\t<div class=\"elementor-post__card\">\n\t\t\t\t<a class=\"elementor-post__thumbnail__link\" href=\"https:\/\/www.ecofirma.co.ao\/fr\/o-ciclo-da-manutencao-inteligente\/\" tabindex=\"-1\" target=\"_blank\"><div class=\"elementor-post__thumbnail\"><img fetchpriority=\"high\" decoding=\"async\" width=\"1200\" height=\"800\" src=\"https:\/\/www.ecofirma.co.ao\/wp-content\/uploads\/2026\/01\/1.jpg\" class=\"attachment-full size-full wp-image-9920\" alt=\"\" srcset=\"https:\/\/www.ecofirma.co.ao\/wp-content\/uploads\/2026\/01\/1.jpg 1200w, https:\/\/www.ecofirma.co.ao\/wp-content\/uploads\/2026\/01\/1-400x267.jpg 400w, https:\/\/www.ecofirma.co.ao\/wp-content\/uploads\/2026\/01\/1-1024x683.jpg 1024w, https:\/\/www.ecofirma.co.ao\/wp-content\/uploads\/2026\/01\/1-768x512.jpg 768w, https:\/\/www.ecofirma.co.ao\/wp-content\/uploads\/2026\/01\/1-18x12.jpg 18w\" sizes=\"(max-width: 1200px) 100vw, 1200px\" \/><\/div><\/a>\n\t\t\t\t<div class=\"elementor-post__badge\">Durabilit\u00e9<\/div>\n\t\t\t\t<div class=\"elementor-post__text\">\n\t\t\t\t<h3 class=\"elementor-post__title\">\n\t\t\t<a href=\"https:\/\/www.ecofirma.co.ao\/fr\/o-ciclo-da-manutencao-inteligente\/\" target=\"&quot;_blank&quot;\">\n\t\t\t\tLe cycle de maintenance intelligent\t\t\t<\/a>\n\t\t<\/h3>\n\t\t\t\t<div class=\"elementor-post__excerpt\">\n\t\t\t<p>Chaque syst\u00e8me d&#039;eau \u2014 qu&#039;il s&#039;agisse d&#039;une piscine, d&#039;une usine, d&#039;un h\u00f4tel ou d&#039;un immeuble en copropri\u00e9t\u00e9 \u2014 raconte une histoire.<br \/>\nUne histoire \u00e9crite \u00e0 travers des donn\u00e9es, des signaux techniques et des d\u00e9cisions de maintenance.<\/p>\n<p>Chez ECOFIRMA et ECOFIRMA LAB, nous sommes convaincus que la maintenance moderne ne peut se limiter \u00e0 une approche r\u00e9active. Elle doit \u00eatre \u00e9clair\u00e9e, pr\u00e9ventive et fond\u00e9e sur des bases scientifiques solides. Cette conviction est \u00e0 la base du concept de cycle de maintenance intelligent.<\/p>\n<p>Plus qu&#039;un simple processus technique, la maintenance devient une philosophie d&#039;am\u00e9lioration continue, o\u00f9 le laboratoire et le terrain collaborent pour prot\u00e9ger la ressource la plus pr\u00e9cieuse qui soit : l&#039;eau.<\/p>\n\t\t<\/div>\n\t\t\t\t\t<div class=\"elementor-post__read-more-wrapper\">\n\t\t\n\t\t<a class=\"elementor-post__read-more\" href=\"https:\/\/www.ecofirma.co.ao\/fr\/o-ciclo-da-manutencao-inteligente\/\" aria-label=\"Pour en savoir plus sur le cycle de maintenance intelligent, consultez la section correspondante.\" tabindex=\"-1\" target=\"_blank\">\n\t\t\tEn savoir plus\t\t<\/a>\n\n\t\t\t\t\t<\/div>\n\t\t\t\t<\/div>\n\t\t\t\t\t<\/div>\n\t\t<\/article>\n\t\t\t\t<article class=\"elementor-post elementor-grid-item post-9695 post type-post status-publish format-standard has-post-thumbnail hentry category-sustentabilidade\" role=\"listitem\">\n\t\t\t<div class=\"elementor-post__card\">\n\t\t\t\t<a class=\"elementor-post__thumbnail__link\" href=\"https:\/\/www.ecofirma.co.ao\/fr\/grupo-ecofirma-pioneiros-na-sustentabilidade-empresarial-e-ambiental-em-angola\/\" tabindex=\"-1\" target=\"_blank\"><div class=\"elementor-post__thumbnail\"><img decoding=\"async\" width=\"1920\" height=\"1280\" src=\"https:\/\/www.ecofirma.co.ao\/wp-content\/uploads\/2024\/08\/ECOFIRMA-barragens-reservatorios-injeccoes-piscinas-agua-ETA-ETAR-reabilitacao-impermeabilizacao-perfuracao-estruturas-ecologia-1.jpg\" class=\"attachment-full size-full wp-image-9703\" alt=\"\" srcset=\"https:\/\/www.ecofirma.co.ao\/wp-content\/uploads\/2024\/08\/ECOFIRMA-barragens-reservatorios-injeccoes-piscinas-agua-ETA-ETAR-reabilitacao-impermeabilizacao-perfuracao-estruturas-ecologia-1.jpg 1920w, https:\/\/www.ecofirma.co.ao\/wp-content\/uploads\/2024\/08\/ECOFIRMA-barragens-reservatorios-injeccoes-piscinas-agua-ETA-ETAR-reabilitacao-impermeabilizacao-perfuracao-estruturas-ecologia-1-400x267.jpg 400w, https:\/\/www.ecofirma.co.ao\/wp-content\/uploads\/2024\/08\/ECOFIRMA-barragens-reservatorios-injeccoes-piscinas-agua-ETA-ETAR-reabilitacao-impermeabilizacao-perfuracao-estruturas-ecologia-1-1024x683.jpg 1024w, https:\/\/www.ecofirma.co.ao\/wp-content\/uploads\/2024\/08\/ECOFIRMA-barragens-reservatorios-injeccoes-piscinas-agua-ETA-ETAR-reabilitacao-impermeabilizacao-perfuracao-estruturas-ecologia-1-768x512.jpg 768w, https:\/\/www.ecofirma.co.ao\/wp-content\/uploads\/2024\/08\/ECOFIRMA-barragens-reservatorios-injeccoes-piscinas-agua-ETA-ETAR-reabilitacao-impermeabilizacao-perfuracao-estruturas-ecologia-1-1536x1024.jpg 1536w, https:\/\/www.ecofirma.co.ao\/wp-content\/uploads\/2024\/08\/ECOFIRMA-barragens-reservatorios-injeccoes-piscinas-agua-ETA-ETAR-reabilitacao-impermeabilizacao-perfuracao-estruturas-ecologia-1-18x12.jpg 18w\" sizes=\"(max-width: 1920px) 100vw, 1920px\" \/><\/div><\/a>\n\t\t\t\t<div class=\"elementor-post__badge\">Durabilit\u00e9<\/div>\n\t\t\t\t<div class=\"elementor-post__text\">\n\t\t\t\t<h3 class=\"elementor-post__title\">\n\t\t\t<a href=\"https:\/\/www.ecofirma.co.ao\/fr\/grupo-ecofirma-pioneiros-na-sustentabilidade-empresarial-e-ambiental-em-angola\/\" target=\"&quot;_blank&quot;\">\n\t\t\t\tGROUPE ECOFIRMA \u2013 Pionniers de la durabilit\u00e9 commerciale et environnementale en Angola\t\t\t<\/a>\n\t\t<\/h3>\n\t\t\t\t<div class=\"elementor-post__excerpt\">\n\t\t\t<p>Une piscine offre d\u2019innombrables bienfaits pour la sant\u00e9, servant \u00e0 la fois de lieu id\u00e9al pour l\u2019exercice cardiovasculaire et d\u2019espace pour des moments incroyables en famille et entre amis. Cependant, ce que beaucoup de gens ne consid\u00e8rent pas, c&#039;est la responsabilit\u00e9 qu&#039;implique le fait d&#039;avoir une piscine sur leur propri\u00e9t\u00e9.<\/p>\n\t\t<\/div>\n\t\t\t\t\t<div class=\"elementor-post__read-more-wrapper\">\n\t\t\n\t\t<a class=\"elementor-post__read-more\" href=\"https:\/\/www.ecofirma.co.ao\/fr\/grupo-ecofirma-pioneiros-na-sustentabilidade-empresarial-e-ambiental-em-angola\/\" aria-label=\"En savoir plus sur GRUPO ECOFIRMA \u2013 Pionniers de la durabilit\u00e9 commerciale et environnementale en Angola\" tabindex=\"-1\" target=\"_blank\">\n\t\t\tEn savoir plus\t\t<\/a>\n\n\t\t\t\t\t<\/div>\n\t\t\t\t<\/div>\n\t\t\t\t\t<\/div>\n\t\t<\/article>\n\t\t\t\t<article class=\"elementor-post elementor-grid-item post-9339 post type-post status-publish format-standard has-post-thumbnail hentry category-manutencao category-sistemas-de-rega category-sustentabilidade\" role=\"listitem\">\n\t\t\t<div class=\"elementor-post__card\">\n\t\t\t\t<a class=\"elementor-post__thumbnail__link\" href=\"https:\/\/www.ecofirma.co.ao\/fr\/manutencao-piscinas-angola\/\" tabindex=\"-1\" target=\"_blank\"><div class=\"elementor-post__thumbnail\"><img decoding=\"async\" width=\"1000\" height=\"666\" src=\"https:\/\/www.ecofirma.co.ao\/wp-content\/uploads\/2024\/02\/ls_smiling-mixed-race-family-on-summer-holiday-having-2023-11-27-05-13-11-utc.jpg\" class=\"attachment-full size-full wp-image-9373\" alt=\"\" srcset=\"https:\/\/www.ecofirma.co.ao\/wp-content\/uploads\/2024\/02\/ls_smiling-mixed-race-family-on-summer-holiday-having-2023-11-27-05-13-11-utc.jpg 1000w, https:\/\/www.ecofirma.co.ao\/wp-content\/uploads\/2024\/02\/ls_smiling-mixed-race-family-on-summer-holiday-having-2023-11-27-05-13-11-utc-300x200.jpg 300w, https:\/\/www.ecofirma.co.ao\/wp-content\/uploads\/2024\/02\/ls_smiling-mixed-race-family-on-summer-holiday-having-2023-11-27-05-13-11-utc-768x511.jpg 768w, https:\/\/www.ecofirma.co.ao\/wp-content\/uploads\/2024\/02\/ls_smiling-mixed-race-family-on-summer-holiday-having-2023-11-27-05-13-11-utc-18x12.jpg 18w\" sizes=\"(max-width: 1000px) 100vw, 1000px\" \/><\/div><\/a>\n\t\t\t\t<div class=\"elementor-post__badge\">Entretien<\/div>\n\t\t\t\t<div class=\"elementor-post__text\">\n\t\t\t\t<h3 class=\"elementor-post__title\">\n\t\t\t<a href=\"https:\/\/www.ecofirma.co.ao\/fr\/manutencao-piscinas-angola\/\" target=\"&quot;_blank&quot;\">\n\t\t\t\tServices d&#039;entretien de piscine en Angola\t\t\t<\/a>\n\t\t<\/h3>\n\t\t\t\t<div class=\"elementor-post__excerpt\">\n\t\t\t<p>Une piscine offre d\u2019innombrables bienfaits pour la sant\u00e9, servant \u00e0 la fois de lieu id\u00e9al pour l\u2019exercice cardiovasculaire et d\u2019espace pour des moments incroyables en famille et entre amis. Cependant, ce que beaucoup de gens ne consid\u00e8rent pas, c&#039;est la responsabilit\u00e9 qu&#039;implique le fait d&#039;avoir une piscine sur leur propri\u00e9t\u00e9.<\/p>\n\t\t<\/div>\n\t\t\t\t\t<div class=\"elementor-post__read-more-wrapper\">\n\t\t\n\t\t<a class=\"elementor-post__read-more\" href=\"https:\/\/www.ecofirma.co.ao\/fr\/manutencao-piscinas-angola\/\" aria-label=\"En savoir plus sur les services d&#039;entretien de piscine en Angola\" tabindex=\"-1\" target=\"_blank\">\n\t\t\tEn savoir plus\t\t<\/a>\n\n\t\t\t\t\t<\/div>\n\t\t\t\t<\/div>\n\t\t\t\t\t<\/div>\n\t\t<\/article>\n\t\t\t\t<article class=\"elementor-post elementor-grid-item post-9016 post type-post status-publish format-standard has-post-thumbnail hentry category-energia-solar category-sistemas-de-rega category-sustentabilidade\" role=\"listitem\">\n\t\t\t<div class=\"elementor-post__card\">\n\t\t\t\t<a class=\"elementor-post__thumbnail__link\" href=\"https:\/\/www.ecofirma.co.ao\/fr\/energia-solar-tratamento-agua-fotovoltaico\/\" tabindex=\"-1\" target=\"_blank\"><div class=\"elementor-post__thumbnail\"><img loading=\"lazy\" decoding=\"async\" width=\"1200\" height=\"900\" src=\"https:\/\/www.ecofirma.co.ao\/wp-content\/uploads\/2023\/11\/ls_psd4.jpg\" class=\"attachment-full size-full wp-image-9020\" alt=\"\" srcset=\"https:\/\/www.ecofirma.co.ao\/wp-content\/uploads\/2023\/11\/ls_psd4.jpg 1200w, https:\/\/www.ecofirma.co.ao\/wp-content\/uploads\/2023\/11\/ls_psd4-300x225.jpg 300w, https:\/\/www.ecofirma.co.ao\/wp-content\/uploads\/2023\/11\/ls_psd4-1024x768.jpg 1024w, https:\/\/www.ecofirma.co.ao\/wp-content\/uploads\/2023\/11\/ls_psd4-768x576.jpg 768w, https:\/\/www.ecofirma.co.ao\/wp-content\/uploads\/2023\/11\/ls_psd4-16x12.jpg 16w\" sizes=\"(max-width: 1200px) 100vw, 1200px\" \/><\/div><\/a>\n\t\t\t\t<div class=\"elementor-post__badge\">\u00e9nergie solaire<\/div>\n\t\t\t\t<div class=\"elementor-post__text\">\n\t\t\t\t<h3 class=\"elementor-post__title\">\n\t\t\t<a href=\"https:\/\/www.ecofirma.co.ao\/fr\/energia-solar-tratamento-agua-fotovoltaico\/\" target=\"&quot;_blank&quot;\">\n\t\t\t\tL&#039;\u00e9nergie solaire comme solution durable pour les syst\u00e8mes de traitement de l&#039;eau en Afrique\t\t\t<\/a>\n\t\t<\/h3>\n\t\t\t\t<div class=\"elementor-post__excerpt\">\n\t\t\t<p>La demande en eau potable sur le continent africain est un probl\u00e8me urgent, et l\u2019\u00e9nergie solaire est apparue comme une solution viable et durable pour faire fonctionner des syst\u00e8mes de traitement de l\u2019eau dans les zones recul\u00e9es ayant un acc\u00e8s limit\u00e9 \u00e0 l\u2019\u00e9lectricit\u00e9.<\/p>\n\t\t<\/div>\n\t\t\t\t\t<div class=\"elementor-post__read-more-wrapper\">\n\t\t\n\t\t<a class=\"elementor-post__read-more\" href=\"https:\/\/www.ecofirma.co.ao\/fr\/energia-solar-tratamento-agua-fotovoltaico\/\" aria-label=\"En savoir plus sur l&#039;\u00e9nergie solaire comme solution durable pour les syst\u00e8mes de traitement de l&#039;eau en Afrique\" tabindex=\"-1\" target=\"_blank\">\n\t\t\tEn savoir plus\t\t<\/a>\n\n\t\t\t\t\t<\/div>\n\t\t\t\t<\/div>\n\t\t\t\t\t<\/div>\n\t\t<\/article>\n\t\t\t\t<article class=\"elementor-post elementor-grid-item post-8970 post type-post status-publish format-standard has-post-thumbnail hentry category-condutas category-inspeccao category-manutencao\" role=\"listitem\">\n\t\t\t<div class=\"elementor-post__card\">\n\t\t\t\t<a class=\"elementor-post__thumbnail__link\" href=\"https:\/\/www.ecofirma.co.ao\/fr\/inspeccao-video-em-colectores\/\" tabindex=\"-1\" target=\"_blank\"><div class=\"elementor-post__thumbnail\"><img loading=\"lazy\" decoding=\"async\" width=\"828\" height=\"473\" src=\"https:\/\/www.ecofirma.co.ao\/wp-content\/uploads\/2023\/10\/WhatsApp-Image-2022-09-02-at-15.31.42.jpg\" class=\"attachment-full size-full wp-image-8994\" alt=\"\" srcset=\"https:\/\/www.ecofirma.co.ao\/wp-content\/uploads\/2023\/10\/WhatsApp-Image-2022-09-02-at-15.31.42.jpg 828w, https:\/\/www.ecofirma.co.ao\/wp-content\/uploads\/2023\/10\/WhatsApp-Image-2022-09-02-at-15.31.42-300x171.jpg 300w, https:\/\/www.ecofirma.co.ao\/wp-content\/uploads\/2023\/10\/WhatsApp-Image-2022-09-02-at-15.31.42-768x439.jpg 768w, https:\/\/www.ecofirma.co.ao\/wp-content\/uploads\/2023\/10\/WhatsApp-Image-2022-09-02-at-15.31.42-18x10.jpg 18w\" sizes=\"(max-width: 828px) 100vw, 828px\" \/><\/div><\/a>\n\t\t\t\t<div class=\"elementor-post__badge\">Conduire<\/div>\n\t\t\t\t<div class=\"elementor-post__text\">\n\t\t\t\t<h3 class=\"elementor-post__title\">\n\t\t\t<a href=\"https:\/\/www.ecofirma.co.ao\/fr\/inspeccao-video-em-colectores\/\" target=\"&quot;_blank&quot;\">\n\t\t\t\tInspection vid\u00e9o des collecteurs d&#039;eaux us\u00e9es et des canalisations d&#039;eaux pluviales\t\t\t<\/a>\n\t\t<\/h3>\n\t\t\t\t<div class=\"elementor-post__excerpt\">\n\t\t\t<p>L&#039;inspection vid\u00e9o des collecteurs d&#039;eaux us\u00e9es et des canalisations pluviales est une technologie avanc\u00e9e propos\u00e9e par ECOFIRMA qui s&#039;est av\u00e9r\u00e9e fondamentale pour am\u00e9liorer l&#039;efficacit\u00e9 hydraulique de divers syst\u00e8mes. Ce service permet une \u00e9valuation approfondie de l\u2019\u00e9tat et de la qualit\u00e9 des syst\u00e8mes d\u2019\u00e9gouts, tant dans les zones r\u00e9sidentielles que commerciales, ce qui en fait un investissement rentable.<\/p>\n\t\t<\/div>\n\t\t\t\t\t<div class=\"elementor-post__read-more-wrapper\">\n\t\t\n\t\t<a class=\"elementor-post__read-more\" href=\"https:\/\/www.ecofirma.co.ao\/fr\/inspeccao-video-em-colectores\/\" aria-label=\"En savoir plus sur Inspection vid\u00e9o des collecteurs d&#039;eaux us\u00e9es et des canalisations pluviales\" tabindex=\"-1\" target=\"_blank\">\n\t\t\tEn savoir plus\t\t<\/a>\n\n\t\t\t\t\t<\/div>\n\t\t\t\t<\/div>\n\t\t\t\t\t<\/div>\n\t\t<\/article>\n\t\t\t\t<article class=\"elementor-post elementor-grid-item post-7706 post type-post status-publish format-standard has-post-thumbnail hentry category-impermeabilizacoes category-manutencao category-reservatorios\" role=\"listitem\">\n\t\t\t<div class=\"elementor-post__card\">\n\t\t\t\t<a class=\"elementor-post__thumbnail__link\" href=\"https:\/\/www.ecofirma.co.ao\/fr\/a-importancia-da-limpeza-e-desinfeccao-regular-de-reservatorios-de-agua-potavel\/\" tabindex=\"-1\" target=\"_blank\"><div class=\"elementor-post__thumbnail\"><img loading=\"lazy\" decoding=\"async\" width=\"1334\" height=\"750\" src=\"https:\/\/www.ecofirma.co.ao\/wp-content\/uploads\/2023\/06\/psd5.jpg\" class=\"attachment-full size-full wp-image-7729\" alt=\"\" srcset=\"https:\/\/www.ecofirma.co.ao\/wp-content\/uploads\/2023\/06\/psd5.jpg 1334w, https:\/\/www.ecofirma.co.ao\/wp-content\/uploads\/2023\/06\/psd5-300x169.jpg 300w, https:\/\/www.ecofirma.co.ao\/wp-content\/uploads\/2023\/06\/psd5-1024x576.jpg 1024w, https:\/\/www.ecofirma.co.ao\/wp-content\/uploads\/2023\/06\/psd5-768x432.jpg 768w\" sizes=\"(max-width: 1334px) 100vw, 1334px\" \/><\/div><\/a>\n\t\t\t\t<div class=\"elementor-post__badge\">Imperm\u00e9abilisation<\/div>\n\t\t\t\t<div class=\"elementor-post__text\">\n\t\t\t\t<h3 class=\"elementor-post__title\">\n\t\t\t<a href=\"https:\/\/www.ecofirma.co.ao\/fr\/a-importancia-da-limpeza-e-desinfeccao-regular-de-reservatorios-de-agua-potavel\/\" target=\"&quot;_blank&quot;\">\n\t\t\t\tL\u2019importance de consid\u00e9rer l\u2019agressivit\u00e9 de l\u2019eau\t\t\t<\/a>\n\t\t<\/h3>\n\t\t\t\t<div class=\"elementor-post__excerpt\">\n\t\t\t<p>Lors du choix du mortier d\u2019\u00e9tanch\u00e9it\u00e9 appropri\u00e9 pour prot\u00e9ger les structures en b\u00e9ton arm\u00e9 destin\u00e9es au stockage de l\u2019eau, il est important de consid\u00e9rer l\u2019agressivit\u00e9 de l\u2019eau en question.\u00a0<\/p>\n\t\t<\/div>\n\t\t\t\t\t<div class=\"elementor-post__read-more-wrapper\">\n\t\t\n\t\t<a class=\"elementor-post__read-more\" href=\"https:\/\/www.ecofirma.co.ao\/fr\/a-importancia-da-limpeza-e-desinfeccao-regular-de-reservatorios-de-agua-potavel\/\" aria-label=\"Lire la suite de L&#039;importance de consid\u00e9rer l&#039;agressivit\u00e9 de l&#039;eau\" tabindex=\"-1\" target=\"_blank\">\n\t\t\tEn savoir plus\t\t<\/a>\n\n\t\t\t\t\t<\/div>\n\t\t\t\t<\/div>\n\t\t\t\t\t<\/div>\n\t\t<\/article>\n\t\t\t\t<\/div>\n\t\t\n\t\t\t\t\t\t<\/div>\n\t\t\t\t<\/div>\n\t\t\t\t<\/div>\n\t\t\t\t<\/div>","protected":false},"excerpt":{"rendered":"<p>BLOG<\/p>","protected":false},"author":4,"featured_media":0,"parent":0,"menu_order":0,"comment_status":"closed","ping_status":"closed","template":"elementor_header_footer","meta":{"footnotes":""},"class_list":["post-7240","page","type-page","status-publish","hentry"],"yoast_head":"<!-- This site is optimized with the Yoast SEO plugin v27.3 - https:\/\/yoast.com\/product\/yoast-seo-wordpress\/ -->\n<title>Blog - ECOFIRMA<\/title>\n<meta name=\"robots\" content=\"index, follow, max-snippet:-1, max-image-preview:large, max-video-preview:-1\" \/>\n<link rel=\"canonical\" href=\"https:\/\/www.ecofirma.co.ao\/fr\/blog\/\" \/>\n<meta property=\"og:locale\" content=\"fr_FR\" \/>\n<meta property=\"og:type\" content=\"article\" \/>\n<meta property=\"og:title\" content=\"Blog - ECOFIRMA\" \/>\n<meta property=\"og:description\" content=\"BLOG\" \/>\n<meta property=\"og:url\" content=\"https:\/\/www.ecofirma.co.ao\/fr\/blog\/\" \/>\n<meta property=\"og:site_name\" content=\"ECOFIRMA\" \/>\n<meta property=\"article:publisher\" content=\"https:\/\/www.facebook.com\/EcoEcofirma\" \/>\n<meta property=\"article:modified_time\" content=\"2024-03-13T19:05:40+00:00\" \/>\n<meta name=\"twitter:card\" content=\"summary_large_image\" \/>\n<meta name=\"twitter:label1\" content=\"Dur\u00e9e de lecture estim\u00e9e\" \/>\n\t<meta name=\"twitter:data1\" content=\"3 minutes\" \/>\n<script type=\"application\/ld+json\" class=\"yoast-schema-graph\">{\"@context\":\"https:\\\/\\\/schema.org\",\"@graph\":[{\"@type\":\"WebPage\",\"@id\":\"https:\\\/\\\/www.ecofirma.co.ao\\\/blog\\\/\",\"url\":\"https:\\\/\\\/www.ecofirma.co.ao\\\/blog\\\/\",\"name\":\"Blog - ECOFIRMA\",\"isPartOf\":{\"@id\":\"https:\\\/\\\/www.ecofirma.co.ao\\\/#website\"},\"datePublished\":\"2023-04-14T15:02:00+00:00\",\"dateModified\":\"2024-03-13T19:05:40+00:00\",\"breadcrumb\":{\"@id\":\"https:\\\/\\\/www.ecofirma.co.ao\\\/blog\\\/#breadcrumb\"},\"inLanguage\":\"fr-FR\",\"potentialAction\":[{\"@type\":\"ReadAction\",\"target\":[\"https:\\\/\\\/www.ecofirma.co.ao\\\/blog\\\/\"]}]},{\"@type\":\"BreadcrumbList\",\"@id\":\"https:\\\/\\\/www.ecofirma.co.ao\\\/blog\\\/#breadcrumb\",\"itemListElement\":[{\"@type\":\"ListItem\",\"position\":1,\"name\":\"In\u00edcio\",\"item\":\"https:\\\/\\\/www.ecofirma.co.ao\\\/pt\\\/\"},{\"@type\":\"ListItem\",\"position\":2,\"name\":\"Blog\"}]},{\"@type\":\"WebSite\",\"@id\":\"https:\\\/\\\/www.ecofirma.co.ao\\\/#website\",\"url\":\"https:\\\/\\\/www.ecofirma.co.ao\\\/\",\"name\":\"ECOFIRMA\",\"description\":\"Para Angola trazemos os mais evolu\u00eddos produtos, t\u00e9cnicas e equipamentos que garantem a optimiza\u00e7\u00e3o da efici\u00eancia da \u00e1gua em todas as estruturas de reten\u00e7\u00e3o.\",\"publisher\":{\"@id\":\"https:\\\/\\\/www.ecofirma.co.ao\\\/#organization\"},\"potentialAction\":[{\"@type\":\"SearchAction\",\"target\":{\"@type\":\"EntryPoint\",\"urlTemplate\":\"https:\\\/\\\/www.ecofirma.co.ao\\\/?s={search_term_string}\"},\"query-input\":{\"@type\":\"PropertyValueSpecification\",\"valueRequired\":true,\"valueName\":\"search_term_string\"}}],\"inLanguage\":\"fr-FR\"},{\"@type\":\"Organization\",\"@id\":\"https:\\\/\\\/www.ecofirma.co.ao\\\/#organization\",\"name\":\"ECOFIRMA\",\"url\":\"https:\\\/\\\/www.ecofirma.co.ao\\\/\",\"logo\":{\"@type\":\"ImageObject\",\"inLanguage\":\"fr-FR\",\"@id\":\"https:\\\/\\\/www.ecofirma.co.ao\\\/#\\\/schema\\\/logo\\\/image\\\/\",\"url\":\"https:\\\/\\\/www.ecofirma.co.ao\\\/wp-content\\\/uploads\\\/2021\\\/11\\\/ECOFIRMA-Angola-logo-1-scaled.png\",\"contentUrl\":\"https:\\\/\\\/www.ecofirma.co.ao\\\/wp-content\\\/uploads\\\/2021\\\/11\\\/ECOFIRMA-Angola-logo-1-scaled.png\",\"width\":2560,\"height\":1079,\"caption\":\"ECOFIRMA\"},\"image\":{\"@id\":\"https:\\\/\\\/www.ecofirma.co.ao\\\/#\\\/schema\\\/logo\\\/image\\\/\"},\"sameAs\":[\"https:\\\/\\\/www.facebook.com\\\/EcoEcofirma\",\"https:\\\/\\\/www.linkedin.com\\\/company\\\/grupoecofirma\"]}]}<\/script>\n<!-- \/ Yoast SEO plugin. -->","yoast_head_json":{"title":"Blog - ECOFIRMA","robots":{"index":"index","follow":"follow","max-snippet":"max-snippet:-1","max-image-preview":"max-image-preview:large","max-video-preview":"max-video-preview:-1"},"canonical":"https:\/\/www.ecofirma.co.ao\/fr\/blog\/","og_locale":"fr_FR","og_type":"article","og_title":"Blog - ECOFIRMA","og_description":"BLOG","og_url":"https:\/\/www.ecofirma.co.ao\/fr\/blog\/","og_site_name":"ECOFIRMA","article_publisher":"https:\/\/www.facebook.com\/EcoEcofirma","article_modified_time":"2024-03-13T19:05:40+00:00","twitter_card":"summary_large_image","twitter_misc":{"Dur\u00e9e de lecture estim\u00e9e":"3 minutes"},"schema":{"@context":"https:\/\/schema.org","@graph":[{"@type":"WebPage","@id":"https:\/\/www.ecofirma.co.ao\/blog\/","url":"https:\/\/www.ecofirma.co.ao\/blog\/","name":"Blog - ECOFIRMA","isPartOf":{"@id":"https:\/\/www.ecofirma.co.ao\/#website"},"datePublished":"2023-04-14T15:02:00+00:00","dateModified":"2024-03-13T19:05:40+00:00","breadcrumb":{"@id":"https:\/\/www.ecofirma.co.ao\/blog\/#breadcrumb"},"inLanguage":"fr-FR","potentialAction":[{"@type":"ReadAction","target":["https:\/\/www.ecofirma.co.ao\/blog\/"]}]},{"@type":"BreadcrumbList","@id":"https:\/\/www.ecofirma.co.ao\/blog\/#breadcrumb","itemListElement":[{"@type":"ListItem","position":1,"name":"In\u00edcio","item":"https:\/\/www.ecofirma.co.ao\/pt\/"},{"@type":"ListItem","position":2,"name":"Blog"}]},{"@type":"WebSite","@id":"https:\/\/www.ecofirma.co.ao\/#website","url":"https:\/\/www.ecofirma.co.ao\/","name":"ECOFIRMA","description":"En Angola, nous apportons les produits, techniques et \u00e9quipements les plus avanc\u00e9s qui garantissent l\u2019optimisation de l\u2019efficacit\u00e9 de l\u2019eau dans toutes les structures de r\u00e9tention.","publisher":{"@id":"https:\/\/www.ecofirma.co.ao\/#organization"},"potentialAction":[{"@type":"SearchAction","target":{"@type":"EntryPoint","urlTemplate":"https:\/\/www.ecofirma.co.ao\/?s={search_term_string}"},"query-input":{"@type":"PropertyValueSpecification","valueRequired":true,"valueName":"search_term_string"}}],"inLanguage":"fr-FR"},{"@type":"Organization","@id":"https:\/\/www.ecofirma.co.ao\/#organization","name":"ECOFIRMA","url":"https:\/\/www.ecofirma.co.ao\/","logo":{"@type":"ImageObject","inLanguage":"fr-FR","@id":"https:\/\/www.ecofirma.co.ao\/#\/schema\/logo\/image\/","url":"https:\/\/www.ecofirma.co.ao\/wp-content\/uploads\/2021\/11\/ECOFIRMA-Angola-logo-1-scaled.png","contentUrl":"https:\/\/www.ecofirma.co.ao\/wp-content\/uploads\/2021\/11\/ECOFIRMA-Angola-logo-1-scaled.png","width":2560,"height":1079,"caption":"ECOFIRMA"},"image":{"@id":"https:\/\/www.ecofirma.co.ao\/#\/schema\/logo\/image\/"},"sameAs":["https:\/\/www.facebook.com\/EcoEcofirma","https:\/\/www.linkedin.com\/company\/grupoecofirma"]}]}},"_links":{"self":[{"href":"https:\/\/www.ecofirma.co.ao\/fr\/wp-json\/wp\/v2\/pages\/7240","targetHints":{"allow":["GET"]}}],"collection":[{"href":"https:\/\/www.ecofirma.co.ao\/fr\/wp-json\/wp\/v2\/pages"}],"about":[{"href":"https:\/\/www.ecofirma.co.ao\/fr\/wp-json\/wp\/v2\/types\/page"}],"author":[{"embeddable":true,"href":"https:\/\/www.ecofirma.co.ao\/fr\/wp-json\/wp\/v2\/users\/4"}],"replies":[{"embeddable":true,"href":"https:\/\/www.ecofirma.co.ao\/fr\/wp-json\/wp\/v2\/comments?post=7240"}],"version-history":[{"count":9,"href":"https:\/\/www.ecofirma.co.ao\/fr\/wp-json\/wp\/v2\/pages\/7240\/revisions"}],"predecessor-version":[{"id":9481,"href":"https:\/\/www.ecofirma.co.ao\/fr\/wp-json\/wp\/v2\/pages\/7240\/revisions\/9481"}],"wp:attachment":[{"href":"https:\/\/www.ecofirma.co.ao\/fr\/wp-json\/wp\/v2\/media?parent=7240"}],"curies":[{"name":"wp","href":"https:\/\/api.w.org\/{rel}","templated":true}]}}