{"id":7800,"date":"2023-06-17T17:21:49","date_gmt":"2023-06-17T16:21:49","guid":{"rendered":"https:\/\/www.ecofirma.co.ao\/?page_id=7800"},"modified":"2024-03-13T20:14:02","modified_gmt":"2024-03-13T19:14:02","slug":"reforcos-estruturais","status":"publish","type":"page","link":"https:\/\/www.ecofirma.co.ao\/en\/servicos\/reforcos-estruturais\/","title":{"rendered":"Structural reinforcements"},"content":{"rendered":"<div data-elementor-type=\"wp-page\" data-elementor-id=\"7800\" class=\"elementor elementor-7800\" data-elementor-post-type=\"page\">\n\t\t\t\t<div class=\"elementor-element elementor-element-a4f5442 e-con-full e-flex e-con e-parent\" data-id=\"a4f5442\" data-element_type=\"container\" data-e-type=\"container\" data-settings=\"{&quot;background_background&quot;:&quot;classic&quot;}\">\n\t\t<div class=\"elementor-element elementor-element-bfae7e1 e-flex e-con-boxed e-con e-child\" data-id=\"bfae7e1\" data-element_type=\"container\" data-e-type=\"container\">\n\t\t\t\t\t<div class=\"e-con-inner\">\n\t\t\t\t<div class=\"elementor-element elementor-element-39e1ad8 elementor-widget elementor-widget-image\" data-id=\"39e1ad8\" data-element_type=\"widget\" data-e-type=\"widget\" id=\"#icon\" data-settings=\"{&quot;motion_fx_motion_fx_mouse&quot;:&quot;yes&quot;,&quot;motion_fx_mouseTrack_effect&quot;:&quot;yes&quot;,&quot;motion_fx_mouseTrack_speed&quot;:{&quot;unit&quot;:&quot;px&quot;,&quot;size&quot;:0.1000000000000000055511151231257827021181583404541015625,&quot;sizes&quot;:[]},&quot;motion_fx_tilt_effect&quot;:&quot;yes&quot;,&quot;motion_fx_tilt_speed&quot;:{&quot;unit&quot;:&quot;px&quot;,&quot;size&quot;:2,&quot;sizes&quot;:[]}}\" data-widget_type=\"image.default\">\n\t\t\t\t<div class=\"elementor-widget-container\">\n\t\t\t\t\t\t\t\t\t\t\t\t\t\t\t<img decoding=\"async\" width=\"168\" height=\"168\" src=\"https:\/\/www.ecofirma.co.ao\/wp-content\/uploads\/2018\/03\/reforcos00.png\" class=\"attachment-large size-large wp-image-1470\" alt=\"\" srcset=\"https:\/\/www.ecofirma.co.ao\/wp-content\/uploads\/2018\/03\/reforcos00.png 168w, https:\/\/www.ecofirma.co.ao\/wp-content\/uploads\/2018\/03\/reforcos00-150x150.png 150w\" sizes=\"(max-width: 168px) 100vw, 168px\" \/>\t\t\t\t\t\t\t\t\t\t\t\t\t\t\t<\/div>\n\t\t\t\t<\/div>\n\t\t\t\t<div class=\"elementor-element elementor-element-172bbcb elementor-widget elementor-widget-text-editor\" data-id=\"172bbcb\" data-element_type=\"widget\" data-e-type=\"widget\" data-widget_type=\"text-editor.default\">\n\t\t\t\t<div class=\"elementor-widget-container\">\n\t\t\t\t\t\t\t\t\t<p class=\"p1\">Structural reinforcements<\/p>\t\t\t\t\t\t\t\t<\/div>\n\t\t\t\t<\/div>\n\t\t\t\t\t<\/div>\n\t\t\t\t<\/div>\n\t\t\t\t<\/div>\n\t\t<div class=\"elementor-element elementor-element-45d8ec1 e-flex e-con-boxed e-con e-parent\" data-id=\"45d8ec1\" data-element_type=\"container\" data-e-type=\"container\" data-settings=\"{&quot;background_background&quot;:&quot;classic&quot;}\">\n\t\t\t\t\t<div class=\"e-con-inner\">\n\t\t\t\t<div class=\"elementor-element elementor-element-c813ea0 elementor-widget elementor-widget-text-editor\" data-id=\"c813ea0\" data-element_type=\"widget\" data-e-type=\"widget\" data-widget_type=\"text-editor.default\">\n\t\t\t\t<div class=\"elementor-widget-container\">\n\t\t\t\t\t\t\t\t\t<p><span style=\"font-weight: 400;\">At <\/span><b>ECOFIRMA<\/b><span style=\"font-weight: 400;\">, we specialize in structural rehabilitation and reinforcement, offering advanced technical solutions to ensure the safety and durability of structures. <\/span><\/p><p><span style=\"font-weight: 400;\">Among our skills, we highlight the use of carbon laminates to create efficient structural reinforcements.<\/span><\/p>\t\t\t\t\t\t\t\t<\/div>\n\t\t\t\t<\/div>\n\t\t\t\t\t<\/div>\n\t\t\t\t<\/div>\n\t\t<div class=\"elementor-element elementor-element-1318d68 e-flex e-con-boxed e-con e-parent\" data-id=\"1318d68\" data-element_type=\"container\" data-e-type=\"container\">\n\t\t\t\t\t<div class=\"e-con-inner\">\n\t\t<div class=\"elementor-element elementor-element-6d1681d e-con-full e-flex elementor-invisible e-con e-child\" data-id=\"6d1681d\" data-element_type=\"container\" data-e-type=\"container\" data-settings=\"{&quot;background_background&quot;:&quot;classic&quot;,&quot;animation&quot;:&quot;fadeInLeft&quot;}\">\n\t\t\t\t<\/div>\n\t\t<div class=\"elementor-element elementor-element-e5e4ad3 e-con-full animated-slow e-flex elementor-invisible e-con e-child\" data-id=\"e5e4ad3\" data-element_type=\"container\" data-e-type=\"container\" data-settings=\"{&quot;animation&quot;:&quot;fadeIn&quot;}\">\n\t\t\t\t<div class=\"elementor-element elementor-element-23ba3b1 elementor-widget elementor-widget-heading\" data-id=\"23ba3b1\" data-element_type=\"widget\" data-e-type=\"widget\" data-widget_type=\"heading.default\">\n\t\t\t\t<div class=\"elementor-widget-container\">\n\t\t\t\t\t<h2 class=\"elementor-heading-title elementor-size-default\">reinforce and improve structures<\/h2>\t\t\t\t<\/div>\n\t\t\t\t<\/div>\n\t\t\t\t<div class=\"elementor-element elementor-element-1267223 elementor-widget elementor-widget-text-editor\" data-id=\"1267223\" data-element_type=\"widget\" data-e-type=\"widget\" data-widget_type=\"text-editor.default\">\n\t\t\t\t<div class=\"elementor-widget-container\">\n\t\t\t\t\t\t\t\t\t<p><span style=\"font-weight: 400;\">We carry out structural reinforcements in reinforced concrete elements, using carbon sheets that are fixed with epoxy resins. <\/span><\/p>\n<p><span style=\"font-weight: 400;\">This technique allows you to strengthen slabs, beams, pillars and other structural elements, increasing their load-bearing capacity and improving their resistance.<\/span><\/p>\n<p><span style=\"font-weight: 400;\">The use of carbon laminates offers several advantages, such as high mechanical resistance, lightness, durability and ease of application. <\/span><\/p>\n<p><span style=\"font-weight: 400;\">These materials have exceptional properties that allow you to reinforce and improve existing structures, prolonging their useful life and avoiding future problems.<\/span><\/p>\t\t\t\t\t\t\t\t<\/div>\n\t\t\t\t<\/div>\n\t\t\t\t<\/div>\n\t\t\t\t\t<\/div>\n\t\t\t\t<\/div>\n\t\t<div class=\"elementor-element elementor-element-0488c0e e-flex e-con-boxed e-con e-parent\" data-id=\"0488c0e\" data-element_type=\"container\" data-e-type=\"container\" data-settings=\"{&quot;background_background&quot;:&quot;classic&quot;}\">\n\t\t\t\t\t<div class=\"e-con-inner\">\n\t\t<div class=\"elementor-element elementor-element-273ed8b e-con-full animated-slow e-flex elementor-invisible e-con e-child\" data-id=\"273ed8b\" data-element_type=\"container\" data-e-type=\"container\" data-settings=\"{&quot;animation&quot;:&quot;fadeIn&quot;}\">\n\t\t\t\t<div class=\"elementor-element elementor-element-3002e0a elementor-widget elementor-widget-heading\" data-id=\"3002e0a\" data-element_type=\"widget\" data-e-type=\"widget\" data-widget_type=\"heading.default\">\n\t\t\t\t<div class=\"elementor-widget-container\">\n\t\t\t\t\t<h2 class=\"elementor-heading-title elementor-size-default\">integrity and stability of structures<\/h2>\t\t\t\t<\/div>\n\t\t\t\t<\/div>\n\t\t\t\t<div class=\"elementor-element elementor-element-6cc16cf elementor-widget__width-initial elementor-widget elementor-widget-text-editor\" data-id=\"6cc16cf\" data-element_type=\"widget\" data-e-type=\"widget\" data-widget_type=\"text-editor.default\">\n\t\t\t\t<div class=\"elementor-widget-container\">\n\t\t\t\t\t\t\t\t\t<p><span style=\"font-weight: 400;\">Our technical team has the necessary competence and experience to carry out structural reinforcements precisely and efficiently, guaranteeing high quality results. <\/span><\/p>\n<p><span style=\"font-weight: 400;\">We work in accordance with the most up-to-date standards and regulations, ensuring compliance with safety and quality standards.<\/span><\/p>\n<p><span style=\"font-weight: 400;\">If you need rehabilitation or structural reinforcements, count on <\/span><b>ECOFIRMA<\/b><span style=\"font-weight: 400;\">. <\/span><\/p>\n<p><span style=\"font-weight: 400;\">We will be happy to offer customized solutions to meet your specific needs, ensuring the integrity and stability of your structures. <\/span><\/p>\n<p><span style=\"font-weight: 400;\">Contact us for more information and to request a technical assessment.<\/span><\/p>\t\t\t\t\t\t\t\t<\/div>\n\t\t\t\t<\/div>\n\t\t\t\t<\/div>\n\t\t<div class=\"elementor-element elementor-element-79db2c2 e-con-full e-flex elementor-invisible e-con e-child\" data-id=\"79db2c2\" data-element_type=\"container\" data-e-type=\"container\" data-settings=\"{&quot;background_background&quot;:&quot;classic&quot;,&quot;animation&quot;:&quot;fadeInRight&quot;}\">\n\t\t\t\t<\/div>\n\t\t\t\t\t<\/div>\n\t\t\t\t<\/div>\n\t\t\t\t<\/div>","protected":false},"excerpt":{"rendered":"<p>At ECOFIRMA, we specialize in structural rehabilitation and reinforcement, offering advanced technical solutions to guarantee the safety and durability of structures. Among our skills, we highlight the use of carbon laminates to create efficient structural reinforcements.<\/p>","protected":false},"author":5,"featured_media":8625,"parent":1255,"menu_order":0,"comment_status":"closed","ping_status":"closed","template":"elementor_header_footer","meta":{"footnotes":""},"class_list":["post-7800","page","type-page","status-publish","has-post-thumbnail","hentry"],"yoast_head":"<!-- This site is optimized with the Yoast SEO plugin v27.3 - https:\/\/yoast.com\/product\/yoast-seo-wordpress\/ -->\n<title>Refor\u00e7os Estruturais<\/title>\n<meta name=\"description\" content=\"Reabilita\u00e7\u00f5es e refor\u00e7os estruturais com solu\u00e7\u00f5es t\u00e9cnicas avan\u00e7adas para garantir a seguran\u00e7a e a durabilidade das estruturas.\" \/>\n<meta name=\"robots\" content=\"index, follow, max-snippet:-1, max-image-preview:large, max-video-preview:-1\" \/>\n<link rel=\"canonical\" href=\"https:\/\/www.ecofirma.co.ao\/en\/servicos\/reforcos-estruturais\/\" \/>\n<meta property=\"og:locale\" content=\"en_GB\" \/>\n<meta property=\"og:type\" content=\"article\" \/>\n<meta property=\"og:title\" content=\"Refor\u00e7os Estruturais\" \/>\n<meta property=\"og:description\" content=\"Reabilita\u00e7\u00f5es e refor\u00e7os estruturais com solu\u00e7\u00f5es t\u00e9cnicas avan\u00e7adas para garantir a seguran\u00e7a e a durabilidade das estruturas.\" \/>\n<meta property=\"og:url\" content=\"https:\/\/www.ecofirma.co.ao\/en\/servicos\/reforcos-estruturais\/\" \/>\n<meta property=\"og:site_name\" content=\"ECOFIRMA\" \/>\n<meta property=\"article:publisher\" content=\"https:\/\/www.facebook.com\/EcoEcofirma\" \/>\n<meta property=\"article:modified_time\" content=\"2024-03-13T19:14:02+00:00\" \/>\n<meta property=\"og:image\" content=\"http:\/\/www.ecofirma.co.ao\/wp-content\/uploads\/2023\/08\/psd2-2-scaled.jpg?_t=1710357242\" \/>\n\t<meta property=\"og:image:width\" content=\"2560\" \/>\n\t<meta property=\"og:image:height\" content=\"1707\" \/>\n\t<meta property=\"og:image:type\" content=\"image\/jpeg\" \/>\n<meta name=\"twitter:card\" content=\"summary_large_image\" \/>\n<meta name=\"twitter:label1\" content=\"Estimated reading time\" \/>\n\t<meta name=\"twitter:data1\" content=\"2 minutes\" \/>\n<script type=\"application\/ld+json\" class=\"yoast-schema-graph\">{\"@context\":\"https:\\\/\\\/schema.org\",\"@graph\":[{\"@type\":\"WebPage\",\"@id\":\"https:\\\/\\\/www.ecofirma.co.ao\\\/servicos\\\/reforcos-estruturais\\\/\",\"url\":\"https:\\\/\\\/www.ecofirma.co.ao\\\/servicos\\\/reforcos-estruturais\\\/\",\"name\":\"Refor\u00e7os Estruturais\",\"isPartOf\":{\"@id\":\"https:\\\/\\\/www.ecofirma.co.ao\\\/#website\"},\"primaryImageOfPage\":{\"@id\":\"https:\\\/\\\/www.ecofirma.co.ao\\\/servicos\\\/reforcos-estruturais\\\/#primaryimage\"},\"image\":{\"@id\":\"https:\\\/\\\/www.ecofirma.co.ao\\\/servicos\\\/reforcos-estruturais\\\/#primaryimage\"},\"thumbnailUrl\":\"https:\\\/\\\/www.ecofirma.co.ao\\\/wp-content\\\/uploads\\\/2023\\\/08\\\/psd2-2-scaled.jpg\",\"datePublished\":\"2023-06-17T16:21:49+00:00\",\"dateModified\":\"2024-03-13T19:14:02+00:00\",\"description\":\"Reabilita\u00e7\u00f5es e refor\u00e7os estruturais com solu\u00e7\u00f5es t\u00e9cnicas avan\u00e7adas para garantir a seguran\u00e7a e a durabilidade das estruturas.\",\"breadcrumb\":{\"@id\":\"https:\\\/\\\/www.ecofirma.co.ao\\\/servicos\\\/reforcos-estruturais\\\/#breadcrumb\"},\"inLanguage\":\"en-GB\",\"potentialAction\":[{\"@type\":\"ReadAction\",\"target\":[\"https:\\\/\\\/www.ecofirma.co.ao\\\/servicos\\\/reforcos-estruturais\\\/\"]}]},{\"@type\":\"ImageObject\",\"inLanguage\":\"en-GB\",\"@id\":\"https:\\\/\\\/www.ecofirma.co.ao\\\/servicos\\\/reforcos-estruturais\\\/#primaryimage\",\"url\":\"https:\\\/\\\/www.ecofirma.co.ao\\\/wp-content\\\/uploads\\\/2023\\\/08\\\/psd2-2-scaled.jpg\",\"contentUrl\":\"https:\\\/\\\/www.ecofirma.co.ao\\\/wp-content\\\/uploads\\\/2023\\\/08\\\/psd2-2-scaled.jpg\",\"width\":2560,\"height\":1707},{\"@type\":\"BreadcrumbList\",\"@id\":\"https:\\\/\\\/www.ecofirma.co.ao\\\/servicos\\\/reforcos-estruturais\\\/#breadcrumb\",\"itemListElement\":[{\"@type\":\"ListItem\",\"position\":1,\"name\":\"In\u00edcio\",\"item\":\"https:\\\/\\\/www.ecofirma.co.ao\\\/pt\\\/\"},{\"@type\":\"ListItem\",\"position\":2,\"name\":\"Os nossos servi\u00e7os\",\"item\":\"https:\\\/\\\/www.ecofirma.co.ao\\\/servicos\\\/\"},{\"@type\":\"ListItem\",\"position\":3,\"name\":\"Refor\u00e7os estruturais\"}]},{\"@type\":\"WebSite\",\"@id\":\"https:\\\/\\\/www.ecofirma.co.ao\\\/#website\",\"url\":\"https:\\\/\\\/www.ecofirma.co.ao\\\/\",\"name\":\"ECOFIRMA\",\"description\":\"Para Angola trazemos os mais evolu\u00eddos produtos, t\u00e9cnicas e equipamentos que garantem a optimiza\u00e7\u00e3o da efici\u00eancia da \u00e1gua em todas as estruturas de reten\u00e7\u00e3o.\",\"publisher\":{\"@id\":\"https:\\\/\\\/www.ecofirma.co.ao\\\/#organization\"},\"potentialAction\":[{\"@type\":\"SearchAction\",\"target\":{\"@type\":\"EntryPoint\",\"urlTemplate\":\"https:\\\/\\\/www.ecofirma.co.ao\\\/?s={search_term_string}\"},\"query-input\":{\"@type\":\"PropertyValueSpecification\",\"valueRequired\":true,\"valueName\":\"search_term_string\"}}],\"inLanguage\":\"en-GB\"},{\"@type\":\"Organization\",\"@id\":\"https:\\\/\\\/www.ecofirma.co.ao\\\/#organization\",\"name\":\"ECOFIRMA\",\"url\":\"https:\\\/\\\/www.ecofirma.co.ao\\\/\",\"logo\":{\"@type\":\"ImageObject\",\"inLanguage\":\"en-GB\",\"@id\":\"https:\\\/\\\/www.ecofirma.co.ao\\\/#\\\/schema\\\/logo\\\/image\\\/\",\"url\":\"https:\\\/\\\/www.ecofirma.co.ao\\\/wp-content\\\/uploads\\\/2021\\\/11\\\/ECOFIRMA-Angola-logo-1-scaled.png\",\"contentUrl\":\"https:\\\/\\\/www.ecofirma.co.ao\\\/wp-content\\\/uploads\\\/2021\\\/11\\\/ECOFIRMA-Angola-logo-1-scaled.png\",\"width\":2560,\"height\":1079,\"caption\":\"ECOFIRMA\"},\"image\":{\"@id\":\"https:\\\/\\\/www.ecofirma.co.ao\\\/#\\\/schema\\\/logo\\\/image\\\/\"},\"sameAs\":[\"https:\\\/\\\/www.facebook.com\\\/EcoEcofirma\",\"https:\\\/\\\/www.linkedin.com\\\/company\\\/grupoecofirma\"]}]}<\/script>\n<!-- \/ Yoast SEO plugin. -->","yoast_head_json":{"title":"Structural Reinforcements","description":"Structural rehabilitation and reinforcement with advanced technical solutions to ensure the safety and durability of structures.","robots":{"index":"index","follow":"follow","max-snippet":"max-snippet:-1","max-image-preview":"max-image-preview:large","max-video-preview":"max-video-preview:-1"},"canonical":"https:\/\/www.ecofirma.co.ao\/en\/servicos\/reforcos-estruturais\/","og_locale":"en_GB","og_type":"article","og_title":"Refor\u00e7os Estruturais","og_description":"Reabilita\u00e7\u00f5es e refor\u00e7os estruturais com solu\u00e7\u00f5es t\u00e9cnicas avan\u00e7adas para garantir a seguran\u00e7a e a durabilidade das estruturas.","og_url":"https:\/\/www.ecofirma.co.ao\/en\/servicos\/reforcos-estruturais\/","og_site_name":"ECOFIRMA","article_publisher":"https:\/\/www.facebook.com\/EcoEcofirma","article_modified_time":"2024-03-13T19:14:02+00:00","og_image":[{"width":2560,"height":1707,"url":"http:\/\/www.ecofirma.co.ao\/wp-content\/uploads\/2023\/08\/psd2-2-scaled.jpg?_t=1710357242","type":"image\/jpeg"}],"twitter_card":"summary_large_image","twitter_misc":{"Estimated reading time":"2 minutes"},"schema":{"@context":"https:\/\/schema.org","@graph":[{"@type":"WebPage","@id":"https:\/\/www.ecofirma.co.ao\/servicos\/reforcos-estruturais\/","url":"https:\/\/www.ecofirma.co.ao\/servicos\/reforcos-estruturais\/","name":"Structural Reinforcements","isPartOf":{"@id":"https:\/\/www.ecofirma.co.ao\/#website"},"primaryImageOfPage":{"@id":"https:\/\/www.ecofirma.co.ao\/servicos\/reforcos-estruturais\/#primaryimage"},"image":{"@id":"https:\/\/www.ecofirma.co.ao\/servicos\/reforcos-estruturais\/#primaryimage"},"thumbnailUrl":"https:\/\/www.ecofirma.co.ao\/wp-content\/uploads\/2023\/08\/psd2-2-scaled.jpg","datePublished":"2023-06-17T16:21:49+00:00","dateModified":"2024-03-13T19:14:02+00:00","description":"Structural rehabilitation and reinforcement with advanced technical solutions to ensure the safety and durability of structures.","breadcrumb":{"@id":"https:\/\/www.ecofirma.co.ao\/servicos\/reforcos-estruturais\/#breadcrumb"},"inLanguage":"en-GB","potentialAction":[{"@type":"ReadAction","target":["https:\/\/www.ecofirma.co.ao\/servicos\/reforcos-estruturais\/"]}]},{"@type":"ImageObject","inLanguage":"en-GB","@id":"https:\/\/www.ecofirma.co.ao\/servicos\/reforcos-estruturais\/#primaryimage","url":"https:\/\/www.ecofirma.co.ao\/wp-content\/uploads\/2023\/08\/psd2-2-scaled.jpg","contentUrl":"https:\/\/www.ecofirma.co.ao\/wp-content\/uploads\/2023\/08\/psd2-2-scaled.jpg","width":2560,"height":1707},{"@type":"BreadcrumbList","@id":"https:\/\/www.ecofirma.co.ao\/servicos\/reforcos-estruturais\/#breadcrumb","itemListElement":[{"@type":"ListItem","position":1,"name":"In\u00edcio","item":"https:\/\/www.ecofirma.co.ao\/pt\/"},{"@type":"ListItem","position":2,"name":"Os nossos servi\u00e7os","item":"https:\/\/www.ecofirma.co.ao\/servicos\/"},{"@type":"ListItem","position":3,"name":"Refor\u00e7os estruturais"}]},{"@type":"WebSite","@id":"https:\/\/www.ecofirma.co.ao\/#website","url":"https:\/\/www.ecofirma.co.ao\/","name":"ECOFIRMA","description":"To Angola we bring the most advanced products, techniques and equipment that guarantee the optimization of water efficiency in all retention structures.","publisher":{"@id":"https:\/\/www.ecofirma.co.ao\/#organization"},"potentialAction":[{"@type":"SearchAction","target":{"@type":"EntryPoint","urlTemplate":"https:\/\/www.ecofirma.co.ao\/?s={search_term_string}"},"query-input":{"@type":"PropertyValueSpecification","valueRequired":true,"valueName":"search_term_string"}}],"inLanguage":"en-GB"},{"@type":"Organization","@id":"https:\/\/www.ecofirma.co.ao\/#organization","name":"ECOFIRMA","url":"https:\/\/www.ecofirma.co.ao\/","logo":{"@type":"ImageObject","inLanguage":"en-GB","@id":"https:\/\/www.ecofirma.co.ao\/#\/schema\/logo\/image\/","url":"https:\/\/www.ecofirma.co.ao\/wp-content\/uploads\/2021\/11\/ECOFIRMA-Angola-logo-1-scaled.png","contentUrl":"https:\/\/www.ecofirma.co.ao\/wp-content\/uploads\/2021\/11\/ECOFIRMA-Angola-logo-1-scaled.png","width":2560,"height":1079,"caption":"ECOFIRMA"},"image":{"@id":"https:\/\/www.ecofirma.co.ao\/#\/schema\/logo\/image\/"},"sameAs":["https:\/\/www.facebook.com\/EcoEcofirma","https:\/\/www.linkedin.com\/company\/grupoecofirma"]}]}},"_links":{"self":[{"href":"https:\/\/www.ecofirma.co.ao\/en\/wp-json\/wp\/v2\/pages\/7800","targetHints":{"allow":["GET"]}}],"collection":[{"href":"https:\/\/www.ecofirma.co.ao\/en\/wp-json\/wp\/v2\/pages"}],"about":[{"href":"https:\/\/www.ecofirma.co.ao\/en\/wp-json\/wp\/v2\/types\/page"}],"author":[{"embeddable":true,"href":"https:\/\/www.ecofirma.co.ao\/en\/wp-json\/wp\/v2\/users\/5"}],"replies":[{"embeddable":true,"href":"https:\/\/www.ecofirma.co.ao\/en\/wp-json\/wp\/v2\/comments?post=7800"}],"version-history":[{"count":24,"href":"https:\/\/www.ecofirma.co.ao\/en\/wp-json\/wp\/v2\/pages\/7800\/revisions"}],"predecessor-version":[{"id":9515,"href":"https:\/\/www.ecofirma.co.ao\/en\/wp-json\/wp\/v2\/pages\/7800\/revisions\/9515"}],"up":[{"embeddable":true,"href":"https:\/\/www.ecofirma.co.ao\/en\/wp-json\/wp\/v2\/pages\/1255"}],"wp:featuredmedia":[{"embeddable":true,"href":"https:\/\/www.ecofirma.co.ao\/en\/wp-json\/wp\/v2\/media\/8625"}],"wp:attachment":[{"href":"https:\/\/www.ecofirma.co.ao\/en\/wp-json\/wp\/v2\/media?parent=7800"}],"curies":[{"name":"wp","href":"https:\/\/api.w.org\/{rel}","templated":true}]}}