{"id":7789,"date":"2023-06-17T17:11:53","date_gmt":"2023-06-17T16:11:53","guid":{"rendered":"https:\/\/www.ecofirma.co.ao\/?page_id=7789"},"modified":"2024-03-13T20:10:34","modified_gmt":"2024-03-13T19:10:34","slug":"desinfeccoes-reservatorios-condutas-agua","status":"publish","type":"page","link":"https:\/\/www.ecofirma.co.ao\/en\/servicos\/desinfeccoes-reservatorios-condutas-agua\/","title":{"rendered":"Disinfection of Reservoirs and Water Pipelines"},"content":{"rendered":"<div data-elementor-type=\"wp-page\" data-elementor-id=\"7789\" class=\"elementor elementor-7789\" data-elementor-post-type=\"page\">\n\t\t\t\t<div class=\"elementor-element elementor-element-a4f5442 e-con-full e-flex e-con e-parent\" data-id=\"a4f5442\" data-element_type=\"container\" data-e-type=\"container\" data-settings=\"{&quot;background_background&quot;:&quot;classic&quot;}\">\n\t\t<div class=\"elementor-element elementor-element-bfae7e1 e-flex e-con-boxed e-con e-child\" data-id=\"bfae7e1\" data-element_type=\"container\" data-e-type=\"container\">\n\t\t\t\t\t<div class=\"e-con-inner\">\n\t\t\t\t<div class=\"elementor-element elementor-element-39e1ad8 elementor-widget elementor-widget-image\" data-id=\"39e1ad8\" data-element_type=\"widget\" data-e-type=\"widget\" id=\"#icon\" data-settings=\"{&quot;motion_fx_motion_fx_mouse&quot;:&quot;yes&quot;,&quot;motion_fx_mouseTrack_effect&quot;:&quot;yes&quot;,&quot;motion_fx_mouseTrack_speed&quot;:{&quot;unit&quot;:&quot;px&quot;,&quot;size&quot;:0.1000000000000000055511151231257827021181583404541015625,&quot;sizes&quot;:[]},&quot;motion_fx_tilt_effect&quot;:&quot;yes&quot;,&quot;motion_fx_tilt_speed&quot;:{&quot;unit&quot;:&quot;px&quot;,&quot;size&quot;:2,&quot;sizes&quot;:[]}}\" data-widget_type=\"image.default\">\n\t\t\t\t<div class=\"elementor-widget-container\">\n\t\t\t\t\t\t\t\t\t\t\t\t\t\t\t<img decoding=\"async\" width=\"168\" height=\"168\" src=\"https:\/\/www.ecofirma.co.ao\/wp-content\/uploads\/2018\/03\/desinfeccoes00.png\" class=\"attachment-large size-large wp-image-1466\" alt=\"\" srcset=\"https:\/\/www.ecofirma.co.ao\/wp-content\/uploads\/2018\/03\/desinfeccoes00.png 168w, https:\/\/www.ecofirma.co.ao\/wp-content\/uploads\/2018\/03\/desinfeccoes00-150x150.png 150w\" sizes=\"(max-width: 168px) 100vw, 168px\" \/>\t\t\t\t\t\t\t\t\t\t\t\t\t\t\t<\/div>\n\t\t\t\t<\/div>\n\t\t\t\t<div class=\"elementor-element elementor-element-172bbcb elementor-widget elementor-widget-text-editor\" data-id=\"172bbcb\" data-element_type=\"widget\" data-e-type=\"widget\" data-widget_type=\"text-editor.default\">\n\t\t\t\t<div class=\"elementor-widget-container\">\n\t\t\t\t\t\t\t\t\t<p class=\"p1\">Disinfection of reservoirs and water pipes<\/p>\t\t\t\t\t\t\t\t<\/div>\n\t\t\t\t<\/div>\n\t\t\t\t\t<\/div>\n\t\t\t\t<\/div>\n\t\t\t\t<\/div>\n\t\t<div class=\"elementor-element elementor-element-45d8ec1 e-flex e-con-boxed e-con e-parent\" data-id=\"45d8ec1\" data-element_type=\"container\" data-e-type=\"container\" data-settings=\"{&quot;background_background&quot;:&quot;classic&quot;}\">\n\t\t\t\t\t<div class=\"e-con-inner\">\n\t\t\t\t<div class=\"elementor-element elementor-element-c813ea0 elementor-widget elementor-widget-text-editor\" data-id=\"c813ea0\" data-element_type=\"widget\" data-e-type=\"widget\" data-widget_type=\"text-editor.default\">\n\t\t\t\t<div class=\"elementor-widget-container\">\n\t\t\t\t\t\t\t\t\t<p><span style=\"font-weight: 400;\">At <\/span><b>ECOFIRMA<\/b><span style=\"font-weight: 400;\">, we offer specialized cleaning and disinfection services for water tanks and pipes to guarantee the quality of drinking water in tanks, pipes and mobile cisterns.<\/span><\/p><p><span style=\"font-weight: 400;\">We carry out bacteriological cleaning and disinfection work in structures, ensuring the elimination of contaminants and guaranteeing the safety of the water consumed.<\/span><\/p>\t\t\t\t\t\t\t\t<\/div>\n\t\t\t\t<\/div>\n\t\t\t\t\t<\/div>\n\t\t\t\t<\/div>\n\t\t<div class=\"elementor-element elementor-element-1318d68 e-flex e-con-boxed e-con e-parent\" data-id=\"1318d68\" data-element_type=\"container\" data-e-type=\"container\">\n\t\t\t\t\t<div class=\"e-con-inner\">\n\t\t<div class=\"elementor-element elementor-element-6d1681d e-con-full e-flex elementor-invisible e-con e-child\" data-id=\"6d1681d\" data-element_type=\"container\" data-e-type=\"container\" data-settings=\"{&quot;background_background&quot;:&quot;classic&quot;,&quot;animation&quot;:&quot;fadeInLeft&quot;}\">\n\t\t\t\t<\/div>\n\t\t<div class=\"elementor-element elementor-element-e5e4ad3 e-con-full animated-slow e-flex elementor-invisible e-con e-child\" data-id=\"e5e4ad3\" data-element_type=\"container\" data-e-type=\"container\" data-settings=\"{&quot;animation&quot;:&quot;fadeIn&quot;}\">\n\t\t\t\t<div class=\"elementor-element elementor-element-750c486 elementor-widget elementor-widget-heading\" data-id=\"750c486\" data-element_type=\"widget\" data-e-type=\"widget\" data-widget_type=\"heading.default\">\n\t\t\t\t<div class=\"elementor-widget-container\">\n\t\t\t\t\t<h2 class=\"elementor-heading-title elementor-size-default\">Disinfection of water tanks in use<\/h2>\t\t\t\t<\/div>\n\t\t\t\t<\/div>\n\t\t\t\t<div class=\"elementor-element elementor-element-1267223 elementor-widget elementor-widget-text-editor\" data-id=\"1267223\" data-element_type=\"widget\" data-e-type=\"widget\" data-widget_type=\"text-editor.default\">\n\t\t\t\t<div class=\"elementor-widget-container\">\n\t\t\t\t\t\t\t\t\t<p><span style=\"font-weight: 400;\">We carry out non-aggressive chemical cleaning and disinfection of drinking water tanks that are in operation and require periodic maintenance. <\/span><\/p><p><span style=\"font-weight: 400;\">Our objective is to eliminate bacteria and other microorganisms that could compromise water quality.<\/span><\/p>\t\t\t\t\t\t\t\t<\/div>\n\t\t\t\t<\/div>\n\t\t\t\t<\/div>\n\t\t\t\t\t<\/div>\n\t\t\t\t<\/div>\n\t\t<div class=\"elementor-element elementor-element-0488c0e e-flex e-con-boxed e-con e-parent\" data-id=\"0488c0e\" data-element_type=\"container\" data-e-type=\"container\" data-settings=\"{&quot;background_background&quot;:&quot;classic&quot;}\">\n\t\t\t\t\t<div class=\"e-con-inner\">\n\t\t<div class=\"elementor-element elementor-element-273ed8b e-con-full animated-slow e-flex elementor-invisible e-con e-child\" data-id=\"273ed8b\" data-element_type=\"container\" data-e-type=\"container\" data-settings=\"{&quot;animation&quot;:&quot;fadeIn&quot;}\">\n\t\t\t\t<div class=\"elementor-element elementor-element-0d60b20 elementor-widget elementor-widget-heading\" data-id=\"0d60b20\" data-element_type=\"widget\" data-e-type=\"widget\" data-widget_type=\"heading.default\">\n\t\t\t\t<div class=\"elementor-widget-container\">\n\t\t\t\t\t<h2 class=\"elementor-heading-title elementor-size-default\">Disinfection of new water tanks<\/h2>\t\t\t\t<\/div>\n\t\t\t\t<\/div>\n\t\t\t\t<div class=\"elementor-element elementor-element-6cc16cf elementor-widget elementor-widget-text-editor\" data-id=\"6cc16cf\" data-element_type=\"widget\" data-e-type=\"widget\" data-widget_type=\"text-editor.default\">\n\t\t\t\t<div class=\"elementor-widget-container\">\n\t\t\t\t\t\t\t\t\t<p><span style=\"font-weight: 400;\">We carry out non-aggressive chemical cleaning and disinfection of drinking water tanks before first use. <\/span><\/p><p><span style=\"font-weight: 400;\">This step is essential to ensure that the stored water is free from any contamination.<\/span><\/p>\t\t\t\t\t\t\t\t<\/div>\n\t\t\t\t<\/div>\n\t\t\t\t<\/div>\n\t\t<div class=\"elementor-element elementor-element-79db2c2 e-con-full e-flex elementor-invisible e-con e-child\" data-id=\"79db2c2\" data-element_type=\"container\" data-e-type=\"container\" data-settings=\"{&quot;background_background&quot;:&quot;classic&quot;,&quot;animation&quot;:&quot;fadeInRight&quot;}\">\n\t\t\t\t<\/div>\n\t\t\t\t\t<\/div>\n\t\t\t\t<\/div>\n\t\t<div class=\"elementor-element elementor-element-ede7e4a e-flex e-con-boxed e-con e-parent\" data-id=\"ede7e4a\" data-element_type=\"container\" data-e-type=\"container\">\n\t\t\t\t\t<div class=\"e-con-inner\">\n\t\t<div class=\"elementor-element elementor-element-93dd2f4 e-con-full e-flex elementor-invisible e-con e-child\" data-id=\"93dd2f4\" data-element_type=\"container\" data-e-type=\"container\" data-settings=\"{&quot;background_background&quot;:&quot;classic&quot;,&quot;animation&quot;:&quot;fadeInLeft&quot;}\">\n\t\t\t\t<\/div>\n\t\t<div class=\"elementor-element elementor-element-14b89cd e-con-full animated-slow e-flex elementor-invisible e-con e-child\" data-id=\"14b89cd\" data-element_type=\"container\" data-e-type=\"container\" data-settings=\"{&quot;animation&quot;:&quot;fadeIn&quot;}\">\n\t\t\t\t<div class=\"elementor-element elementor-element-f6af68b elementor-widget elementor-widget-heading\" data-id=\"f6af68b\" data-element_type=\"widget\" data-e-type=\"widget\" data-widget_type=\"heading.default\">\n\t\t\t\t<div class=\"elementor-widget-container\">\n\t\t\t\t\t<h2 class=\"elementor-heading-title elementor-size-default\">Disinfection of ducts<\/h2>\t\t\t\t<\/div>\n\t\t\t\t<\/div>\n\t\t\t\t<div class=\"elementor-element elementor-element-3a00212 elementor-widget elementor-widget-text-editor\" data-id=\"3a00212\" data-element_type=\"widget\" data-e-type=\"widget\" data-widget_type=\"text-editor.default\">\n\t\t\t\t<div class=\"elementor-widget-container\">\n\t\t\t\t\t\t\t\t\t<p><span style=\"font-weight: 400;\">We carry out non-aggressive chemical cleaning and disinfection of pipelines and distribution networks. <\/span><\/p><p><span style=\"font-weight: 400;\">This practice is essential to guarantee the quality of the water that runs through these structures, preventing the proliferation of bacteria and other harmful agents.<\/span><\/p>\t\t\t\t\t\t\t\t<\/div>\n\t\t\t\t<\/div>\n\t\t\t\t<\/div>\n\t\t\t\t\t<\/div>\n\t\t\t\t<\/div>\n\t\t<div class=\"elementor-element elementor-element-15dd44f e-flex e-con-boxed e-con e-parent\" data-id=\"15dd44f\" data-element_type=\"container\" data-e-type=\"container\" data-settings=\"{&quot;background_background&quot;:&quot;classic&quot;}\">\n\t\t\t\t\t<div class=\"e-con-inner\">\n\t\t<div class=\"elementor-element elementor-element-eec5628 e-con-full animated-slow e-flex elementor-invisible e-con e-child\" data-id=\"eec5628\" data-element_type=\"container\" data-e-type=\"container\" data-settings=\"{&quot;animation&quot;:&quot;fadeIn&quot;}\">\n\t\t\t\t<div class=\"elementor-element elementor-element-3cc7a38 elementor-widget elementor-widget-heading\" data-id=\"3cc7a38\" data-element_type=\"widget\" data-e-type=\"widget\" data-widget_type=\"heading.default\">\n\t\t\t\t<div class=\"elementor-widget-container\">\n\t\t\t\t\t<h2 class=\"elementor-heading-title elementor-size-default\">Disinfection of mobile cisterns<\/h2>\t\t\t\t<\/div>\n\t\t\t\t<\/div>\n\t\t\t\t<div class=\"elementor-element elementor-element-8eda90b elementor-widget elementor-widget-text-editor\" data-id=\"8eda90b\" data-element_type=\"widget\" data-e-type=\"widget\" data-widget_type=\"text-editor.default\">\n\t\t\t\t<div class=\"elementor-widget-container\">\n\t\t\t\t\t\t\t\t\t<p><span style=\"font-weight: 400;\">We disinfect mobile cisterns, ensuring that the stored water is free from contamination. <\/span><\/p><p><span style=\"font-weight: 400;\">Our services ensure compliance with quality and hygiene standards.<\/span><\/p>\t\t\t\t\t\t\t\t<\/div>\n\t\t\t\t<\/div>\n\t\t\t\t<\/div>\n\t\t<div class=\"elementor-element elementor-element-ab653e3 e-con-full e-flex elementor-invisible e-con e-child\" data-id=\"ab653e3\" data-element_type=\"container\" data-e-type=\"container\" data-settings=\"{&quot;background_background&quot;:&quot;classic&quot;,&quot;animation&quot;:&quot;fadeInRight&quot;}\">\n\t\t\t\t<\/div>\n\t\t\t\t\t<\/div>\n\t\t\t\t<\/div>\n\t\t<div class=\"elementor-element elementor-element-60b5c91 e-flex e-con-boxed e-con e-parent\" data-id=\"60b5c91\" data-element_type=\"container\" data-e-type=\"container\" data-settings=\"{&quot;background_background&quot;:&quot;classic&quot;}\">\n\t\t\t\t\t<div class=\"e-con-inner\">\n\t\t\t\t<div class=\"elementor-element elementor-element-bda7e1e elementor-widget elementor-widget-text-editor\" data-id=\"bda7e1e\" data-element_type=\"widget\" data-e-type=\"widget\" data-widget_type=\"text-editor.default\">\n\t\t\t\t<div class=\"elementor-widget-container\">\n\t\t\t\t\t\t\t\t\t<p><span style=\"font-weight: 400;\">We have specialized teams and use appropriate chemicals for each situation, always prioritizing the efficiency and safety of our customers.<\/span><\/p><p><span style=\"font-weight: 400;\">If you need cleaning and disinfection services for tanks, pipes or mobile cisterns, get in touch with us. We are ready to offer personalized solutions that meet your needs and guarantee the quality of drinking water.<\/span><\/p>\t\t\t\t\t\t\t\t<\/div>\n\t\t\t\t<\/div>\n\t\t\t\t\t<\/div>\n\t\t\t\t<\/div>\n\t\t\t\t<\/div>","protected":false},"excerpt":{"rendered":"<p>At ECOFIRMA, we offer specialized cleaning and disinfection services to guarantee the quality of drinking water in tanks, pipelines and mobile cisterns.<\/p>","protected":false},"author":5,"featured_media":8637,"parent":1255,"menu_order":0,"comment_status":"closed","ping_status":"closed","template":"elementor_header_footer","meta":{"footnotes":""},"class_list":["post-7789","page","type-page","status-publish","has-post-thumbnail","hentry"],"yoast_head":"<!-- This site is optimized with the Yoast SEO plugin v27.3 - https:\/\/yoast.com\/product\/yoast-seo-wordpress\/ -->\n<title>Desinfec\u00e7\u00f5es de Reservat\u00f3rios e Condutas de \u00c1gua<\/title>\n<meta name=\"description\" content=\"Servi\u00e7os especializados de limpeza e desinfec\u00e7\u00e3o de reservat\u00f3rios e condutas de \u00e1gua para garantir a qualidade da \u00e1gua pot\u00e1vel.\" \/>\n<meta name=\"robots\" content=\"index, follow, max-snippet:-1, max-image-preview:large, max-video-preview:-1\" \/>\n<link rel=\"canonical\" href=\"https:\/\/www.ecofirma.co.ao\/en\/servicos\/desinfeccoes-reservatorios-condutas-agua\/\" \/>\n<meta property=\"og:locale\" content=\"en_GB\" \/>\n<meta property=\"og:type\" content=\"article\" \/>\n<meta property=\"og:title\" content=\"Desinfec\u00e7\u00f5es de Reservat\u00f3rios e Condutas de \u00c1gua\" \/>\n<meta property=\"og:description\" content=\"Servi\u00e7os especializados de limpeza e desinfec\u00e7\u00e3o de reservat\u00f3rios e condutas de \u00e1gua para garantir a qualidade da \u00e1gua pot\u00e1vel.\" \/>\n<meta property=\"og:url\" content=\"https:\/\/www.ecofirma.co.ao\/en\/servicos\/desinfeccoes-reservatorios-condutas-agua\/\" \/>\n<meta property=\"og:site_name\" content=\"ECOFIRMA\" \/>\n<meta property=\"article:publisher\" content=\"https:\/\/www.facebook.com\/EcoEcofirma\" \/>\n<meta property=\"article:modified_time\" content=\"2024-03-13T19:10:34+00:00\" \/>\n<meta property=\"og:image\" content=\"http:\/\/www.ecofirma.co.ao\/wp-content\/uploads\/2023\/08\/psd1-3.jpg?_t=1710357034\" \/>\n\t<meta property=\"og:image:width\" content=\"961\" \/>\n\t<meta property=\"og:image:height\" content=\"545\" \/>\n\t<meta property=\"og:image:type\" content=\"image\/jpeg\" \/>\n<meta name=\"twitter:card\" content=\"summary_large_image\" \/>\n<meta name=\"twitter:label1\" content=\"Estimated reading time\" \/>\n\t<meta name=\"twitter:data1\" content=\"2 minutes\" \/>\n<script type=\"application\/ld+json\" class=\"yoast-schema-graph\">{\"@context\":\"https:\\\/\\\/schema.org\",\"@graph\":[{\"@type\":\"WebPage\",\"@id\":\"https:\\\/\\\/www.ecofirma.co.ao\\\/servicos\\\/desinfeccoes-reservatorios-condutas-agua\\\/\",\"url\":\"https:\\\/\\\/www.ecofirma.co.ao\\\/servicos\\\/desinfeccoes-reservatorios-condutas-agua\\\/\",\"name\":\"Desinfec\u00e7\u00f5es de Reservat\u00f3rios e Condutas de \u00c1gua\",\"isPartOf\":{\"@id\":\"https:\\\/\\\/www.ecofirma.co.ao\\\/#website\"},\"primaryImageOfPage\":{\"@id\":\"https:\\\/\\\/www.ecofirma.co.ao\\\/servicos\\\/desinfeccoes-reservatorios-condutas-agua\\\/#primaryimage\"},\"image\":{\"@id\":\"https:\\\/\\\/www.ecofirma.co.ao\\\/servicos\\\/desinfeccoes-reservatorios-condutas-agua\\\/#primaryimage\"},\"thumbnailUrl\":\"https:\\\/\\\/www.ecofirma.co.ao\\\/wp-content\\\/uploads\\\/2023\\\/08\\\/psd1-3.jpg\",\"datePublished\":\"2023-06-17T16:11:53+00:00\",\"dateModified\":\"2024-03-13T19:10:34+00:00\",\"description\":\"Servi\u00e7os especializados de limpeza e desinfec\u00e7\u00e3o de reservat\u00f3rios e condutas de \u00e1gua para garantir a qualidade da \u00e1gua pot\u00e1vel.\",\"breadcrumb\":{\"@id\":\"https:\\\/\\\/www.ecofirma.co.ao\\\/servicos\\\/desinfeccoes-reservatorios-condutas-agua\\\/#breadcrumb\"},\"inLanguage\":\"en-GB\",\"potentialAction\":[{\"@type\":\"ReadAction\",\"target\":[\"https:\\\/\\\/www.ecofirma.co.ao\\\/servicos\\\/desinfeccoes-reservatorios-condutas-agua\\\/\"]}]},{\"@type\":\"ImageObject\",\"inLanguage\":\"en-GB\",\"@id\":\"https:\\\/\\\/www.ecofirma.co.ao\\\/servicos\\\/desinfeccoes-reservatorios-condutas-agua\\\/#primaryimage\",\"url\":\"https:\\\/\\\/www.ecofirma.co.ao\\\/wp-content\\\/uploads\\\/2023\\\/08\\\/psd1-3.jpg\",\"contentUrl\":\"https:\\\/\\\/www.ecofirma.co.ao\\\/wp-content\\\/uploads\\\/2023\\\/08\\\/psd1-3.jpg\",\"width\":961,\"height\":545},{\"@type\":\"BreadcrumbList\",\"@id\":\"https:\\\/\\\/www.ecofirma.co.ao\\\/servicos\\\/desinfeccoes-reservatorios-condutas-agua\\\/#breadcrumb\",\"itemListElement\":[{\"@type\":\"ListItem\",\"position\":1,\"name\":\"In\u00edcio\",\"item\":\"https:\\\/\\\/www.ecofirma.co.ao\\\/pt\\\/\"},{\"@type\":\"ListItem\",\"position\":2,\"name\":\"Os nossos servi\u00e7os\",\"item\":\"https:\\\/\\\/www.ecofirma.co.ao\\\/servicos\\\/\"},{\"@type\":\"ListItem\",\"position\":3,\"name\":\"Desinfec\u00e7\u00f5es de Reservat\u00f3rios e Condutas de \u00c1gua\"}]},{\"@type\":\"WebSite\",\"@id\":\"https:\\\/\\\/www.ecofirma.co.ao\\\/#website\",\"url\":\"https:\\\/\\\/www.ecofirma.co.ao\\\/\",\"name\":\"ECOFIRMA\",\"description\":\"Para Angola trazemos os mais evolu\u00eddos produtos, t\u00e9cnicas e equipamentos que garantem a optimiza\u00e7\u00e3o da efici\u00eancia da \u00e1gua em todas as estruturas de reten\u00e7\u00e3o.\",\"publisher\":{\"@id\":\"https:\\\/\\\/www.ecofirma.co.ao\\\/#organization\"},\"potentialAction\":[{\"@type\":\"SearchAction\",\"target\":{\"@type\":\"EntryPoint\",\"urlTemplate\":\"https:\\\/\\\/www.ecofirma.co.ao\\\/?s={search_term_string}\"},\"query-input\":{\"@type\":\"PropertyValueSpecification\",\"valueRequired\":true,\"valueName\":\"search_term_string\"}}],\"inLanguage\":\"en-GB\"},{\"@type\":\"Organization\",\"@id\":\"https:\\\/\\\/www.ecofirma.co.ao\\\/#organization\",\"name\":\"ECOFIRMA\",\"url\":\"https:\\\/\\\/www.ecofirma.co.ao\\\/\",\"logo\":{\"@type\":\"ImageObject\",\"inLanguage\":\"en-GB\",\"@id\":\"https:\\\/\\\/www.ecofirma.co.ao\\\/#\\\/schema\\\/logo\\\/image\\\/\",\"url\":\"https:\\\/\\\/www.ecofirma.co.ao\\\/wp-content\\\/uploads\\\/2021\\\/11\\\/ECOFIRMA-Angola-logo-1-scaled.png\",\"contentUrl\":\"https:\\\/\\\/www.ecofirma.co.ao\\\/wp-content\\\/uploads\\\/2021\\\/11\\\/ECOFIRMA-Angola-logo-1-scaled.png\",\"width\":2560,\"height\":1079,\"caption\":\"ECOFIRMA\"},\"image\":{\"@id\":\"https:\\\/\\\/www.ecofirma.co.ao\\\/#\\\/schema\\\/logo\\\/image\\\/\"},\"sameAs\":[\"https:\\\/\\\/www.facebook.com\\\/EcoEcofirma\",\"https:\\\/\\\/www.linkedin.com\\\/company\\\/grupoecofirma\"]}]}<\/script>\n<!-- \/ Yoast SEO plugin. -->","yoast_head_json":{"title":"Disinfection of Reservoirs and Water Pipelines","description":"Specialized cleaning and disinfection services for water reservoirs and pipes to ensure the quality of drinking water.","robots":{"index":"index","follow":"follow","max-snippet":"max-snippet:-1","max-image-preview":"max-image-preview:large","max-video-preview":"max-video-preview:-1"},"canonical":"https:\/\/www.ecofirma.co.ao\/en\/servicos\/desinfeccoes-reservatorios-condutas-agua\/","og_locale":"en_GB","og_type":"article","og_title":"Desinfec\u00e7\u00f5es de Reservat\u00f3rios e Condutas de \u00c1gua","og_description":"Servi\u00e7os especializados de limpeza e desinfec\u00e7\u00e3o de reservat\u00f3rios e condutas de \u00e1gua para garantir a qualidade da \u00e1gua pot\u00e1vel.","og_url":"https:\/\/www.ecofirma.co.ao\/en\/servicos\/desinfeccoes-reservatorios-condutas-agua\/","og_site_name":"ECOFIRMA","article_publisher":"https:\/\/www.facebook.com\/EcoEcofirma","article_modified_time":"2024-03-13T19:10:34+00:00","og_image":[{"width":961,"height":545,"url":"http:\/\/www.ecofirma.co.ao\/wp-content\/uploads\/2023\/08\/psd1-3.jpg?_t=1710357034","type":"image\/jpeg"}],"twitter_card":"summary_large_image","twitter_misc":{"Estimated reading time":"2 minutes"},"schema":{"@context":"https:\/\/schema.org","@graph":[{"@type":"WebPage","@id":"https:\/\/www.ecofirma.co.ao\/servicos\/desinfeccoes-reservatorios-condutas-agua\/","url":"https:\/\/www.ecofirma.co.ao\/servicos\/desinfeccoes-reservatorios-condutas-agua\/","name":"Disinfection of Reservoirs and Water Pipelines","isPartOf":{"@id":"https:\/\/www.ecofirma.co.ao\/#website"},"primaryImageOfPage":{"@id":"https:\/\/www.ecofirma.co.ao\/servicos\/desinfeccoes-reservatorios-condutas-agua\/#primaryimage"},"image":{"@id":"https:\/\/www.ecofirma.co.ao\/servicos\/desinfeccoes-reservatorios-condutas-agua\/#primaryimage"},"thumbnailUrl":"https:\/\/www.ecofirma.co.ao\/wp-content\/uploads\/2023\/08\/psd1-3.jpg","datePublished":"2023-06-17T16:11:53+00:00","dateModified":"2024-03-13T19:10:34+00:00","description":"Specialized cleaning and disinfection services for water reservoirs and pipes to ensure the quality of drinking water.","breadcrumb":{"@id":"https:\/\/www.ecofirma.co.ao\/servicos\/desinfeccoes-reservatorios-condutas-agua\/#breadcrumb"},"inLanguage":"en-GB","potentialAction":[{"@type":"ReadAction","target":["https:\/\/www.ecofirma.co.ao\/servicos\/desinfeccoes-reservatorios-condutas-agua\/"]}]},{"@type":"ImageObject","inLanguage":"en-GB","@id":"https:\/\/www.ecofirma.co.ao\/servicos\/desinfeccoes-reservatorios-condutas-agua\/#primaryimage","url":"https:\/\/www.ecofirma.co.ao\/wp-content\/uploads\/2023\/08\/psd1-3.jpg","contentUrl":"https:\/\/www.ecofirma.co.ao\/wp-content\/uploads\/2023\/08\/psd1-3.jpg","width":961,"height":545},{"@type":"BreadcrumbList","@id":"https:\/\/www.ecofirma.co.ao\/servicos\/desinfeccoes-reservatorios-condutas-agua\/#breadcrumb","itemListElement":[{"@type":"ListItem","position":1,"name":"In\u00edcio","item":"https:\/\/www.ecofirma.co.ao\/pt\/"},{"@type":"ListItem","position":2,"name":"Os nossos servi\u00e7os","item":"https:\/\/www.ecofirma.co.ao\/servicos\/"},{"@type":"ListItem","position":3,"name":"Desinfec\u00e7\u00f5es de Reservat\u00f3rios e Condutas de \u00c1gua"}]},{"@type":"WebSite","@id":"https:\/\/www.ecofirma.co.ao\/#website","url":"https:\/\/www.ecofirma.co.ao\/","name":"ECOFIRMA","description":"To Angola we bring the most advanced products, techniques and equipment that guarantee the optimization of water efficiency in all retention structures.","publisher":{"@id":"https:\/\/www.ecofirma.co.ao\/#organization"},"potentialAction":[{"@type":"SearchAction","target":{"@type":"EntryPoint","urlTemplate":"https:\/\/www.ecofirma.co.ao\/?s={search_term_string}"},"query-input":{"@type":"PropertyValueSpecification","valueRequired":true,"valueName":"search_term_string"}}],"inLanguage":"en-GB"},{"@type":"Organization","@id":"https:\/\/www.ecofirma.co.ao\/#organization","name":"ECOFIRMA","url":"https:\/\/www.ecofirma.co.ao\/","logo":{"@type":"ImageObject","inLanguage":"en-GB","@id":"https:\/\/www.ecofirma.co.ao\/#\/schema\/logo\/image\/","url":"https:\/\/www.ecofirma.co.ao\/wp-content\/uploads\/2021\/11\/ECOFIRMA-Angola-logo-1-scaled.png","contentUrl":"https:\/\/www.ecofirma.co.ao\/wp-content\/uploads\/2021\/11\/ECOFIRMA-Angola-logo-1-scaled.png","width":2560,"height":1079,"caption":"ECOFIRMA"},"image":{"@id":"https:\/\/www.ecofirma.co.ao\/#\/schema\/logo\/image\/"},"sameAs":["https:\/\/www.facebook.com\/EcoEcofirma","https:\/\/www.linkedin.com\/company\/grupoecofirma"]}]}},"_links":{"self":[{"href":"https:\/\/www.ecofirma.co.ao\/en\/wp-json\/wp\/v2\/pages\/7789","targetHints":{"allow":["GET"]}}],"collection":[{"href":"https:\/\/www.ecofirma.co.ao\/en\/wp-json\/wp\/v2\/pages"}],"about":[{"href":"https:\/\/www.ecofirma.co.ao\/en\/wp-json\/wp\/v2\/types\/page"}],"author":[{"embeddable":true,"href":"https:\/\/www.ecofirma.co.ao\/en\/wp-json\/wp\/v2\/users\/5"}],"replies":[{"embeddable":true,"href":"https:\/\/www.ecofirma.co.ao\/en\/wp-json\/wp\/v2\/comments?post=7789"}],"version-history":[{"count":27,"href":"https:\/\/www.ecofirma.co.ao\/en\/wp-json\/wp\/v2\/pages\/7789\/revisions"}],"predecessor-version":[{"id":9497,"href":"https:\/\/www.ecofirma.co.ao\/en\/wp-json\/wp\/v2\/pages\/7789\/revisions\/9497"}],"up":[{"embeddable":true,"href":"https:\/\/www.ecofirma.co.ao\/en\/wp-json\/wp\/v2\/pages\/1255"}],"wp:featuredmedia":[{"embeddable":true,"href":"https:\/\/www.ecofirma.co.ao\/en\/wp-json\/wp\/v2\/media\/8637"}],"wp:attachment":[{"href":"https:\/\/www.ecofirma.co.ao\/en\/wp-json\/wp\/v2\/media?parent=7789"}],"curies":[{"name":"wp","href":"https:\/\/api.w.org\/{rel}","templated":true}]}}