{"id":752,"date":"2017-03-09T13:28:35","date_gmt":"2017-03-09T12:28:35","guid":{"rendered":"https:\/\/www.ecofirma.co.ao\/?page_id=752"},"modified":"2023-09-21T09:08:55","modified_gmt":"2023-09-21T08:08:55","slug":"publicacoes","status":"publish","type":"page","link":"https:\/\/www.ecofirma.co.ao\/en\/publicacoes\/","title":{"rendered":"Publications"},"content":{"rendered":"<div data-elementor-type=\"wp-page\" data-elementor-id=\"752\" class=\"elementor elementor-752\" data-elementor-post-type=\"page\">\n\t\t\t\t<div class=\"elementor-element elementor-element-38d4a9f e-con-full e-flex e-con e-parent\" data-id=\"38d4a9f\" data-element_type=\"container\" data-e-type=\"container\" data-settings=\"{&quot;background_background&quot;:&quot;classic&quot;}\">\n\t\t<div class=\"elementor-element elementor-element-ffd19c5 e-flex e-con-boxed e-con e-child\" data-id=\"ffd19c5\" data-element_type=\"container\" data-e-type=\"container\">\n\t\t\t\t\t<div class=\"e-con-inner\">\n\t\t\t\t<div class=\"elementor-element elementor-element-6b366d5 elementor-widget elementor-widget-text-editor\" data-id=\"6b366d5\" data-element_type=\"widget\" data-e-type=\"widget\" data-widget_type=\"text-editor.default\">\n\t\t\t\t<div class=\"elementor-widget-container\">\n\t\t\t\t\t\t\t\t\t<p>Publications<\/p>\t\t\t\t\t\t\t\t<\/div>\n\t\t\t\t<\/div>\n\t\t\t\t\t<\/div>\n\t\t\t\t<\/div>\n\t\t\t\t<\/div>\n\t\t<div class=\"elementor-element elementor-element-5e44377 e-flex e-con-boxed e-con e-parent\" data-id=\"5e44377\" data-element_type=\"container\" data-e-type=\"container\">\n\t\t\t\t\t<div class=\"e-con-inner\">\n\t\t<div class=\"elementor-element elementor-element-05dac5b e-con-full e-flex e-con e-child\" data-id=\"05dac5b\" data-element_type=\"container\" data-e-type=\"container\" data-settings=\"{&quot;background_background&quot;:&quot;slideshow&quot;,&quot;background_slideshow_transition_duration&quot;:1000,&quot;background_slideshow_gallery&quot;:[],&quot;background_slideshow_loop&quot;:&quot;yes&quot;,&quot;background_slideshow_slide_duration&quot;:5000,&quot;background_slideshow_slide_transition&quot;:&quot;fade&quot;}\">\n\t\t\t\t<div class=\"elementor-element elementor-element-cc62392 elementor--v-position-bottom elementor--h-position-left elementor-arrows-position-inside elementor-pagination-position-inside elementor-widget elementor-widget-slides\" data-id=\"cc62392\" data-element_type=\"widget\" data-e-type=\"widget\" data-settings=\"{&quot;transition_speed&quot;:300,&quot;navigation&quot;:&quot;both&quot;,&quot;infinite&quot;:&quot;yes&quot;,&quot;transition&quot;:&quot;slide&quot;}\" data-widget_type=\"slides.default\">\n\t\t\t\t<div class=\"elementor-widget-container\">\n\t\t\t\t\t\t\t\t\t<div class=\"elementor-swiper\">\n\t\t\t\t\t<div class=\"elementor-slides-wrapper elementor-main-swiper swiper\" role=\"region\" aria-roledescription=\"carousel\" aria-label=\"Slides\" dir=\"ltr\" data-animation=\"\">\n\t\t\t\t<div class=\"swiper-wrapper elementor-slides\">\n\t\t\t\t\t\t\t\t\t\t<div class=\"elementor-repeater-item-fb2491e swiper-slide\" role=\"group\" aria-roledescription=\"slide\"><div class=\"swiper-slide-bg\" role=\"img\" aria-label=\"\"><\/div><a class=\"swiper-slide-inner\" href=\"http:\/\/www.ecofirma.co.ao\/wp-content\/uploads\/2023\/09\/20180528-DNA-MINEA-2018-Apresentacao-da-Empresa-Ecofirma.pdf\" target=\"_blank\"><div class=\"swiper-slide-contents\"><\/div><\/a><\/div>\t\t\t\t<\/div>\n\t\t\t\t\t\t\t<\/div>\n\t\t\t\t<\/div>\n\t\t\t\t\t\t\t\t<\/div>\n\t\t\t\t<\/div>\n\t\t\t\t<\/div>\n\t\t<div class=\"elementor-element elementor-element-37034ff e-con-full e-flex e-con e-child\" data-id=\"37034ff\" data-element_type=\"container\" data-e-type=\"container\" data-settings=\"{&quot;background_background&quot;:&quot;slideshow&quot;,&quot;background_slideshow_transition_duration&quot;:1000,&quot;background_slideshow_gallery&quot;:[],&quot;background_slideshow_loop&quot;:&quot;yes&quot;,&quot;background_slideshow_slide_duration&quot;:5000,&quot;background_slideshow_slide_transition&quot;:&quot;fade&quot;}\">\n\t\t\t\t<div class=\"elementor-element elementor-element-90c227b elementor--v-position-bottom elementor--h-position-left elementor-arrows-position-inside elementor-pagination-position-inside elementor-widget elementor-widget-slides\" data-id=\"90c227b\" data-element_type=\"widget\" data-e-type=\"widget\" data-settings=\"{&quot;transition_speed&quot;:300,&quot;navigation&quot;:&quot;both&quot;,&quot;infinite&quot;:&quot;yes&quot;,&quot;transition&quot;:&quot;slide&quot;}\" data-widget_type=\"slides.default\">\n\t\t\t\t<div class=\"elementor-widget-container\">\n\t\t\t\t\t\t\t\t\t<div class=\"elementor-swiper\">\n\t\t\t\t\t<div class=\"elementor-slides-wrapper elementor-main-swiper swiper\" role=\"region\" aria-roledescription=\"carousel\" aria-label=\"Slides\" dir=\"ltr\" data-animation=\"\">\n\t\t\t\t<div class=\"swiper-wrapper elementor-slides\">\n\t\t\t\t\t\t\t\t\t\t<div class=\"elementor-repeater-item-fb2491e swiper-slide\" role=\"group\" aria-roledescription=\"slide\"><div class=\"swiper-slide-bg\" role=\"img\" aria-label=\"\"><\/div><a class=\"swiper-slide-inner\" href=\"http:\/\/www.ecofirma.co.ao\/wp-content\/uploads\/2023\/09\/Patologias_de_betao_-PortoQuintian_JesusManuel.pdf\" target=\"_blank\"><div class=\"swiper-slide-contents\"><\/div><\/a><\/div>\t\t\t\t<\/div>\n\t\t\t\t\t\t\t<\/div>\n\t\t\t\t<\/div>\n\t\t\t\t\t\t\t\t<\/div>\n\t\t\t\t<\/div>\n\t\t\t\t<\/div>\n\t\t<div class=\"elementor-element elementor-element-3fe61d2 e-con-full e-flex e-con e-child\" data-id=\"3fe61d2\" data-element_type=\"container\" data-e-type=\"container\" data-settings=\"{&quot;background_background&quot;:&quot;slideshow&quot;,&quot;background_slideshow_transition_duration&quot;:1000,&quot;background_slideshow_gallery&quot;:[],&quot;background_slideshow_loop&quot;:&quot;yes&quot;,&quot;background_slideshow_slide_duration&quot;:5000,&quot;background_slideshow_slide_transition&quot;:&quot;fade&quot;}\">\n\t\t\t\t<div class=\"elementor-element elementor-element-dc2b9af elementor--v-position-bottom elementor--h-position-left elementor-arrows-position-inside elementor-pagination-position-inside elementor-widget elementor-widget-slides\" data-id=\"dc2b9af\" data-element_type=\"widget\" data-e-type=\"widget\" data-settings=\"{&quot;transition_speed&quot;:300,&quot;navigation&quot;:&quot;both&quot;,&quot;infinite&quot;:&quot;yes&quot;,&quot;transition&quot;:&quot;slide&quot;}\" data-widget_type=\"slides.default\">\n\t\t\t\t<div class=\"elementor-widget-container\">\n\t\t\t\t\t\t\t\t\t<div class=\"elementor-swiper\">\n\t\t\t\t\t<div class=\"elementor-slides-wrapper elementor-main-swiper swiper\" role=\"region\" aria-roledescription=\"carousel\" aria-label=\"Slides\" dir=\"ltr\" data-animation=\"\">\n\t\t\t\t<div class=\"swiper-wrapper elementor-slides\">\n\t\t\t\t\t\t\t\t\t\t<div class=\"elementor-repeater-item-fb2491e swiper-slide\" role=\"group\" aria-roledescription=\"slide\"><div class=\"swiper-slide-bg\" role=\"img\" aria-label=\"\"><\/div><a class=\"swiper-slide-inner\" href=\"http:\/\/www.ecofirma.co.ao\/wp-content\/uploads\/2023\/09\/artigo_carlos_pinto_rs.pdf\" target=\"_blank\"><div class=\"swiper-slide-contents\"><\/div><\/a><\/div>\t\t\t\t<\/div>\n\t\t\t\t\t\t\t<\/div>\n\t\t\t\t<\/div>\n\t\t\t\t\t\t\t\t<\/div>\n\t\t\t\t<\/div>\n\t\t\t\t<\/div>\n\t\t\t\t\t<\/div>\n\t\t\t\t<\/div>\n\t\t\t\t<\/div>","protected":false},"excerpt":{"rendered":"<p>Publications<\/p>","protected":false},"author":1,"featured_media":0,"parent":0,"menu_order":0,"comment_status":"closed","ping_status":"closed","template":"","meta":{"footnotes":""},"class_list":["post-752","page","type-page","status-publish","hentry"],"yoast_head":"<!-- This site is optimized with the Yoast SEO plugin v27.3 - https:\/\/yoast.com\/product\/yoast-seo-wordpress\/ -->\n<title>Publica\u00e7\u00f5es - ECOFIRMA<\/title>\n<meta name=\"robots\" content=\"index, follow, max-snippet:-1, max-image-preview:large, max-video-preview:-1\" \/>\n<link rel=\"canonical\" href=\"https:\/\/www.ecofirma.co.ao\/en\/publicacoes\/\" \/>\n<meta property=\"og:locale\" content=\"en_GB\" \/>\n<meta property=\"og:type\" content=\"article\" \/>\n<meta property=\"og:title\" content=\"Publica\u00e7\u00f5es - ECOFIRMA\" \/>\n<meta property=\"og:description\" content=\"Publica\u00e7\u00f5es\" \/>\n<meta property=\"og:url\" content=\"https:\/\/www.ecofirma.co.ao\/en\/publicacoes\/\" \/>\n<meta property=\"og:site_name\" content=\"ECOFIRMA\" \/>\n<meta property=\"article:publisher\" content=\"https:\/\/www.facebook.com\/EcoEcofirma\" \/>\n<meta property=\"article:modified_time\" content=\"2023-09-21T08:08:55+00:00\" \/>\n<meta name=\"twitter:card\" content=\"summary_large_image\" \/>\n<meta name=\"twitter:label1\" content=\"Estimated reading time\" \/>\n\t<meta name=\"twitter:data1\" content=\"1 minute\" \/>\n<script type=\"application\/ld+json\" class=\"yoast-schema-graph\">{\"@context\":\"https:\\\/\\\/schema.org\",\"@graph\":[{\"@type\":\"WebPage\",\"@id\":\"https:\\\/\\\/www.ecofirma.co.ao\\\/publicacoes\\\/\",\"url\":\"https:\\\/\\\/www.ecofirma.co.ao\\\/publicacoes\\\/\",\"name\":\"Publica\u00e7\u00f5es - ECOFIRMA\",\"isPartOf\":{\"@id\":\"https:\\\/\\\/www.ecofirma.co.ao\\\/#website\"},\"datePublished\":\"2017-03-09T12:28:35+00:00\",\"dateModified\":\"2023-09-21T08:08:55+00:00\",\"breadcrumb\":{\"@id\":\"https:\\\/\\\/www.ecofirma.co.ao\\\/publicacoes\\\/#breadcrumb\"},\"inLanguage\":\"en-GB\",\"potentialAction\":[{\"@type\":\"ReadAction\",\"target\":[\"https:\\\/\\\/www.ecofirma.co.ao\\\/publicacoes\\\/\"]}]},{\"@type\":\"BreadcrumbList\",\"@id\":\"https:\\\/\\\/www.ecofirma.co.ao\\\/publicacoes\\\/#breadcrumb\",\"itemListElement\":[{\"@type\":\"ListItem\",\"position\":1,\"name\":\"In\u00edcio\",\"item\":\"https:\\\/\\\/www.ecofirma.co.ao\\\/pt\\\/\"},{\"@type\":\"ListItem\",\"position\":2,\"name\":\"Publica\u00e7\u00f5es\"}]},{\"@type\":\"WebSite\",\"@id\":\"https:\\\/\\\/www.ecofirma.co.ao\\\/#website\",\"url\":\"https:\\\/\\\/www.ecofirma.co.ao\\\/\",\"name\":\"ECOFIRMA\",\"description\":\"Para Angola trazemos os mais evolu\u00eddos produtos, t\u00e9cnicas e equipamentos que garantem a optimiza\u00e7\u00e3o da efici\u00eancia da \u00e1gua em todas as estruturas de reten\u00e7\u00e3o.\",\"publisher\":{\"@id\":\"https:\\\/\\\/www.ecofirma.co.ao\\\/#organization\"},\"potentialAction\":[{\"@type\":\"SearchAction\",\"target\":{\"@type\":\"EntryPoint\",\"urlTemplate\":\"https:\\\/\\\/www.ecofirma.co.ao\\\/?s={search_term_string}\"},\"query-input\":{\"@type\":\"PropertyValueSpecification\",\"valueRequired\":true,\"valueName\":\"search_term_string\"}}],\"inLanguage\":\"en-GB\"},{\"@type\":\"Organization\",\"@id\":\"https:\\\/\\\/www.ecofirma.co.ao\\\/#organization\",\"name\":\"ECOFIRMA\",\"url\":\"https:\\\/\\\/www.ecofirma.co.ao\\\/\",\"logo\":{\"@type\":\"ImageObject\",\"inLanguage\":\"en-GB\",\"@id\":\"https:\\\/\\\/www.ecofirma.co.ao\\\/#\\\/schema\\\/logo\\\/image\\\/\",\"url\":\"https:\\\/\\\/www.ecofirma.co.ao\\\/wp-content\\\/uploads\\\/2021\\\/11\\\/ECOFIRMA-Angola-logo-1-scaled.png\",\"contentUrl\":\"https:\\\/\\\/www.ecofirma.co.ao\\\/wp-content\\\/uploads\\\/2021\\\/11\\\/ECOFIRMA-Angola-logo-1-scaled.png\",\"width\":2560,\"height\":1079,\"caption\":\"ECOFIRMA\"},\"image\":{\"@id\":\"https:\\\/\\\/www.ecofirma.co.ao\\\/#\\\/schema\\\/logo\\\/image\\\/\"},\"sameAs\":[\"https:\\\/\\\/www.facebook.com\\\/EcoEcofirma\",\"https:\\\/\\\/www.linkedin.com\\\/company\\\/grupoecofirma\"]}]}<\/script>\n<!-- \/ Yoast SEO plugin. -->","yoast_head_json":{"title":"Publications - ECOFIRMA","robots":{"index":"index","follow":"follow","max-snippet":"max-snippet:-1","max-image-preview":"max-image-preview:large","max-video-preview":"max-video-preview:-1"},"canonical":"https:\/\/www.ecofirma.co.ao\/en\/publicacoes\/","og_locale":"en_GB","og_type":"article","og_title":"Publica\u00e7\u00f5es - ECOFIRMA","og_description":"Publica\u00e7\u00f5es","og_url":"https:\/\/www.ecofirma.co.ao\/en\/publicacoes\/","og_site_name":"ECOFIRMA","article_publisher":"https:\/\/www.facebook.com\/EcoEcofirma","article_modified_time":"2023-09-21T08:08:55+00:00","twitter_card":"summary_large_image","twitter_misc":{"Estimated reading time":"1 minute"},"schema":{"@context":"https:\/\/schema.org","@graph":[{"@type":"WebPage","@id":"https:\/\/www.ecofirma.co.ao\/publicacoes\/","url":"https:\/\/www.ecofirma.co.ao\/publicacoes\/","name":"Publications - ECOFIRMA","isPartOf":{"@id":"https:\/\/www.ecofirma.co.ao\/#website"},"datePublished":"2017-03-09T12:28:35+00:00","dateModified":"2023-09-21T08:08:55+00:00","breadcrumb":{"@id":"https:\/\/www.ecofirma.co.ao\/publicacoes\/#breadcrumb"},"inLanguage":"en-GB","potentialAction":[{"@type":"ReadAction","target":["https:\/\/www.ecofirma.co.ao\/publicacoes\/"]}]},{"@type":"BreadcrumbList","@id":"https:\/\/www.ecofirma.co.ao\/publicacoes\/#breadcrumb","itemListElement":[{"@type":"ListItem","position":1,"name":"In\u00edcio","item":"https:\/\/www.ecofirma.co.ao\/pt\/"},{"@type":"ListItem","position":2,"name":"Publica\u00e7\u00f5es"}]},{"@type":"WebSite","@id":"https:\/\/www.ecofirma.co.ao\/#website","url":"https:\/\/www.ecofirma.co.ao\/","name":"ECOFIRMA","description":"To Angola we bring the most advanced products, techniques and equipment that guarantee the optimization of water efficiency in all retention structures.","publisher":{"@id":"https:\/\/www.ecofirma.co.ao\/#organization"},"potentialAction":[{"@type":"SearchAction","target":{"@type":"EntryPoint","urlTemplate":"https:\/\/www.ecofirma.co.ao\/?s={search_term_string}"},"query-input":{"@type":"PropertyValueSpecification","valueRequired":true,"valueName":"search_term_string"}}],"inLanguage":"en-GB"},{"@type":"Organization","@id":"https:\/\/www.ecofirma.co.ao\/#organization","name":"ECOFIRMA","url":"https:\/\/www.ecofirma.co.ao\/","logo":{"@type":"ImageObject","inLanguage":"en-GB","@id":"https:\/\/www.ecofirma.co.ao\/#\/schema\/logo\/image\/","url":"https:\/\/www.ecofirma.co.ao\/wp-content\/uploads\/2021\/11\/ECOFIRMA-Angola-logo-1-scaled.png","contentUrl":"https:\/\/www.ecofirma.co.ao\/wp-content\/uploads\/2021\/11\/ECOFIRMA-Angola-logo-1-scaled.png","width":2560,"height":1079,"caption":"ECOFIRMA"},"image":{"@id":"https:\/\/www.ecofirma.co.ao\/#\/schema\/logo\/image\/"},"sameAs":["https:\/\/www.facebook.com\/EcoEcofirma","https:\/\/www.linkedin.com\/company\/grupoecofirma"]}]}},"_links":{"self":[{"href":"https:\/\/www.ecofirma.co.ao\/en\/wp-json\/wp\/v2\/pages\/752","targetHints":{"allow":["GET"]}}],"collection":[{"href":"https:\/\/www.ecofirma.co.ao\/en\/wp-json\/wp\/v2\/pages"}],"about":[{"href":"https:\/\/www.ecofirma.co.ao\/en\/wp-json\/wp\/v2\/types\/page"}],"author":[{"embeddable":true,"href":"https:\/\/www.ecofirma.co.ao\/en\/wp-json\/wp\/v2\/users\/1"}],"replies":[{"embeddable":true,"href":"https:\/\/www.ecofirma.co.ao\/en\/wp-json\/wp\/v2\/comments?post=752"}],"version-history":[{"count":9,"href":"https:\/\/www.ecofirma.co.ao\/en\/wp-json\/wp\/v2\/pages\/752\/revisions"}],"predecessor-version":[{"id":8954,"href":"https:\/\/www.ecofirma.co.ao\/en\/wp-json\/wp\/v2\/pages\/752\/revisions\/8954"}],"wp:attachment":[{"href":"https:\/\/www.ecofirma.co.ao\/en\/wp-json\/wp\/v2\/media?parent=752"}],"curies":[{"name":"wp","href":"https:\/\/api.w.org\/{rel}","templated":true}]}}